{"id":1279,"date":"2019-03-28T07:14:31","date_gmt":"2019-03-28T07:14:31","guid":{"rendered":"http:\/\/konte.uix.store\/elementor\/?page_id=1279"},"modified":"2019-03-28T07:14:31","modified_gmt":"2019-03-28T07:14:31","slug":"categories-page","status":"publish","type":"page","link":"https:\/\/meriah.digitika.com\/?page_id=1279","title":{"rendered":"Categories Page"},"content":{"rendered":"\t\t<div data-elementor-type=\"wp-page\" data-elementor-id=\"1279\" class=\"elementor elementor-1279\">\n\t\t\t\t\t\t<section class=\"elementor-section elementor-top-section elementor-element elementor-element-a48fd37 elementor-section-stretched elementor-section-boxed elementor-section-height-default elementor-section-height-default\" data-id=\"a48fd37\" data-element_type=\"section\" data-e-type=\"section\" data-settings=\"{&quot;stretch_section&quot;:&quot;section-stretched&quot;}\">\n\t\t\t\t\t\t<div class=\"elementor-container elementor-column-gap-custom\">\n\t\t\t\t\t<div class=\"elementor-column elementor-col-50 elementor-top-column elementor-element elementor-element-89c279f\" data-id=\"89c279f\" data-element_type=\"column\" data-e-type=\"column\">\n\t\t\t<div class=\"elementor-widget-wrap elementor-element-populated\">\n\t\t\t\t\t\t<div class=\"elementor-element elementor-element-402eb51 elementor-widget elementor-widget-konte-banner\" data-id=\"402eb51\" data-element_type=\"widget\" data-e-type=\"widget\" data-widget_type=\"konte-banner.default\">\n\t\t\t\t<div class=\"elementor-widget-container\">\n\t\t\t\t\t\t\t<div class=\"konte-banner konte-banner--elementor konte-banner--hover-zoomin konte-banner--content-bottom-left konte-banner--button-visible-hover\">\n\t\t\t\t\t\t\t<a href=\"#\">\n\t\t\t\t\t\t<span class=\"konte-banner__image-wrapper\"><img decoding=\"async\" src=\"https:\/\/ik.imagekit.io\/vn49p9jmnnv7g\/konte\/NewArrivals_lF5b0FpzEx4.jpg\" alt=\"New Arrivals\"><\/span>\n\t\t\t<div class=\"konte-banner__content konte-banner-content--bottom-left\">\n\t\t\t\t\t\t\t\t\t\t\t\t\t<h3 class=\"konte-banner__title konte-banner__text\">New Arrivals<\/h3>\n\t\t\t\t\t\t\t\t\t\t\t\t\t\t\t\t\t<span class=\"konte-banner__button konte-button button-underline medium underline-small underline-\" role=\"button\">Shop Now<\/span>\n\t\t\t\t\t\t\t<\/div>\n\t\t\t\t\t\t\t<\/a>\n\t\t\t\t\t<\/div>\n\t\t\t\t\t\t<\/div>\n\t\t\t\t<\/div>\n\t\t\t\t\t<\/div>\n\t\t<\/div>\n\t\t\t\t<div class=\"elementor-column elementor-col-50 elementor-top-column elementor-element elementor-element-3471bc3\" data-id=\"3471bc3\" data-element_type=\"column\" data-e-type=\"column\">\n\t\t\t<div class=\"elementor-widget-wrap elementor-element-populated\">\n\t\t\t\t\t\t<div class=\"elementor-element elementor-element-fa9eff5 elementor-widget elementor-widget-konte-banner\" data-id=\"fa9eff5\" data-element_type=\"widget\" data-e-type=\"widget\" data-widget_type=\"konte-banner.default\">\n\t\t\t\t<div class=\"elementor-widget-container\">\n\t\t\t\t\t\t\t<div class=\"konte-banner konte-banner--elementor konte-banner--hover-zoomin konte-banner--content-bottom-left konte-banner--button-visible-hover\">\n\t\t\t\t\t\t\t<a href=\"#\">\n\t\t\t\t\t\t<span class=\"konte-banner__image-wrapper\"><img decoding=\"async\" src=\"https:\/\/ik.imagekit.io\/vn49p9jmnnv7g\/konte\/Sale_IO5NInU0bQ.jpg\" alt=\"Sale\"><\/span>\n\t\t\t<div class=\"konte-banner__content konte-banner-content--bottom-left\">\n\t\t\t\t\t\t\t\t\t\t\t\t\t<h3 class=\"konte-banner__title konte-banner__text\">Sale<\/h3>\n\t\t\t\t\t\t\t\t\t\t\t\t\t\t\t\t\t<span class=\"konte-banner__button konte-button button-underline medium underline-small underline-\" role=\"button\">Shop Now<\/span>\n\t\t\t\t\t\t\t<\/div>\n\t\t\t\t\t\t\t<\/a>\n\t\t\t\t\t<\/div>\n\t\t\t\t\t\t<\/div>\n\t\t\t\t<\/div>\n\t\t\t\t\t<\/div>\n\t\t<\/div>\n\t\t\t\t\t<\/div>\n\t\t<\/section>\n\t\t\t\t<section class=\"elementor-section elementor-top-section elementor-element elementor-element-2bce207 elementor-section-stretched elementor-section-boxed elementor-section-height-default elementor-section-height-default\" data-id=\"2bce207\" data-element_type=\"section\" data-e-type=\"section\" data-settings=\"{&quot;stretch_section&quot;:&quot;section-stretched&quot;}\">\n\t\t\t\t\t\t<div class=\"elementor-container elementor-column-gap-custom\">\n\t\t\t\t\t<div class=\"elementor-column elementor-col-33 elementor-top-column elementor-element elementor-element-f8ba2a6\" data-id=\"f8ba2a6\" data-element_type=\"column\" data-e-type=\"column\">\n\t\t\t<div class=\"elementor-widget-wrap elementor-element-populated\">\n\t\t\t\t\t\t<div class=\"elementor-element elementor-element-221975e elementor-widget elementor-widget-konte-banner\" data-id=\"221975e\" data-element_type=\"widget\" data-e-type=\"widget\" data-widget_type=\"konte-banner.default\">\n\t\t\t\t<div class=\"elementor-widget-container\">\n\t\t\t\t\t\t\t<div class=\"konte-banner konte-banner--elementor konte-banner--hover-zoomin konte-banner--content-bottom-left konte-banner--button-visible-hover\">\n\t\t\t\t\t\t\t<a href=\"#\">\n\t\t\t\t\t\t<span class=\"konte-banner__image-wrapper\"><img decoding=\"async\" src=\"https:\/\/ik.imagekit.io\/vn49p9jmnnv7g\/konte\/Dresses_XQttJltzOLA.jpg\" alt=\"Dresses\"><\/span>\n\t\t\t<div class=\"konte-banner__content konte-banner-content--bottom-left\">\n\t\t\t\t\t\t\t\t\t\t\t\t\t<h3 class=\"konte-banner__title konte-banner__text\">Dresses<\/h3>\n\t\t\t\t\t\t\t\t\t\t\t\t\t\t\t\t\t<span class=\"konte-banner__button konte-button button-underline medium underline-small underline-\" role=\"button\">Shop Now<\/span>\n\t\t\t\t\t\t\t<\/div>\n\t\t\t\t\t\t\t<\/a>\n\t\t\t\t\t<\/div>\n\t\t\t\t\t\t<\/div>\n\t\t\t\t<\/div>\n\t\t\t\t\t<\/div>\n\t\t<\/div>\n\t\t\t\t<div class=\"elementor-column elementor-col-33 elementor-top-column elementor-element elementor-element-ba0c820\" data-id=\"ba0c820\" data-element_type=\"column\" data-e-type=\"column\">\n\t\t\t<div class=\"elementor-widget-wrap elementor-element-populated\">\n\t\t\t\t\t\t<div class=\"elementor-element elementor-element-a9fa792 elementor-widget elementor-widget-konte-banner\" data-id=\"a9fa792\" data-element_type=\"widget\" data-e-type=\"widget\" data-widget_type=\"konte-banner.default\">\n\t\t\t\t<div class=\"elementor-widget-container\">\n\t\t\t\t\t\t\t<div class=\"konte-banner konte-banner--elementor konte-banner--hover-zoomin konte-banner--content-bottom-left konte-banner--button-visible-hover\">\n\t\t\t\t\t\t\t<a href=\"#\">\n\t\t\t\t\t\t<span class=\"konte-banner__image-wrapper\"><img decoding=\"async\" src=\"https:\/\/ik.imagekit.io\/vn49p9jmnnv7g\/konte\/Coats_uembS_t9Qf.jpg\" alt=\"Coats &amp; Jackets\"><\/span>\n\t\t\t<div class=\"konte-banner__content konte-banner-content--bottom-left\">\n\t\t\t\t\t\t\t\t\t\t\t\t\t<h3 class=\"konte-banner__title konte-banner__text\">Coats &amp; Jackets<\/h3>\n\t\t\t\t\t\t\t\t\t\t\t\t\t\t\t\t\t<span class=\"konte-banner__button konte-button button-underline medium underline-small underline-\" role=\"button\">Shop Now<\/span>\n\t\t\t\t\t\t\t<\/div>\n\t\t\t\t\t\t\t<\/a>\n\t\t\t\t\t<\/div>\n\t\t\t\t\t\t<\/div>\n\t\t\t\t<\/div>\n\t\t\t\t\t<\/div>\n\t\t<\/div>\n\t\t\t\t<div class=\"elementor-column elementor-col-33 elementor-top-column elementor-element elementor-element-773b975\" data-id=\"773b975\" data-element_type=\"column\" data-e-type=\"column\">\n\t\t\t<div class=\"elementor-widget-wrap elementor-element-populated\">\n\t\t\t\t\t\t<div class=\"elementor-element elementor-element-b0c1802 elementor-widget elementor-widget-konte-banner\" data-id=\"b0c1802\" data-element_type=\"widget\" data-e-type=\"widget\" data-widget_type=\"konte-banner.default\">\n\t\t\t\t<div class=\"elementor-widget-container\">\n\t\t\t\t\t\t\t<div class=\"konte-banner konte-banner--elementor konte-banner--hover-zoomin konte-banner--content-bottom-left konte-banner--button-visible-hover\">\n\t\t\t\t\t\t\t<a href=\"#\">\n\t\t\t\t\t\t<span class=\"konte-banner__image-wrapper\"><img decoding=\"async\" src=\"https:\/\/ik.imagekit.io\/vn49p9jmnnv7g\/konte\/Shirts_YfhBuG1KHSgU.jpg\" alt=\"Shirts\"><\/span>\n\t\t\t<div class=\"konte-banner__content konte-banner-content--bottom-left\">\n\t\t\t\t\t\t\t\t\t\t\t\t\t<h3 class=\"konte-banner__title konte-banner__text\">Shirts<\/h3>\n\t\t\t\t\t\t\t\t\t\t\t\t\t\t\t\t\t<span class=\"konte-banner__button konte-button button-underline medium underline-small underline-\" role=\"button\">Shop Now<\/span>\n\t\t\t\t\t\t\t<\/div>\n\t\t\t\t\t\t\t<\/a>\n\t\t\t\t\t<\/div>\n\t\t\t\t\t\t<\/div>\n\t\t\t\t<\/div>\n\t\t\t\t\t<\/div>\n\t\t<\/div>\n\t\t\t\t\t<\/div>\n\t\t<\/section>\n\t\t\t\t<section class=\"elementor-section elementor-top-section elementor-element elementor-element-60d28ca elementor-section-stretched elementor-section-boxed elementor-section-height-default elementor-section-height-default\" data-id=\"60d28ca\" data-element_type=\"section\" data-e-type=\"section\" data-settings=\"{&quot;stretch_section&quot;:&quot;section-stretched&quot;}\">\n\t\t\t\t\t\t<div class=\"elementor-container elementor-column-gap-custom\">\n\t\t\t\t\t<div class=\"elementor-column elementor-col-33 elementor-top-column elementor-element elementor-element-711bda0\" data-id=\"711bda0\" data-element_type=\"column\" data-e-type=\"column\">\n\t\t\t<div class=\"elementor-widget-wrap elementor-element-populated\">\n\t\t\t\t\t\t<div class=\"elementor-element elementor-element-24b9e73 elementor-widget elementor-widget-konte-banner\" data-id=\"24b9e73\" data-element_type=\"widget\" data-e-type=\"widget\" data-widget_type=\"konte-banner.default\">\n\t\t\t\t<div class=\"elementor-widget-container\">\n\t\t\t\t\t\t\t<div class=\"konte-banner konte-banner--elementor konte-banner--hover-zoomin konte-banner--content-bottom-left konte-banner--button-visible-hover\">\n\t\t\t\t\t\t\t<a href=\"#\">\n\t\t\t\t\t\t<span class=\"konte-banner__image-wrapper\"><img decoding=\"async\" src=\"https:\/\/ik.imagekit.io\/vn49p9jmnnv7g\/konte\/Sweaters_TIjbXhS3BbQ.jpg\" alt=\"Sweaters\"><\/span>\n\t\t\t<div class=\"konte-banner__content konte-banner-content--bottom-left\">\n\t\t\t\t\t\t\t\t\t\t\t\t\t<h3 class=\"konte-banner__title konte-banner__text\">Sweaters<\/h3>\n\t\t\t\t\t\t\t\t\t\t\t\t\t\t\t\t\t<span class=\"konte-banner__button konte-button button-underline medium underline-small underline-\" role=\"button\">Shop Now<\/span>\n\t\t\t\t\t\t\t<\/div>\n\t\t\t\t\t\t\t<\/a>\n\t\t\t\t\t<\/div>\n\t\t\t\t\t\t<\/div>\n\t\t\t\t<\/div>\n\t\t\t\t\t<\/div>\n\t\t<\/div>\n\t\t\t\t<div class=\"elementor-column elementor-col-33 elementor-top-column elementor-element elementor-element-710d7fa\" data-id=\"710d7fa\" data-element_type=\"column\" data-e-type=\"column\">\n\t\t\t<div class=\"elementor-widget-wrap elementor-element-populated\">\n\t\t\t\t\t\t<div class=\"elementor-element elementor-element-d426d10 elementor-widget elementor-widget-konte-banner\" data-id=\"d426d10\" data-element_type=\"widget\" data-e-type=\"widget\" data-widget_type=\"konte-banner.default\">\n\t\t\t\t<div class=\"elementor-widget-container\">\n\t\t\t\t\t\t\t<div class=\"konte-banner konte-banner--elementor konte-banner--hover-zoomin konte-banner--content-bottom-left konte-banner--button-visible-hover\">\n\t\t\t\t\t\t\t<a href=\"#\">\n\t\t\t\t\t\t<span class=\"konte-banner__image-wrapper\"><img decoding=\"async\" src=\"https:\/\/ik.imagekit.io\/vn49p9jmnnv7g\/konte\/Jeans_M7ZtStkgkSeT.jpg\" alt=\"Jeans\"><\/span>\n\t\t\t<div class=\"konte-banner__content konte-banner-content--bottom-left\">\n\t\t\t\t\t\t\t\t\t\t\t\t\t<h3 class=\"konte-banner__title konte-banner__text\">Jeans<\/h3>\n\t\t\t\t\t\t\t\t\t\t\t\t\t\t\t\t\t<span class=\"konte-banner__button konte-button button-underline medium underline-small underline-\" role=\"button\">Shop Now<\/span>\n\t\t\t\t\t\t\t<\/div>\n\t\t\t\t\t\t\t<\/a>\n\t\t\t\t\t<\/div>\n\t\t\t\t\t\t<\/div>\n\t\t\t\t<\/div>\n\t\t\t\t\t<\/div>\n\t\t<\/div>\n\t\t\t\t<div class=\"elementor-column elementor-col-33 elementor-top-column elementor-element elementor-element-b6af962\" data-id=\"b6af962\" data-element_type=\"column\" data-e-type=\"column\">\n\t\t\t<div class=\"elementor-widget-wrap elementor-element-populated\">\n\t\t\t\t\t\t<div class=\"elementor-element elementor-element-3f0ddeb elementor-widget elementor-widget-konte-banner\" data-id=\"3f0ddeb\" data-element_type=\"widget\" data-e-type=\"widget\" data-widget_type=\"konte-banner.default\">\n\t\t\t\t<div class=\"elementor-widget-container\">\n\t\t\t\t\t\t\t<div class=\"konte-banner konte-banner--elementor konte-banner--hover-zoomin konte-banner--content-bottom-left konte-banner--button-visible-hover\">\n\t\t\t\t\t\t\t<a href=\"#\">\n\t\t\t\t\t\t<span class=\"konte-banner__image-wrapper\"><img decoding=\"async\" src=\"https:\/\/ik.imagekit.io\/vn49p9jmnnv7g\/konte\/Shorts_qL__jZGMR-MX.jpg\" alt=\"Shorts\"><\/span>\n\t\t\t<div class=\"konte-banner__content konte-banner-content--bottom-left\">\n\t\t\t\t\t\t\t\t\t\t\t\t\t<h3 class=\"konte-banner__title konte-banner__text\">Shorts<\/h3>\n\t\t\t\t\t\t\t\t\t\t\t\t\t\t\t\t\t<span class=\"konte-banner__button konte-button button-underline medium underline-small underline-\" role=\"button\">Shop Now<\/span>\n\t\t\t\t\t\t\t<\/div>\n\t\t\t\t\t\t\t<\/a>\n\t\t\t\t\t<\/div>\n\t\t\t\t\t\t<\/div>\n\t\t\t\t<\/div>\n\t\t\t\t\t<\/div>\n\t\t<\/div>\n\t\t\t\t\t<\/div>\n\t\t<\/section>\n\t\t\t\t<section class=\"elementor-section elementor-top-section elementor-element elementor-element-c33b811 elementor-section-stretched elementor-section-boxed elementor-section-height-default elementor-section-height-default\" data-id=\"c33b811\" data-element_type=\"section\" data-e-type=\"section\" data-settings=\"{&quot;stretch_section&quot;:&quot;section-stretched&quot;}\">\n\t\t\t\t\t\t<div class=\"elementor-container elementor-column-gap-custom\">\n\t\t\t\t\t<div class=\"elementor-column elementor-col-33 elementor-top-column elementor-element elementor-element-c0a3f90\" data-id=\"c0a3f90\" data-element_type=\"column\" data-e-type=\"column\">\n\t\t\t<div class=\"elementor-widget-wrap elementor-element-populated\">\n\t\t\t\t\t\t<div class=\"elementor-element elementor-element-f5325de elementor-widget elementor-widget-konte-banner\" data-id=\"f5325de\" data-element_type=\"widget\" data-e-type=\"widget\" data-widget_type=\"konte-banner.default\">\n\t\t\t\t<div class=\"elementor-widget-container\">\n\t\t\t\t\t\t\t<div class=\"konte-banner konte-banner--elementor konte-banner--hover-zoomin konte-banner--content-bottom-left konte-banner--button-visible-hover\">\n\t\t\t\t\t\t\t<a href=\"#\">\n\t\t\t\t\t\t<span class=\"konte-banner__image-wrapper\"><img decoding=\"async\" src=\"https:\/\/ik.imagekit.io\/vn49p9jmnnv7g\/konte\/Shoes_-Z08SR3L-KG.jpg\" alt=\"Shoes\"><\/span>\n\t\t\t<div class=\"konte-banner__content konte-banner-content--bottom-left\">\n\t\t\t\t\t\t\t\t\t\t\t\t\t<h3 class=\"konte-banner__title konte-banner__text\">Shoes<\/h3>\n\t\t\t\t\t\t\t\t\t\t\t\t\t\t\t\t\t<span class=\"konte-banner__button konte-button button-underline medium underline-small underline-\" role=\"button\">Shop Now<\/span>\n\t\t\t\t\t\t\t<\/div>\n\t\t\t\t\t\t\t<\/a>\n\t\t\t\t\t<\/div>\n\t\t\t\t\t\t<\/div>\n\t\t\t\t<\/div>\n\t\t\t\t\t<\/div>\n\t\t<\/div>\n\t\t\t\t<div class=\"elementor-column elementor-col-33 elementor-top-column elementor-element elementor-element-6b5b0ab\" data-id=\"6b5b0ab\" data-element_type=\"column\" data-e-type=\"column\">\n\t\t\t<div class=\"elementor-widget-wrap elementor-element-populated\">\n\t\t\t\t\t\t<div class=\"elementor-element elementor-element-8efd362 elementor-widget elementor-widget-konte-banner\" data-id=\"8efd362\" data-element_type=\"widget\" data-e-type=\"widget\" data-widget_type=\"konte-banner.default\">\n\t\t\t\t<div class=\"elementor-widget-container\">\n\t\t\t\t\t\t\t<div class=\"konte-banner konte-banner--elementor konte-banner--hover-zoomin konte-banner--content-bottom-left konte-banner--button-visible-hover\">\n\t\t\t\t\t\t\t<a href=\"#\">\n\t\t\t\t\t\t<span class=\"konte-banner__image-wrapper\"><img decoding=\"async\" src=\"https:\/\/ik.imagekit.io\/vn49p9jmnnv7g\/konte\/Bags_Nuk6PbIDce.jpg\" alt=\"Bags\"><\/span>\n\t\t\t<div class=\"konte-banner__content konte-banner-content--bottom-left\">\n\t\t\t\t\t\t\t\t\t\t\t\t\t<h3 class=\"konte-banner__title konte-banner__text\">Bags<\/h3>\n\t\t\t\t\t\t\t\t\t\t\t\t\t\t\t\t\t<span class=\"konte-banner__button konte-button button-underline medium underline-small underline-\" role=\"button\">Shop Now<\/span>\n\t\t\t\t\t\t\t<\/div>\n\t\t\t\t\t\t\t<\/a>\n\t\t\t\t\t<\/div>\n\t\t\t\t\t\t<\/div>\n\t\t\t\t<\/div>\n\t\t\t\t\t<\/div>\n\t\t<\/div>\n\t\t\t\t<div class=\"elementor-column elementor-col-33 elementor-top-column elementor-element elementor-element-4ce9695\" data-id=\"4ce9695\" data-element_type=\"column\" data-e-type=\"column\">\n\t\t\t<div class=\"elementor-widget-wrap elementor-element-populated\">\n\t\t\t\t\t\t<div class=\"elementor-element elementor-element-809f808 elementor-widget elementor-widget-konte-banner\" data-id=\"809f808\" data-element_type=\"widget\" data-e-type=\"widget\" data-widget_type=\"konte-banner.default\">\n\t\t\t\t<div class=\"elementor-widget-container\">\n\t\t\t\t\t\t\t<div class=\"konte-banner konte-banner--elementor konte-banner--hover-zoomin konte-banner--content-bottom-left konte-banner--button-visible-hover\">\n\t\t\t\t\t\t\t<a href=\"#\">\n\t\t\t\t\t\t<span class=\"konte-banner__image-wrapper\"><img decoding=\"async\" src=\"https:\/\/ik.imagekit.io\/vn49p9jmnnv7g\/konte\/Accessories_OlnyDHpPcLH.jpg\" alt=\"Accessories\"><\/span>\n\t\t\t<div class=\"konte-banner__content konte-banner-content--bottom-left\">\n\t\t\t\t\t\t\t\t\t\t\t\t\t<h3 class=\"konte-banner__title konte-banner__text\">Accessories<\/h3>\n\t\t\t\t\t\t\t\t\t\t\t\t\t\t\t\t\t<span class=\"konte-banner__button konte-button button-underline medium underline-small underline-\" role=\"button\">Shop Now<\/span>\n\t\t\t\t\t\t\t<\/div>\n\t\t\t\t\t\t\t<\/a>\n\t\t\t\t\t<\/div>\n\t\t\t\t\t\t<\/div>\n\t\t\t\t<\/div>\n\t\t\t\t\t<\/div>\n\t\t<\/div>\n\t\t\t\t\t<\/div>\n\t\t<\/section>\n\t\t\t\t<\/div>\n\t\t","protected":false},"excerpt":{"rendered":"<p>New Arrivals Shop Now Sale Shop Now Dresses Shop Now Coats &amp; Jackets Shop Now Shirts Shop Now Sweaters Shop Now Jeans Shop Now Shorts Shop Now Shoes Shop Now&hellip;<\/p>\n","protected":false},"author":1,"featured_media":0,"parent":84,"menu_order":0,"comment_status":"closed","ping_status":"closed","template":"templates\/large-container.php","meta":{"footnotes":""},"class_list":["post-1279","page","type-page","status-publish","hentry"],"yoast_head":"<!-- This site is optimized with the Yoast SEO plugin v27.3 - https:\/\/yoast.com\/product\/yoast-seo-wordpress\/ -->\n<title>Categories Page - Fromagerie Meriah<\/title>\n<meta name=\"robots\" content=\"index, follow, max-snippet:-1, max-image-preview:large, max-video-preview:-1\" \/>\n<link rel=\"canonical\" href=\"https:\/\/meriah.digitika.com\/?page_id=1279\" \/>\n<meta property=\"og:locale\" content=\"en_US\" \/>\n<meta property=\"og:type\" content=\"article\" \/>\n<meta property=\"og:title\" content=\"Categories Page - Fromagerie Meriah\" \/>\n<meta property=\"og:description\" content=\"New Arrivals Shop Now Sale Shop Now Dresses Shop Now Coats &amp; Jackets Shop Now Shirts Shop Now Sweaters Shop Now Jeans Shop Now Shorts Shop Now Shoes Shop Now&hellip;\" \/>\n<meta property=\"og:url\" content=\"https:\/\/meriah.digitika.com\/?page_id=1279\" \/>\n<meta property=\"og:site_name\" content=\"Fromagerie Meriah\" \/>\n<meta property=\"og:image\" content=\"https:\/\/ik.imagekit.io\/vn49p9jmnnv7g\/konte\/NewArrivals_lF5b0FpzEx4.jpg\" \/>\n<meta name=\"twitter:card\" content=\"summary_large_image\" \/>\n<script type=\"application\/ld+json\" class=\"yoast-schema-graph\">{\"@context\":\"https:\\\/\\\/schema.org\",\"@graph\":[{\"@type\":\"WebPage\",\"@id\":\"https:\\\/\\\/meriah.digitika.com\\\/?page_id=1279\",\"url\":\"https:\\\/\\\/meriah.digitika.com\\\/?page_id=1279\",\"name\":\"Categories Page - Fromagerie Meriah\",\"isPartOf\":{\"@id\":\"https:\\\/\\\/meriah.digitika.com\\\/#website\"},\"primaryImageOfPage\":{\"@id\":\"https:\\\/\\\/meriah.digitika.com\\\/?page_id=1279#primaryimage\"},\"image\":{\"@id\":\"https:\\\/\\\/meriah.digitika.com\\\/?page_id=1279#primaryimage\"},\"thumbnailUrl\":\"https:\\\/\\\/ik.imagekit.io\\\/vn49p9jmnnv7g\\\/konte\\\/NewArrivals_lF5b0FpzEx4.jpg\",\"datePublished\":\"2019-03-28T07:14:31+00:00\",\"breadcrumb\":{\"@id\":\"https:\\\/\\\/meriah.digitika.com\\\/?page_id=1279#breadcrumb\"},\"inLanguage\":\"en-US\",\"potentialAction\":[{\"@type\":\"ReadAction\",\"target\":[\"https:\\\/\\\/meriah.digitika.com\\\/?page_id=1279\"]}]},{\"@type\":\"ImageObject\",\"inLanguage\":\"en-US\",\"@id\":\"https:\\\/\\\/meriah.digitika.com\\\/?page_id=1279#primaryimage\",\"url\":\"https:\\\/\\\/ik.imagekit.io\\\/vn49p9jmnnv7g\\\/konte\\\/NewArrivals_lF5b0FpzEx4.jpg\",\"contentUrl\":\"https:\\\/\\\/ik.imagekit.io\\\/vn49p9jmnnv7g\\\/konte\\\/NewArrivals_lF5b0FpzEx4.jpg\"},{\"@type\":\"BreadcrumbList\",\"@id\":\"https:\\\/\\\/meriah.digitika.com\\\/?page_id=1279#breadcrumb\",\"itemListElement\":[{\"@type\":\"ListItem\",\"position\":1,\"name\":\"Home\",\"item\":\"https:\\\/\\\/meriah.digitika.com\\\/\"},{\"@type\":\"ListItem\",\"position\":2,\"name\":\"Shop\",\"item\":\"https:\\\/\\\/meriah.digitika.com\\\/?page_id=84\"},{\"@type\":\"ListItem\",\"position\":3,\"name\":\"Categories Page\"}]},{\"@type\":\"WebSite\",\"@id\":\"https:\\\/\\\/meriah.digitika.com\\\/#website\",\"url\":\"https:\\\/\\\/meriah.digitika.com\\\/\",\"name\":\"Fromagerie Meriah\",\"description\":\"Cr\u00e9e en 1997, par Mr Lotfi Meriah, la fromagerie Meriah est connue par ses produits faits \u00e0 100% de lait de ferme, fabriqu\u00e9s par Tunifrom. \",\"publisher\":{\"@id\":\"https:\\\/\\\/meriah.digitika.com\\\/#organization\"},\"potentialAction\":[{\"@type\":\"SearchAction\",\"target\":{\"@type\":\"EntryPoint\",\"urlTemplate\":\"https:\\\/\\\/meriah.digitika.com\\\/?s={search_term_string}\"},\"query-input\":{\"@type\":\"PropertyValueSpecification\",\"valueRequired\":true,\"valueName\":\"search_term_string\"}}],\"inLanguage\":\"en-US\"},{\"@type\":\"Organization\",\"@id\":\"https:\\\/\\\/meriah.digitika.com\\\/#organization\",\"name\":\"Fromagerie Meriah\",\"url\":\"https:\\\/\\\/meriah.digitika.com\\\/\",\"logo\":{\"@type\":\"ImageObject\",\"inLanguage\":\"en-US\",\"@id\":\"https:\\\/\\\/meriah.digitika.com\\\/#\\\/schema\\\/logo\\\/image\\\/\",\"url\":\"https:\\\/\\\/meriah.digitika.com\\\/wp-content\\\/uploads\\\/2026\\\/04\\\/newyork-logo-1586819150.png\",\"contentUrl\":\"https:\\\/\\\/meriah.digitika.com\\\/wp-content\\\/uploads\\\/2026\\\/04\\\/newyork-logo-1586819150.png\",\"width\":842,\"height\":595,\"caption\":\"Fromagerie Meriah\"},\"image\":{\"@id\":\"https:\\\/\\\/meriah.digitika.com\\\/#\\\/schema\\\/logo\\\/image\\\/\"}}]}<\/script>\n<!-- \/ Yoast SEO plugin. -->","yoast_head_json":{"title":"Categories Page - Fromagerie Meriah","robots":{"index":"index","follow":"follow","max-snippet":"max-snippet:-1","max-image-preview":"max-image-preview:large","max-video-preview":"max-video-preview:-1"},"canonical":"https:\/\/meriah.digitika.com\/?page_id=1279","og_locale":"en_US","og_type":"article","og_title":"Categories Page - Fromagerie Meriah","og_description":"New Arrivals Shop Now Sale Shop Now Dresses Shop Now Coats &amp; Jackets Shop Now Shirts Shop Now Sweaters Shop Now Jeans Shop Now Shorts Shop Now Shoes Shop Now&hellip;","og_url":"https:\/\/meriah.digitika.com\/?page_id=1279","og_site_name":"Fromagerie Meriah","og_image":[{"url":"https:\/\/ik.imagekit.io\/vn49p9jmnnv7g\/konte\/NewArrivals_lF5b0FpzEx4.jpg","type":"","width":"","height":""}],"twitter_card":"summary_large_image","schema":{"@context":"https:\/\/schema.org","@graph":[{"@type":"WebPage","@id":"https:\/\/meriah.digitika.com\/?page_id=1279","url":"https:\/\/meriah.digitika.com\/?page_id=1279","name":"Categories Page - Fromagerie Meriah","isPartOf":{"@id":"https:\/\/meriah.digitika.com\/#website"},"primaryImageOfPage":{"@id":"https:\/\/meriah.digitika.com\/?page_id=1279#primaryimage"},"image":{"@id":"https:\/\/meriah.digitika.com\/?page_id=1279#primaryimage"},"thumbnailUrl":"https:\/\/ik.imagekit.io\/vn49p9jmnnv7g\/konte\/NewArrivals_lF5b0FpzEx4.jpg","datePublished":"2019-03-28T07:14:31+00:00","breadcrumb":{"@id":"https:\/\/meriah.digitika.com\/?page_id=1279#breadcrumb"},"inLanguage":"en-US","potentialAction":[{"@type":"ReadAction","target":["https:\/\/meriah.digitika.com\/?page_id=1279"]}]},{"@type":"ImageObject","inLanguage":"en-US","@id":"https:\/\/meriah.digitika.com\/?page_id=1279#primaryimage","url":"https:\/\/ik.imagekit.io\/vn49p9jmnnv7g\/konte\/NewArrivals_lF5b0FpzEx4.jpg","contentUrl":"https:\/\/ik.imagekit.io\/vn49p9jmnnv7g\/konte\/NewArrivals_lF5b0FpzEx4.jpg"},{"@type":"BreadcrumbList","@id":"https:\/\/meriah.digitika.com\/?page_id=1279#breadcrumb","itemListElement":[{"@type":"ListItem","position":1,"name":"Home","item":"https:\/\/meriah.digitika.com\/"},{"@type":"ListItem","position":2,"name":"Shop","item":"https:\/\/meriah.digitika.com\/?page_id=84"},{"@type":"ListItem","position":3,"name":"Categories Page"}]},{"@type":"WebSite","@id":"https:\/\/meriah.digitika.com\/#website","url":"https:\/\/meriah.digitika.com\/","name":"Fromagerie Meriah","description":"Cr\u00e9e en 1997, par Mr Lotfi Meriah, la fromagerie Meriah est connue par ses produits faits \u00e0 100% de lait de ferme, fabriqu\u00e9s par Tunifrom. ","publisher":{"@id":"https:\/\/meriah.digitika.com\/#organization"},"potentialAction":[{"@type":"SearchAction","target":{"@type":"EntryPoint","urlTemplate":"https:\/\/meriah.digitika.com\/?s={search_term_string}"},"query-input":{"@type":"PropertyValueSpecification","valueRequired":true,"valueName":"search_term_string"}}],"inLanguage":"en-US"},{"@type":"Organization","@id":"https:\/\/meriah.digitika.com\/#organization","name":"Fromagerie Meriah","url":"https:\/\/meriah.digitika.com\/","logo":{"@type":"ImageObject","inLanguage":"en-US","@id":"https:\/\/meriah.digitika.com\/#\/schema\/logo\/image\/","url":"https:\/\/meriah.digitika.com\/wp-content\/uploads\/2026\/04\/newyork-logo-1586819150.png","contentUrl":"https:\/\/meriah.digitika.com\/wp-content\/uploads\/2026\/04\/newyork-logo-1586819150.png","width":842,"height":595,"caption":"Fromagerie Meriah"},"image":{"@id":"https:\/\/meriah.digitika.com\/#\/schema\/logo\/image\/"}}]}},"_links":{"self":[{"href":"https:\/\/meriah.digitika.com\/index.php?rest_route=\/wp\/v2\/pages\/1279","targetHints":{"allow":["GET"]}}],"collection":[{"href":"https:\/\/meriah.digitika.com\/index.php?rest_route=\/wp\/v2\/pages"}],"about":[{"href":"https:\/\/meriah.digitika.com\/index.php?rest_route=\/wp\/v2\/types\/page"}],"author":[{"embeddable":true,"href":"https:\/\/meriah.digitika.com\/index.php?rest_route=\/wp\/v2\/users\/1"}],"replies":[{"embeddable":true,"href":"https:\/\/meriah.digitika.com\/index.php?rest_route=%2Fwp%2Fv2%2Fcomments&post=1279"}],"version-history":[{"count":0,"href":"https:\/\/meriah.digitika.com\/index.php?rest_route=\/wp\/v2\/pages\/1279\/revisions"}],"up":[{"embeddable":true,"href":"https:\/\/meriah.digitika.com\/index.php?rest_route=\/wp\/v2\/pages\/84"}],"wp:attachment":[{"href":"https:\/\/meriah.digitika.com\/index.php?rest_route=%2Fwp%2Fv2%2Fmedia&parent=1279"}],"curies":[{"name":"wp","href":"https:\/\/api.w.org\/{rel}","templated":true}]}}