{"id":559,"date":"2018-09-10T08:48:18","date_gmt":"2018-09-10T08:48:18","guid":{"rendered":"http:\/\/konte.uix.store\/elementor\/?page_id=559"},"modified":"2018-09-10T08:48:18","modified_gmt":"2018-09-10T08:48:18","slug":"footer","status":"publish","type":"page","link":"https:\/\/meriah.digitika.com\/?page_id=559","title":{"rendered":"Footer"},"content":{"rendered":"<p>[vc_row][vc_column width=&#8221;2\/3&#8243; offset=&#8221;vc_col-sm-offset-2&#8243;][vc_column_text]<\/p>\n<p style=\"text-align: center;\">Konte has many options to help you build the site footer in the easiest way. It supports widgets, menu, Instagram feed, social icons, etc on the footer. You can change the order of them, set the background, the text color or disable unused sections you don&#8217;t want to use.<\/p>\n<p>[\/vc_column_text][\/vc_column][\/vc_row][vc_row][vc_column][vc_single_image source=&#8221;external_link&#8221; external_img_size=&#8221;full&#8221; alignment=&#8221;center&#8221; css_animation=&#8221;fadeIn&#8221; custom_src=&#8221;http:\/\/konte.uix.store\/elementor\/demo-images\/footers.jpg&#8221;][\/vc_column][\/vc_row][vc_row][vc_column][vc_empty_space height=&#8221;60px&#8221;][vc_custom_heading text=&#8221;Unlimited Footers&#8221; font_container=&#8221;tag:h2|text_align:center&#8221; use_theme_fonts=&#8221;yes&#8221; css=&#8221;.vc_custom_1536568270338{margin-bottom: 20px !important;}&#8221;][vc_column_text]<\/p>\n<p style=\"text-align: center;\">Konte gives you the full control of your site footer. You can find all options in Customize &gt; Footer.<\/p>\n<p>[\/vc_column_text][\/vc_column][\/vc_row][vc_row gap=&#8221;60&#8243;][vc_column width=&#8221;1\/2&#8243;]<div class=\"konte-icon-box icon-type-external box-align-left  \">\n\t\t\t\t<div class=\"konte-icon-box__icon\"><\/div>\n\t\t\t\t<h4 class=\"konte-icon-box__title\" >Order Footer Sections<\/h4>\n\t\t\t\t<div class=\"konte-icon-box__content\">Just drag and drop then you will have the footer layout\u00a0you wish to have. Besides, you can also disable any section. Like the header, the Footer Main section has 3 columns that you can add elements to build your own footer.<\/div>\n\t\t\t<\/div>[\/vc_column][vc_column width=&#8221;1\/2&#8243;]<div class=\"konte-icon-box icon-type-external box-align-left  \">\n\t\t\t\t<div class=\"konte-icon-box__icon\"><\/div>\n\t\t\t\t<h4 class=\"konte-icon-box__title\" >Footer Background<\/h4>\n\t\t\t\t<div class=\"konte-icon-box__content\">Konte has options to change the background of the footer. Along with it, you can change the text color of the site footer.<\/div>\n\t\t\t<\/div>[\/vc_column][\/vc_row][vc_row gap=&#8221;60&#8243;][vc_column width=&#8221;1\/2&#8243;]<div class=\"konte-icon-box icon-type-external box-align-left  \">\n\t\t\t\t<div class=\"konte-icon-box__icon\"><\/div>\n\t\t\t\t<h4 class=\"konte-icon-box__title\" >Footer Widgets<\/h4>\n\t\t\t\t<div class=\"konte-icon-box__content\">Basically, Konte must supports widget on your footer. You can add anything to your footer to promote your products, help people\u00a0access your website pages easier, etc. You can also select the number of columns for the Footer Widget section.<\/div>\n\t\t\t<\/div>[\/vc_column][vc_column width=&#8221;1\/2&#8243;]<div class=\"konte-icon-box icon-type-external box-align-left  \">\n\t\t\t\t<div class=\"konte-icon-box__icon\"><\/div>\n\t\t\t\t<h4 class=\"konte-icon-box__title\" >Custom Content<\/h4>\n\t\t\t\t<div class=\"konte-icon-box__content\">Another basic thing you should have with Konte. It helps you add anything you want to your site footer. On our demo site, we use it to add the subscribe form to the footer.<\/div>\n\t\t\t<\/div>[\/vc_column][\/vc_row][vc_row gap=&#8221;60&#8243;][vc_column width=&#8221;1\/2&#8243;]<div class=\"konte-icon-box icon-type-external box-align-left  \">\n\t\t\t\t<div class=\"konte-icon-box__icon\"><\/div>\n\t\t\t\t<h4 class=\"konte-icon-box__title\" >Social Icons<\/h4>\n\t\t\t\t<div class=\"konte-icon-box__content\">Konte supports to display social icons on the footer. It is very easy to these icons to your footer with the friendly interface of the WordPress Menu system. You don&#8217;t need to looking for the icon, just paste the URL of your social channel, Konte will know what the icon should be used.<\/div>\n\t\t\t<\/div>[\/vc_column][vc_column width=&#8221;1\/2&#8243;]<div class=\"konte-icon-box icon-type-external box-align-left  \">\n\t\t\t\t<div class=\"konte-icon-box__icon\"><\/div>\n\t\t\t\t<h4 class=\"konte-icon-box__title\" >And More<\/h4>\n\t\t\t\t<div class=\"konte-icon-box__content\">Copyright, footer menu, language switcher, currency switcher, custom text, etc. There are many things you could place on your website&#8217;s footer.<\/div>\n\t\t\t<\/div>[\/vc_column][\/vc_row]<\/p>\n","protected":false},"excerpt":{"rendered":"<p>[vc_row][vc_column width=&#8221;2\/3&#8243; offset=&#8221;vc_col-sm-offset-2&#8243;][vc_column_text] Konte has many options to help you build the site footer in the easiest way. It supports widgets, menu, Instagram feed, social icons, etc on the footer.&hellip;<\/p>\n","protected":false},"author":1,"featured_media":0,"parent":0,"menu_order":0,"comment_status":"closed","ping_status":"closed","template":"","meta":{"footnotes":""},"class_list":["post-559","page","type-page","status-publish","hentry"],"yoast_head":"<!-- This site is optimized with the Yoast SEO plugin v27.3 - https:\/\/yoast.com\/product\/yoast-seo-wordpress\/ -->\n<title>Footer - Fromagerie Meriah<\/title>\n<meta name=\"robots\" content=\"index, follow, max-snippet:-1, max-image-preview:large, max-video-preview:-1\" \/>\n<link rel=\"canonical\" href=\"https:\/\/meriah.digitika.com\/?page_id=559\" \/>\n<meta property=\"og:locale\" content=\"en_US\" \/>\n<meta property=\"og:type\" content=\"article\" \/>\n<meta property=\"og:title\" content=\"Footer - Fromagerie Meriah\" \/>\n<meta property=\"og:description\" content=\"[vc_row][vc_column width=&#8221;2\/3&#8243; offset=&#8221;vc_col-sm-offset-2&#8243;][vc_column_text] Konte has many options to help you build the site footer in the easiest way. It supports widgets, menu, Instagram feed, social icons, etc on the footer.&hellip;\" \/>\n<meta property=\"og:url\" content=\"https:\/\/meriah.digitika.com\/?page_id=559\" \/>\n<meta property=\"og:site_name\" content=\"Fromagerie Meriah\" \/>\n<meta name=\"twitter:card\" content=\"summary_large_image\" \/>\n<meta name=\"twitter:label1\" content=\"Est. reading time\" \/>\n\t<meta name=\"twitter:data1\" content=\"2 minutes\" \/>\n<script type=\"application\/ld+json\" class=\"yoast-schema-graph\">{\"@context\":\"https:\\\/\\\/schema.org\",\"@graph\":[{\"@type\":\"WebPage\",\"@id\":\"https:\\\/\\\/meriah.digitika.com\\\/?page_id=559\",\"url\":\"https:\\\/\\\/meriah.digitika.com\\\/?page_id=559\",\"name\":\"Footer - Fromagerie Meriah\",\"isPartOf\":{\"@id\":\"https:\\\/\\\/meriah.digitika.com\\\/#website\"},\"datePublished\":\"2018-09-10T08:48:18+00:00\",\"breadcrumb\":{\"@id\":\"https:\\\/\\\/meriah.digitika.com\\\/?page_id=559#breadcrumb\"},\"inLanguage\":\"en-US\",\"potentialAction\":[{\"@type\":\"ReadAction\",\"target\":[\"https:\\\/\\\/meriah.digitika.com\\\/?page_id=559\"]}]},{\"@type\":\"BreadcrumbList\",\"@id\":\"https:\\\/\\\/meriah.digitika.com\\\/?page_id=559#breadcrumb\",\"itemListElement\":[{\"@type\":\"ListItem\",\"position\":1,\"name\":\"Home\",\"item\":\"https:\\\/\\\/meriah.digitika.com\\\/\"},{\"@type\":\"ListItem\",\"position\":2,\"name\":\"Footer\"}]},{\"@type\":\"WebSite\",\"@id\":\"https:\\\/\\\/meriah.digitika.com\\\/#website\",\"url\":\"https:\\\/\\\/meriah.digitika.com\\\/\",\"name\":\"Fromagerie Meriah\",\"description\":\"Cr\u00e9e en 1997, par Mr Lotfi Meriah, la fromagerie Meriah est connue par ses produits faits \u00e0 100% de lait de ferme, fabriqu\u00e9s par Tunifrom. \",\"publisher\":{\"@id\":\"https:\\\/\\\/meriah.digitika.com\\\/#organization\"},\"potentialAction\":[{\"@type\":\"SearchAction\",\"target\":{\"@type\":\"EntryPoint\",\"urlTemplate\":\"https:\\\/\\\/meriah.digitika.com\\\/?s={search_term_string}\"},\"query-input\":{\"@type\":\"PropertyValueSpecification\",\"valueRequired\":true,\"valueName\":\"search_term_string\"}}],\"inLanguage\":\"en-US\"},{\"@type\":\"Organization\",\"@id\":\"https:\\\/\\\/meriah.digitika.com\\\/#organization\",\"name\":\"Fromagerie Meriah\",\"url\":\"https:\\\/\\\/meriah.digitika.com\\\/\",\"logo\":{\"@type\":\"ImageObject\",\"inLanguage\":\"en-US\",\"@id\":\"https:\\\/\\\/meriah.digitika.com\\\/#\\\/schema\\\/logo\\\/image\\\/\",\"url\":\"https:\\\/\\\/meriah.digitika.com\\\/wp-content\\\/uploads\\\/2026\\\/04\\\/newyork-logo-1586819150.png\",\"contentUrl\":\"https:\\\/\\\/meriah.digitika.com\\\/wp-content\\\/uploads\\\/2026\\\/04\\\/newyork-logo-1586819150.png\",\"width\":842,\"height\":595,\"caption\":\"Fromagerie Meriah\"},\"image\":{\"@id\":\"https:\\\/\\\/meriah.digitika.com\\\/#\\\/schema\\\/logo\\\/image\\\/\"}}]}<\/script>\n<!-- \/ Yoast SEO plugin. -->","yoast_head_json":{"title":"Footer - Fromagerie Meriah","robots":{"index":"index","follow":"follow","max-snippet":"max-snippet:-1","max-image-preview":"max-image-preview:large","max-video-preview":"max-video-preview:-1"},"canonical":"https:\/\/meriah.digitika.com\/?page_id=559","og_locale":"en_US","og_type":"article","og_title":"Footer - Fromagerie Meriah","og_description":"[vc_row][vc_column width=&#8221;2\/3&#8243; offset=&#8221;vc_col-sm-offset-2&#8243;][vc_column_text] Konte has many options to help you build the site footer in the easiest way. It supports widgets, menu, Instagram feed, social icons, etc on the footer.&hellip;","og_url":"https:\/\/meriah.digitika.com\/?page_id=559","og_site_name":"Fromagerie Meriah","twitter_card":"summary_large_image","twitter_misc":{"Est. reading time":"2 minutes"},"schema":{"@context":"https:\/\/schema.org","@graph":[{"@type":"WebPage","@id":"https:\/\/meriah.digitika.com\/?page_id=559","url":"https:\/\/meriah.digitika.com\/?page_id=559","name":"Footer - Fromagerie Meriah","isPartOf":{"@id":"https:\/\/meriah.digitika.com\/#website"},"datePublished":"2018-09-10T08:48:18+00:00","breadcrumb":{"@id":"https:\/\/meriah.digitika.com\/?page_id=559#breadcrumb"},"inLanguage":"en-US","potentialAction":[{"@type":"ReadAction","target":["https:\/\/meriah.digitika.com\/?page_id=559"]}]},{"@type":"BreadcrumbList","@id":"https:\/\/meriah.digitika.com\/?page_id=559#breadcrumb","itemListElement":[{"@type":"ListItem","position":1,"name":"Home","item":"https:\/\/meriah.digitika.com\/"},{"@type":"ListItem","position":2,"name":"Footer"}]},{"@type":"WebSite","@id":"https:\/\/meriah.digitika.com\/#website","url":"https:\/\/meriah.digitika.com\/","name":"Fromagerie Meriah","description":"Cr\u00e9e en 1997, par Mr Lotfi Meriah, la fromagerie Meriah est connue par ses produits faits \u00e0 100% de lait de ferme, fabriqu\u00e9s par Tunifrom. ","publisher":{"@id":"https:\/\/meriah.digitika.com\/#organization"},"potentialAction":[{"@type":"SearchAction","target":{"@type":"EntryPoint","urlTemplate":"https:\/\/meriah.digitika.com\/?s={search_term_string}"},"query-input":{"@type":"PropertyValueSpecification","valueRequired":true,"valueName":"search_term_string"}}],"inLanguage":"en-US"},{"@type":"Organization","@id":"https:\/\/meriah.digitika.com\/#organization","name":"Fromagerie Meriah","url":"https:\/\/meriah.digitika.com\/","logo":{"@type":"ImageObject","inLanguage":"en-US","@id":"https:\/\/meriah.digitika.com\/#\/schema\/logo\/image\/","url":"https:\/\/meriah.digitika.com\/wp-content\/uploads\/2026\/04\/newyork-logo-1586819150.png","contentUrl":"https:\/\/meriah.digitika.com\/wp-content\/uploads\/2026\/04\/newyork-logo-1586819150.png","width":842,"height":595,"caption":"Fromagerie Meriah"},"image":{"@id":"https:\/\/meriah.digitika.com\/#\/schema\/logo\/image\/"}}]}},"_links":{"self":[{"href":"https:\/\/meriah.digitika.com\/index.php?rest_route=\/wp\/v2\/pages\/559","targetHints":{"allow":["GET"]}}],"collection":[{"href":"https:\/\/meriah.digitika.com\/index.php?rest_route=\/wp\/v2\/pages"}],"about":[{"href":"https:\/\/meriah.digitika.com\/index.php?rest_route=\/wp\/v2\/types\/page"}],"author":[{"embeddable":true,"href":"https:\/\/meriah.digitika.com\/index.php?rest_route=\/wp\/v2\/users\/1"}],"replies":[{"embeddable":true,"href":"https:\/\/meriah.digitika.com\/index.php?rest_route=%2Fwp%2Fv2%2Fcomments&post=559"}],"version-history":[{"count":0,"href":"https:\/\/meriah.digitika.com\/index.php?rest_route=\/wp\/v2\/pages\/559\/revisions"}],"wp:attachment":[{"href":"https:\/\/meriah.digitika.com\/index.php?rest_route=%2Fwp%2Fv2%2Fmedia&parent=559"}],"curies":[{"name":"wp","href":"https:\/\/api.w.org\/{rel}","templated":true}]}}