{"id":569,"date":"2018-09-10T09:19:28","date_gmt":"2018-09-10T09:19:28","guid":{"rendered":"http:\/\/konte.uix.store\/elementor\/?page_id=569"},"modified":"2018-09-10T09:19:28","modified_gmt":"2018-09-10T09:19:28","slug":"footer-v3","status":"publish","type":"page","link":"https:\/\/meriah.digitika.com\/?page_id=569","title":{"rendered":"Footer v3"},"content":{"rendered":"\t\t<div data-elementor-type=\"wp-page\" data-elementor-id=\"569\" class=\"elementor elementor-569\">\n\t\t\t\t\t\t<section class=\"elementor-section elementor-top-section elementor-element elementor-element-6e85cbf elementor-section-boxed elementor-section-height-default elementor-section-height-default\" data-id=\"6e85cbf\" data-element_type=\"section\" data-e-type=\"section\">\n\t\t\t\t\t\t<div class=\"elementor-container elementor-column-gap-default\">\n\t\t\t\t\t<div class=\"elementor-column elementor-col-100 elementor-top-column elementor-element elementor-element-4b066e7\" data-id=\"4b066e7\" data-element_type=\"column\" data-e-type=\"column\">\n\t\t\t<div class=\"elementor-widget-wrap elementor-element-populated\">\n\t\t\t\t\t\t<div class=\"elementor-element elementor-element-9f50497 elementor-widget elementor-widget-text-editor\" data-id=\"9f50497\" data-element_type=\"widget\" data-e-type=\"widget\" data-widget_type=\"text-editor.default\">\n\t\t\t\t\t\t\t\t\t<p>Footer V3 is a sample of what you can build with Konte footer options. In this layout, we keep the main section, custom content section, footer widgets and disable the Instagram feeds.<\/p><p>The footer extra section is used to display the subscription form. The footer widgets area is used to display custom links to useful pages. In the footer main section, we place the copyright info and social icons in the left column; switchers and custom content (for supported payment methods image) in the right column.<\/p>\t\t\t\t\t\t\t\t<\/div>\n\t\t\t\t\t<\/div>\n\t\t<\/div>\n\t\t\t\t\t<\/div>\n\t\t<\/section>\n\t\t\t\t<section class=\"elementor-section elementor-top-section elementor-element elementor-element-30e5f30 elementor-section-boxed elementor-section-height-default elementor-section-height-default elementor-invisible\" data-id=\"30e5f30\" data-element_type=\"section\" data-e-type=\"section\" data-settings=\"{&quot;animation&quot;:&quot;fadeIn&quot;,&quot;animation_delay&quot;:300}\">\n\t\t\t\t\t\t<div class=\"elementor-container elementor-column-gap-no\">\n\t\t\t\t\t<div class=\"elementor-column elementor-col-100 elementor-top-column elementor-element elementor-element-275e6bc\" data-id=\"275e6bc\" data-element_type=\"column\" data-e-type=\"column\">\n\t\t\t<div class=\"elementor-widget-wrap elementor-element-populated\">\n\t\t\t\t\t\t<div class=\"elementor-element elementor-element-702d8f4 elementor-widget elementor-widget-text-editor\" data-id=\"702d8f4\" data-element_type=\"widget\" data-e-type=\"widget\" data-widget_type=\"text-editor.default\">\n\t\t\t\t\t\t\t\t\t<img decoding=\"async\" src=\"https:\/\/i2.wp.com\/konte.uix.store\/demo-images\/footer-v3.jpg?w=1400\" alt=\"Footer v3\">\t\t\t\t\t\t\t\t<\/div>\n\t\t\t\t\t<\/div>\n\t\t<\/div>\n\t\t\t\t\t<\/div>\n\t\t<\/section>\n\t\t\t\t<section class=\"elementor-section elementor-top-section elementor-element elementor-element-c0bcb1e elementor-section-boxed elementor-section-height-default elementor-section-height-default\" data-id=\"c0bcb1e\" data-element_type=\"section\" data-e-type=\"section\">\n\t\t\t\t\t\t<div class=\"elementor-container elementor-column-gap-default\">\n\t\t\t\t\t<div class=\"elementor-column elementor-col-100 elementor-top-column elementor-element elementor-element-e6dfbfd\" data-id=\"e6dfbfd\" data-element_type=\"column\" data-e-type=\"column\">\n\t\t\t<div class=\"elementor-widget-wrap elementor-element-populated\">\n\t\t\t\t\t\t<div class=\"elementor-element elementor-element-473fdac elementor-widget elementor-widget-text-editor\" data-id=\"473fdac\" data-element_type=\"widget\" data-e-type=\"widget\" data-widget_type=\"text-editor.default\">\n\t\t\t\t\t\t\t\t\tAnd remember that you can always change the footer background, text color, as well as the container width of the footer in the Customizer.\t\t\t\t\t\t\t\t<\/div>\n\t\t\t\t\t<\/div>\n\t\t<\/div>\n\t\t\t\t\t<\/div>\n\t\t<\/section>\n\t\t\t\t<\/div>\n\t\t","protected":false},"excerpt":{"rendered":"<p>Footer V3 is a sample of what you can build with Konte footer options. In this layout, we keep the main section, custom content section, footer widgets and disable the&hellip;<\/p>\n","protected":false},"author":1,"featured_media":0,"parent":559,"menu_order":0,"comment_status":"closed","ping_status":"closed","template":"","meta":{"footnotes":""},"class_list":["post-569","page","type-page","status-publish","hentry"],"yoast_head":"<!-- This site is optimized with the Yoast SEO plugin v27.3 - https:\/\/yoast.com\/product\/yoast-seo-wordpress\/ -->\n<title>Footer v3 - Fromagerie Meriah<\/title>\n<meta name=\"robots\" content=\"index, follow, max-snippet:-1, max-image-preview:large, max-video-preview:-1\" \/>\n<link rel=\"canonical\" href=\"https:\/\/meriah.digitika.com\/?page_id=569\" \/>\n<meta property=\"og:locale\" content=\"en_US\" \/>\n<meta property=\"og:type\" content=\"article\" \/>\n<meta property=\"og:title\" content=\"Footer v3 - Fromagerie Meriah\" \/>\n<meta property=\"og:description\" content=\"Footer V3 is a sample of what you can build with Konte footer options. In this layout, we keep the main section, custom content section, footer widgets and disable the&hellip;\" \/>\n<meta property=\"og:url\" content=\"https:\/\/meriah.digitika.com\/?page_id=569\" \/>\n<meta property=\"og:site_name\" content=\"Fromagerie Meriah\" \/>\n<meta property=\"og:image\" content=\"https:\/\/i2.wp.com\/konte.uix.store\/demo-images\/footer-v3.jpg?w=1400\" \/>\n<meta name=\"twitter:card\" content=\"summary_large_image\" \/>\n<meta name=\"twitter:label1\" content=\"Est. reading time\" \/>\n\t<meta name=\"twitter:data1\" content=\"1 minute\" \/>\n<script type=\"application\/ld+json\" class=\"yoast-schema-graph\">{\"@context\":\"https:\\\/\\\/schema.org\",\"@graph\":[{\"@type\":\"WebPage\",\"@id\":\"https:\\\/\\\/meriah.digitika.com\\\/?page_id=569\",\"url\":\"https:\\\/\\\/meriah.digitika.com\\\/?page_id=569\",\"name\":\"Footer v3 - Fromagerie Meriah\",\"isPartOf\":{\"@id\":\"https:\\\/\\\/meriah.digitika.com\\\/#website\"},\"primaryImageOfPage\":{\"@id\":\"https:\\\/\\\/meriah.digitika.com\\\/?page_id=569#primaryimage\"},\"image\":{\"@id\":\"https:\\\/\\\/meriah.digitika.com\\\/?page_id=569#primaryimage\"},\"thumbnailUrl\":\"https:\\\/\\\/i2.wp.com\\\/konte.uix.store\\\/demo-images\\\/footer-v3.jpg?w=1400\",\"datePublished\":\"2018-09-10T09:19:28+00:00\",\"breadcrumb\":{\"@id\":\"https:\\\/\\\/meriah.digitika.com\\\/?page_id=569#breadcrumb\"},\"inLanguage\":\"en-US\",\"potentialAction\":[{\"@type\":\"ReadAction\",\"target\":[\"https:\\\/\\\/meriah.digitika.com\\\/?page_id=569\"]}]},{\"@type\":\"ImageObject\",\"inLanguage\":\"en-US\",\"@id\":\"https:\\\/\\\/meriah.digitika.com\\\/?page_id=569#primaryimage\",\"url\":\"https:\\\/\\\/i2.wp.com\\\/konte.uix.store\\\/demo-images\\\/footer-v3.jpg?w=1400\",\"contentUrl\":\"https:\\\/\\\/i2.wp.com\\\/konte.uix.store\\\/demo-images\\\/footer-v3.jpg?w=1400\"},{\"@type\":\"BreadcrumbList\",\"@id\":\"https:\\\/\\\/meriah.digitika.com\\\/?page_id=569#breadcrumb\",\"itemListElement\":[{\"@type\":\"ListItem\",\"position\":1,\"name\":\"Home\",\"item\":\"https:\\\/\\\/meriah.digitika.com\\\/\"},{\"@type\":\"ListItem\",\"position\":2,\"name\":\"Footer\",\"item\":\"https:\\\/\\\/meriah.digitika.com\\\/?page_id=559\"},{\"@type\":\"ListItem\",\"position\":3,\"name\":\"Footer v3\"}]},{\"@type\":\"WebSite\",\"@id\":\"https:\\\/\\\/meriah.digitika.com\\\/#website\",\"url\":\"https:\\\/\\\/meriah.digitika.com\\\/\",\"name\":\"Fromagerie Meriah\",\"description\":\"Cr\u00e9e en 1997, par Mr Lotfi Meriah, la fromagerie Meriah est connue par ses produits faits \u00e0 100% de lait de ferme, fabriqu\u00e9s par Tunifrom. \",\"publisher\":{\"@id\":\"https:\\\/\\\/meriah.digitika.com\\\/#organization\"},\"potentialAction\":[{\"@type\":\"SearchAction\",\"target\":{\"@type\":\"EntryPoint\",\"urlTemplate\":\"https:\\\/\\\/meriah.digitika.com\\\/?s={search_term_string}\"},\"query-input\":{\"@type\":\"PropertyValueSpecification\",\"valueRequired\":true,\"valueName\":\"search_term_string\"}}],\"inLanguage\":\"en-US\"},{\"@type\":\"Organization\",\"@id\":\"https:\\\/\\\/meriah.digitika.com\\\/#organization\",\"name\":\"Fromagerie Meriah\",\"url\":\"https:\\\/\\\/meriah.digitika.com\\\/\",\"logo\":{\"@type\":\"ImageObject\",\"inLanguage\":\"en-US\",\"@id\":\"https:\\\/\\\/meriah.digitika.com\\\/#\\\/schema\\\/logo\\\/image\\\/\",\"url\":\"https:\\\/\\\/meriah.digitika.com\\\/wp-content\\\/uploads\\\/2026\\\/04\\\/newyork-logo-1586819150.png\",\"contentUrl\":\"https:\\\/\\\/meriah.digitika.com\\\/wp-content\\\/uploads\\\/2026\\\/04\\\/newyork-logo-1586819150.png\",\"width\":842,\"height\":595,\"caption\":\"Fromagerie Meriah\"},\"image\":{\"@id\":\"https:\\\/\\\/meriah.digitika.com\\\/#\\\/schema\\\/logo\\\/image\\\/\"}}]}<\/script>\n<!-- \/ Yoast SEO plugin. -->","yoast_head_json":{"title":"Footer v3 - Fromagerie Meriah","robots":{"index":"index","follow":"follow","max-snippet":"max-snippet:-1","max-image-preview":"max-image-preview:large","max-video-preview":"max-video-preview:-1"},"canonical":"https:\/\/meriah.digitika.com\/?page_id=569","og_locale":"en_US","og_type":"article","og_title":"Footer v3 - Fromagerie Meriah","og_description":"Footer V3 is a sample of what you can build with Konte footer options. In this layout, we keep the main section, custom content section, footer widgets and disable the&hellip;","og_url":"https:\/\/meriah.digitika.com\/?page_id=569","og_site_name":"Fromagerie Meriah","og_image":[{"url":"https:\/\/i2.wp.com\/konte.uix.store\/demo-images\/footer-v3.jpg?w=1400","type":"","width":"","height":""}],"twitter_card":"summary_large_image","twitter_misc":{"Est. reading time":"1 minute"},"schema":{"@context":"https:\/\/schema.org","@graph":[{"@type":"WebPage","@id":"https:\/\/meriah.digitika.com\/?page_id=569","url":"https:\/\/meriah.digitika.com\/?page_id=569","name":"Footer v3 - Fromagerie Meriah","isPartOf":{"@id":"https:\/\/meriah.digitika.com\/#website"},"primaryImageOfPage":{"@id":"https:\/\/meriah.digitika.com\/?page_id=569#primaryimage"},"image":{"@id":"https:\/\/meriah.digitika.com\/?page_id=569#primaryimage"},"thumbnailUrl":"https:\/\/i2.wp.com\/konte.uix.store\/demo-images\/footer-v3.jpg?w=1400","datePublished":"2018-09-10T09:19:28+00:00","breadcrumb":{"@id":"https:\/\/meriah.digitika.com\/?page_id=569#breadcrumb"},"inLanguage":"en-US","potentialAction":[{"@type":"ReadAction","target":["https:\/\/meriah.digitika.com\/?page_id=569"]}]},{"@type":"ImageObject","inLanguage":"en-US","@id":"https:\/\/meriah.digitika.com\/?page_id=569#primaryimage","url":"https:\/\/i2.wp.com\/konte.uix.store\/demo-images\/footer-v3.jpg?w=1400","contentUrl":"https:\/\/i2.wp.com\/konte.uix.store\/demo-images\/footer-v3.jpg?w=1400"},{"@type":"BreadcrumbList","@id":"https:\/\/meriah.digitika.com\/?page_id=569#breadcrumb","itemListElement":[{"@type":"ListItem","position":1,"name":"Home","item":"https:\/\/meriah.digitika.com\/"},{"@type":"ListItem","position":2,"name":"Footer","item":"https:\/\/meriah.digitika.com\/?page_id=559"},{"@type":"ListItem","position":3,"name":"Footer v3"}]},{"@type":"WebSite","@id":"https:\/\/meriah.digitika.com\/#website","url":"https:\/\/meriah.digitika.com\/","name":"Fromagerie Meriah","description":"Cr\u00e9e en 1997, par Mr Lotfi Meriah, la fromagerie Meriah est connue par ses produits faits \u00e0 100% de lait de ferme, fabriqu\u00e9s par Tunifrom. ","publisher":{"@id":"https:\/\/meriah.digitika.com\/#organization"},"potentialAction":[{"@type":"SearchAction","target":{"@type":"EntryPoint","urlTemplate":"https:\/\/meriah.digitika.com\/?s={search_term_string}"},"query-input":{"@type":"PropertyValueSpecification","valueRequired":true,"valueName":"search_term_string"}}],"inLanguage":"en-US"},{"@type":"Organization","@id":"https:\/\/meriah.digitika.com\/#organization","name":"Fromagerie Meriah","url":"https:\/\/meriah.digitika.com\/","logo":{"@type":"ImageObject","inLanguage":"en-US","@id":"https:\/\/meriah.digitika.com\/#\/schema\/logo\/image\/","url":"https:\/\/meriah.digitika.com\/wp-content\/uploads\/2026\/04\/newyork-logo-1586819150.png","contentUrl":"https:\/\/meriah.digitika.com\/wp-content\/uploads\/2026\/04\/newyork-logo-1586819150.png","width":842,"height":595,"caption":"Fromagerie Meriah"},"image":{"@id":"https:\/\/meriah.digitika.com\/#\/schema\/logo\/image\/"}}]}},"_links":{"self":[{"href":"https:\/\/meriah.digitika.com\/index.php?rest_route=\/wp\/v2\/pages\/569","targetHints":{"allow":["GET"]}}],"collection":[{"href":"https:\/\/meriah.digitika.com\/index.php?rest_route=\/wp\/v2\/pages"}],"about":[{"href":"https:\/\/meriah.digitika.com\/index.php?rest_route=\/wp\/v2\/types\/page"}],"author":[{"embeddable":true,"href":"https:\/\/meriah.digitika.com\/index.php?rest_route=\/wp\/v2\/users\/1"}],"replies":[{"embeddable":true,"href":"https:\/\/meriah.digitika.com\/index.php?rest_route=%2Fwp%2Fv2%2Fcomments&post=569"}],"version-history":[{"count":0,"href":"https:\/\/meriah.digitika.com\/index.php?rest_route=\/wp\/v2\/pages\/569\/revisions"}],"up":[{"embeddable":true,"href":"https:\/\/meriah.digitika.com\/index.php?rest_route=\/wp\/v2\/pages\/559"}],"wp:attachment":[{"href":"https:\/\/meriah.digitika.com\/index.php?rest_route=%2Fwp%2Fv2%2Fmedia&parent=569"}],"curies":[{"name":"wp","href":"https:\/\/api.w.org\/{rel}","templated":true}]}}