{"id":612,"date":"2018-09-10T09:59:45","date_gmt":"2018-09-10T09:59:45","guid":{"rendered":"http:\/\/konte.uix.store\/elementor\/?page_id=612"},"modified":"2018-09-10T09:59:45","modified_gmt":"2018-09-10T09:59:45","slug":"accordion","status":"publish","type":"page","link":"https:\/\/meriah.digitika.com\/?page_id=612","title":{"rendered":"Accordion"},"content":{"rendered":"\t\t<div data-elementor-type=\"wp-page\" data-elementor-id=\"612\" class=\"elementor elementor-612\">\n\t\t\t\t\t\t<section class=\"elementor-section elementor-top-section elementor-element elementor-element-ebf247e elementor-section-boxed elementor-section-height-default elementor-section-height-default\" data-id=\"ebf247e\" data-element_type=\"section\" data-e-type=\"section\">\n\t\t\t\t\t\t<div class=\"elementor-container elementor-column-gap-default\">\n\t\t\t\t\t<div class=\"elementor-column elementor-col-100 elementor-top-column elementor-element elementor-element-daf137b\" data-id=\"daf137b\" data-element_type=\"column\" data-e-type=\"column\">\n\t\t\t<div class=\"elementor-widget-wrap elementor-element-populated\">\n\t\t\t\t\t\t<div class=\"elementor-element elementor-element-3becb61 elementor-widget elementor-widget-konte-accordion\" data-id=\"3becb61\" data-element_type=\"widget\" data-e-type=\"widget\" data-widget_type=\"konte-accordion.default\">\n\t\t\t\t<div class=\"elementor-widget-container\">\n\t\t\t\t\t\t\t<div class=\"konte-accordion\" role=\"tablist\">\n\t\t\t\t\t\t\t<div class=\"konte-accordion__item\">\n\t\t\t\t\t<div id=\"konte-tab-title-6281\" class=\"konte-accordion__title\" data-tab=\"1\" role=\"tab\" aria-controls=\"konte-tab-content-6281\">\n\t\t\t\t\t\t<span class=\"konte-accordion__icon konte-accordion__icon--default\" aria-hidden=\"true\"><\/span>\n\n\t\t\t\t\t\t<a class=\"konte-accordion__title-text\" href=\"#konte-tab-content-6281\">Lorem ipsum dolor sit amet, consectetur adipisicing elit, sed do eiusmod tempor incididunt ut labore?<\/a>\n\t\t\t\t\t<\/div>\n\t\t\t\t\t<div id=\"konte-tab-content-6281\" class=\"konte-accordion__content clearfix\" data-tab=\"1\" role=\"tabpanel\" aria-labelledby=\"konte-tab-title-6281\">Quis nostrud exercitation ullamco laboris nisi ut aliquip ex ea commodo consequat. Duis aute irure dolor in reprehenderit in voluptate velit esse cillum dolore eu fugiat nulla pariatur. Excepteur sint occaecat cupidatat non proident, sunt in culpa qui officia deserunt mollit anim id est laborum. Sed ut perspiciatis unde omnis iste natus error sit voluptatem accusantium doloremque laudantium, totam rem aperiam, eaque ipsa quae ab illo inventore veritatis et quasi architecto beatae vitae dicta sunt explicabo. Nemo enim ipsam voluptatem quia voluptas sit aspernatur aut odit aut fugit<\/div>\n\t\t\t\t<\/div>\n\t\t\t\t\t\t\t<div class=\"konte-accordion__item\">\n\t\t\t\t\t<div id=\"konte-tab-title-6282\" class=\"konte-accordion__title\" data-tab=\"2\" role=\"tab\" aria-controls=\"konte-tab-content-6282\">\n\t\t\t\t\t\t<span class=\"konte-accordion__icon konte-accordion__icon--default\" aria-hidden=\"true\"><\/span>\n\n\t\t\t\t\t\t<a class=\"konte-accordion__title-text\" href=\"#konte-tab-content-6282\">Ut enim ad minim veniam, quis nostrud exercitation ullamco?<\/a>\n\t\t\t\t\t<\/div>\n\t\t\t\t\t<div id=\"konte-tab-content-6282\" class=\"konte-accordion__content clearfix\" data-tab=\"2\" role=\"tabpanel\" aria-labelledby=\"konte-tab-title-6282\">Aliquam suscipit lectus non ante auctor commodo. Proin ullamcorper at metus vitae lobortis. In pellentesque non ante ac euismod. Proin accumsan ante in vulputate mollis. Cras mattis erat vitae aliquam aliquet. Donec id euismod magna. Sed condimentum tincidunt lorem, posuere malesuada nulla viverra id. Maecenas dictum ligula et erat dapibus rutrum. Aenean porttitor mollis ipsum ut molestie. Cras in finibus nulla.<\/div>\n\t\t\t\t<\/div>\n\t\t\t\t\t\t\t<div class=\"konte-accordion__item\">\n\t\t\t\t\t<div id=\"konte-tab-title-6283\" class=\"konte-accordion__title\" data-tab=\"3\" role=\"tab\" aria-controls=\"konte-tab-content-6283\">\n\t\t\t\t\t\t<span class=\"konte-accordion__icon konte-accordion__icon--default\" aria-hidden=\"true\"><\/span>\n\n\t\t\t\t\t\t<a class=\"konte-accordion__title-text\" href=\"#konte-tab-content-6283\">Sed leo nibh, malesuada vitae eleifend semper, tristique sit amet lacus. Integer mi ex?<\/a>\n\t\t\t\t\t<\/div>\n\t\t\t\t\t<div id=\"konte-tab-content-6283\" class=\"konte-accordion__content clearfix\" data-tab=\"3\" role=\"tabpanel\" aria-labelledby=\"konte-tab-title-6283\">Cras rutrum nec nunc et molestie. Vivamus rutrum convallis leo a tincidunt. Proin scelerisque ac massa pharetra imperdiet. Proin id dignissim felis, id rutrum nisi. Aliquam nunc mi, dapibus at congue non, ornare vitae tortor. Sed maximus, diam in interdum sodales, odio ante ultrices nunc, ac pulvinar felis eros blandit tortor.<\/div>\n\t\t\t\t<\/div>\n\t\t\t\t\t<\/div>\n\t\t\t\t\t\t<\/div>\n\t\t\t\t<\/div>\n\t\t\t\t\t<\/div>\n\t\t<\/div>\n\t\t\t\t\t<\/div>\n\t\t<\/section>\n\t\t\t\t<\/div>\n\t\t","protected":false},"excerpt":{"rendered":"<p>Lorem ipsum dolor sit amet, consectetur adipisicing elit, sed do eiusmod tempor incididunt ut labore? Quis nostrud exercitation ullamco laboris nisi ut aliquip ex ea commodo consequat. Duis aute irure&hellip;<\/p>\n","protected":false},"author":1,"featured_media":0,"parent":576,"menu_order":0,"comment_status":"closed","ping_status":"closed","template":"","meta":{"footnotes":""},"class_list":["post-612","page","type-page","status-publish","hentry"],"yoast_head":"<!-- This site is optimized with the Yoast SEO plugin v27.3 - https:\/\/yoast.com\/product\/yoast-seo-wordpress\/ -->\n<title>Accordion - Fromagerie Meriah<\/title>\n<meta name=\"robots\" content=\"index, follow, max-snippet:-1, max-image-preview:large, max-video-preview:-1\" \/>\n<link rel=\"canonical\" href=\"https:\/\/meriah.digitika.com\/?page_id=612\" \/>\n<meta property=\"og:locale\" content=\"en_US\" \/>\n<meta property=\"og:type\" content=\"article\" \/>\n<meta property=\"og:title\" content=\"Accordion - Fromagerie Meriah\" \/>\n<meta property=\"og:description\" content=\"Lorem ipsum dolor sit amet, consectetur adipisicing elit, sed do eiusmod tempor incididunt ut labore? Quis nostrud exercitation ullamco laboris nisi ut aliquip ex ea commodo consequat. Duis aute irure&hellip;\" \/>\n<meta property=\"og:url\" content=\"https:\/\/meriah.digitika.com\/?page_id=612\" \/>\n<meta property=\"og:site_name\" content=\"Fromagerie Meriah\" \/>\n<meta name=\"twitter:card\" content=\"summary_large_image\" \/>\n<meta name=\"twitter:label1\" content=\"Est. reading time\" \/>\n\t<meta name=\"twitter:data1\" content=\"1 minute\" \/>\n<script type=\"application\/ld+json\" class=\"yoast-schema-graph\">{\"@context\":\"https:\\\/\\\/schema.org\",\"@graph\":[{\"@type\":\"WebPage\",\"@id\":\"https:\\\/\\\/meriah.digitika.com\\\/?page_id=612\",\"url\":\"https:\\\/\\\/meriah.digitika.com\\\/?page_id=612\",\"name\":\"Accordion - Fromagerie Meriah\",\"isPartOf\":{\"@id\":\"https:\\\/\\\/meriah.digitika.com\\\/#website\"},\"datePublished\":\"2018-09-10T09:59:45+00:00\",\"breadcrumb\":{\"@id\":\"https:\\\/\\\/meriah.digitika.com\\\/?page_id=612#breadcrumb\"},\"inLanguage\":\"en-US\",\"potentialAction\":[{\"@type\":\"ReadAction\",\"target\":[\"https:\\\/\\\/meriah.digitika.com\\\/?page_id=612\"]}]},{\"@type\":\"BreadcrumbList\",\"@id\":\"https:\\\/\\\/meriah.digitika.com\\\/?page_id=612#breadcrumb\",\"itemListElement\":[{\"@type\":\"ListItem\",\"position\":1,\"name\":\"Home\",\"item\":\"https:\\\/\\\/meriah.digitika.com\\\/\"},{\"@type\":\"ListItem\",\"position\":2,\"name\":\"Elements\",\"item\":\"https:\\\/\\\/meriah.digitika.com\\\/?page_id=576\"},{\"@type\":\"ListItem\",\"position\":3,\"name\":\"Accordion\"}]},{\"@type\":\"WebSite\",\"@id\":\"https:\\\/\\\/meriah.digitika.com\\\/#website\",\"url\":\"https:\\\/\\\/meriah.digitika.com\\\/\",\"name\":\"Fromagerie Meriah\",\"description\":\"Cr\u00e9e en 1997, par Mr Lotfi Meriah, la fromagerie Meriah est connue par ses produits faits \u00e0 100% de lait de ferme, fabriqu\u00e9s par Tunifrom. \",\"publisher\":{\"@id\":\"https:\\\/\\\/meriah.digitika.com\\\/#organization\"},\"potentialAction\":[{\"@type\":\"SearchAction\",\"target\":{\"@type\":\"EntryPoint\",\"urlTemplate\":\"https:\\\/\\\/meriah.digitika.com\\\/?s={search_term_string}\"},\"query-input\":{\"@type\":\"PropertyValueSpecification\",\"valueRequired\":true,\"valueName\":\"search_term_string\"}}],\"inLanguage\":\"en-US\"},{\"@type\":\"Organization\",\"@id\":\"https:\\\/\\\/meriah.digitika.com\\\/#organization\",\"name\":\"Fromagerie Meriah\",\"url\":\"https:\\\/\\\/meriah.digitika.com\\\/\",\"logo\":{\"@type\":\"ImageObject\",\"inLanguage\":\"en-US\",\"@id\":\"https:\\\/\\\/meriah.digitika.com\\\/#\\\/schema\\\/logo\\\/image\\\/\",\"url\":\"https:\\\/\\\/meriah.digitika.com\\\/wp-content\\\/uploads\\\/2026\\\/04\\\/newyork-logo-1586819150.png\",\"contentUrl\":\"https:\\\/\\\/meriah.digitika.com\\\/wp-content\\\/uploads\\\/2026\\\/04\\\/newyork-logo-1586819150.png\",\"width\":842,\"height\":595,\"caption\":\"Fromagerie Meriah\"},\"image\":{\"@id\":\"https:\\\/\\\/meriah.digitika.com\\\/#\\\/schema\\\/logo\\\/image\\\/\"}}]}<\/script>\n<!-- \/ Yoast SEO plugin. -->","yoast_head_json":{"title":"Accordion - Fromagerie Meriah","robots":{"index":"index","follow":"follow","max-snippet":"max-snippet:-1","max-image-preview":"max-image-preview:large","max-video-preview":"max-video-preview:-1"},"canonical":"https:\/\/meriah.digitika.com\/?page_id=612","og_locale":"en_US","og_type":"article","og_title":"Accordion - Fromagerie Meriah","og_description":"Lorem ipsum dolor sit amet, consectetur adipisicing elit, sed do eiusmod tempor incididunt ut labore? Quis nostrud exercitation ullamco laboris nisi ut aliquip ex ea commodo consequat. Duis aute irure&hellip;","og_url":"https:\/\/meriah.digitika.com\/?page_id=612","og_site_name":"Fromagerie Meriah","twitter_card":"summary_large_image","twitter_misc":{"Est. reading time":"1 minute"},"schema":{"@context":"https:\/\/schema.org","@graph":[{"@type":"WebPage","@id":"https:\/\/meriah.digitika.com\/?page_id=612","url":"https:\/\/meriah.digitika.com\/?page_id=612","name":"Accordion - Fromagerie Meriah","isPartOf":{"@id":"https:\/\/meriah.digitika.com\/#website"},"datePublished":"2018-09-10T09:59:45+00:00","breadcrumb":{"@id":"https:\/\/meriah.digitika.com\/?page_id=612#breadcrumb"},"inLanguage":"en-US","potentialAction":[{"@type":"ReadAction","target":["https:\/\/meriah.digitika.com\/?page_id=612"]}]},{"@type":"BreadcrumbList","@id":"https:\/\/meriah.digitika.com\/?page_id=612#breadcrumb","itemListElement":[{"@type":"ListItem","position":1,"name":"Home","item":"https:\/\/meriah.digitika.com\/"},{"@type":"ListItem","position":2,"name":"Elements","item":"https:\/\/meriah.digitika.com\/?page_id=576"},{"@type":"ListItem","position":3,"name":"Accordion"}]},{"@type":"WebSite","@id":"https:\/\/meriah.digitika.com\/#website","url":"https:\/\/meriah.digitika.com\/","name":"Fromagerie Meriah","description":"Cr\u00e9e en 1997, par Mr Lotfi Meriah, la fromagerie Meriah est connue par ses produits faits \u00e0 100% de lait de ferme, fabriqu\u00e9s par Tunifrom. ","publisher":{"@id":"https:\/\/meriah.digitika.com\/#organization"},"potentialAction":[{"@type":"SearchAction","target":{"@type":"EntryPoint","urlTemplate":"https:\/\/meriah.digitika.com\/?s={search_term_string}"},"query-input":{"@type":"PropertyValueSpecification","valueRequired":true,"valueName":"search_term_string"}}],"inLanguage":"en-US"},{"@type":"Organization","@id":"https:\/\/meriah.digitika.com\/#organization","name":"Fromagerie Meriah","url":"https:\/\/meriah.digitika.com\/","logo":{"@type":"ImageObject","inLanguage":"en-US","@id":"https:\/\/meriah.digitika.com\/#\/schema\/logo\/image\/","url":"https:\/\/meriah.digitika.com\/wp-content\/uploads\/2026\/04\/newyork-logo-1586819150.png","contentUrl":"https:\/\/meriah.digitika.com\/wp-content\/uploads\/2026\/04\/newyork-logo-1586819150.png","width":842,"height":595,"caption":"Fromagerie Meriah"},"image":{"@id":"https:\/\/meriah.digitika.com\/#\/schema\/logo\/image\/"}}]}},"_links":{"self":[{"href":"https:\/\/meriah.digitika.com\/index.php?rest_route=\/wp\/v2\/pages\/612","targetHints":{"allow":["GET"]}}],"collection":[{"href":"https:\/\/meriah.digitika.com\/index.php?rest_route=\/wp\/v2\/pages"}],"about":[{"href":"https:\/\/meriah.digitika.com\/index.php?rest_route=\/wp\/v2\/types\/page"}],"author":[{"embeddable":true,"href":"https:\/\/meriah.digitika.com\/index.php?rest_route=\/wp\/v2\/users\/1"}],"replies":[{"embeddable":true,"href":"https:\/\/meriah.digitika.com\/index.php?rest_route=%2Fwp%2Fv2%2Fcomments&post=612"}],"version-history":[{"count":0,"href":"https:\/\/meriah.digitika.com\/index.php?rest_route=\/wp\/v2\/pages\/612\/revisions"}],"up":[{"embeddable":true,"href":"https:\/\/meriah.digitika.com\/index.php?rest_route=\/wp\/v2\/pages\/576"}],"wp:attachment":[{"href":"https:\/\/meriah.digitika.com\/index.php?rest_route=%2Fwp%2Fv2%2Fmedia&parent=612"}],"curies":[{"name":"wp","href":"https:\/\/api.w.org\/{rel}","templated":true}]}}