{"id":614,"date":"2018-09-10T10:04:40","date_gmt":"2018-09-10T10:04:40","guid":{"rendered":"http:\/\/konte.uix.store\/elementor\/?page_id=614"},"modified":"2018-09-10T10:04:40","modified_gmt":"2018-09-10T10:04:40","slug":"pricing-table","status":"publish","type":"page","link":"https:\/\/meriah.digitika.com\/?page_id=614","title":{"rendered":"Pricing Table"},"content":{"rendered":"\t\t<div data-elementor-type=\"wp-page\" data-elementor-id=\"614\" class=\"elementor elementor-614\">\n\t\t\t\t\t\t<section class=\"elementor-section elementor-top-section elementor-element elementor-element-594d1c3 elementor-section-boxed elementor-section-height-default elementor-section-height-default\" data-id=\"594d1c3\" data-element_type=\"section\" data-e-type=\"section\">\n\t\t\t\t\t\t<div class=\"elementor-container elementor-column-gap-extended\">\n\t\t\t\t\t<div class=\"elementor-column elementor-col-33 elementor-top-column elementor-element elementor-element-d5c58e2\" data-id=\"d5c58e2\" data-element_type=\"column\" data-e-type=\"column\">\n\t\t\t<div class=\"elementor-widget-wrap elementor-element-populated\">\n\t\t\t\t\t\t<div class=\"elementor-element elementor-element-618728a elementor-widget elementor-widget-konte-price-table\" data-id=\"618728a\" data-element_type=\"widget\" data-e-type=\"widget\" data-widget_type=\"konte-price-table.default\">\n\t\t\t\t<div class=\"elementor-widget-container\">\n\t\t\t\t\t\t\t<div class=\"konte-pricing-table\">\n\t\t\t<img decoding=\"async\" alt=\"STARTER\" width=\"100\" src=\"https:\/\/ik.imagekit.io\/vn49p9jmnnv7g\/konte\/flask_JZ5_8CDCu.svg\" class=\"konte-pricing-table__image\">\t\t\t<h4 class=\"konte-pricing-table__title\">STARTER<\/h4>\n\t\t\t<div class=\"konte-pricing-table__description\">Lorem ipsum dolor sit amet, consectetur adipisicing at elit, sed do eiusmod tempor incididunt<\/div>\n\t\t\t<div class=\"konte-pricing-table__price\">\n\t\t\t\t<span class=\"currency\">$<\/span>\n\t\t\t\t19,90\t\t\t<\/div>\n\t\t\t<div class=\"konte-pricing-table__recurrence\">Per Month<\/div>\n\t\t\t\t\t\t\t<a class=\"button konte-pricing-table__button\" href=\"#\">Get Started<\/a>\n\t\t\t\t\t<\/div>\n\t\t\t\t\t\t<\/div>\n\t\t\t\t<\/div>\n\t\t\t\t\t<\/div>\n\t\t<\/div>\n\t\t\t\t<div class=\"elementor-column elementor-col-33 elementor-top-column elementor-element elementor-element-550ad3b\" data-id=\"550ad3b\" data-element_type=\"column\" data-e-type=\"column\">\n\t\t\t<div class=\"elementor-widget-wrap elementor-element-populated\">\n\t\t\t\t\t\t<div class=\"elementor-element elementor-element-ac61b04 elementor-widget elementor-widget-konte-price-table\" data-id=\"ac61b04\" data-element_type=\"widget\" data-e-type=\"widget\" data-widget_type=\"konte-price-table.default\">\n\t\t\t\t<div class=\"elementor-widget-container\">\n\t\t\t\t\t\t\t<div class=\"konte-pricing-table\">\n\t\t\t<img decoding=\"async\" alt=\"PREMIUM\" width=\"100\" src=\"https:\/\/ik.imagekit.io\/vn49p9jmnnv7g\/konte\/artificial-intelligence_auih3ocVx.svg\" class=\"konte-pricing-table__image\">\t\t\t<h4 class=\"konte-pricing-table__title\">PREMIUM<\/h4>\n\t\t\t<div class=\"konte-pricing-table__description\">Lorem ipsum dolor sit amet, consectetur adipisicing at elit, sed do eiusmod tempor incididunt<\/div>\n\t\t\t<div class=\"konte-pricing-table__price\">\n\t\t\t\t<span class=\"currency\">$<\/span>\n\t\t\t\t29,90\t\t\t<\/div>\n\t\t\t<div class=\"konte-pricing-table__recurrence\">Per Month<\/div>\n\t\t\t\t\t\t\t<a class=\"button konte-pricing-table__button\" href=\"#\">Get Started<\/a>\n\t\t\t\t\t<\/div>\n\t\t\t\t\t\t<\/div>\n\t\t\t\t<\/div>\n\t\t\t\t\t<\/div>\n\t\t<\/div>\n\t\t\t\t<div class=\"elementor-column elementor-col-33 elementor-top-column elementor-element elementor-element-653d3dc\" data-id=\"653d3dc\" data-element_type=\"column\" data-e-type=\"column\">\n\t\t\t<div class=\"elementor-widget-wrap elementor-element-populated\">\n\t\t\t\t\t\t<div class=\"elementor-element elementor-element-f482531 elementor-widget elementor-widget-konte-price-table\" data-id=\"f482531\" data-element_type=\"widget\" data-e-type=\"widget\" data-widget_type=\"konte-price-table.default\">\n\t\t\t\t<div class=\"elementor-widget-container\">\n\t\t\t\t\t\t\t<div class=\"konte-pricing-table\">\n\t\t\t<img decoding=\"async\" alt=\"ULTIMATE\" width=\"100\" src=\"https:\/\/ik.imagekit.io\/vn49p9jmnnv7g\/konte\/brainstorming_6L4gvXrlA.svg\" class=\"konte-pricing-table__image\">\t\t\t<h4 class=\"konte-pricing-table__title\">ULTIMATE<\/h4>\n\t\t\t<div class=\"konte-pricing-table__description\">Lorem ipsum dolor sit amet, consectetur adipisicing at elit, sed do eiusmod tempor incididunt<\/div>\n\t\t\t<div class=\"konte-pricing-table__price\">\n\t\t\t\t<span class=\"currency\">$<\/span>\n\t\t\t\t59,90\t\t\t<\/div>\n\t\t\t<div class=\"konte-pricing-table__recurrence\">Per Month<\/div>\n\t\t\t\t\t\t\t<a class=\"button konte-pricing-table__button\" href=\"#\">Get Started<\/a>\n\t\t\t\t\t<\/div>\n\t\t\t\t\t\t<\/div>\n\t\t\t\t<\/div>\n\t\t\t\t\t<\/div>\n\t\t<\/div>\n\t\t\t\t\t<\/div>\n\t\t<\/section>\n\t\t\t\t<\/div>\n\t\t","protected":false},"excerpt":{"rendered":"<p>STARTER Lorem ipsum dolor sit amet, consectetur adipisicing at elit, sed do eiusmod tempor incididunt $ 19,90 Per Month Get Started PREMIUM Lorem ipsum dolor sit amet, consectetur adipisicing at&hellip;<\/p>\n","protected":false},"author":1,"featured_media":0,"parent":576,"menu_order":0,"comment_status":"closed","ping_status":"closed","template":"","meta":{"footnotes":""},"class_list":["post-614","page","type-page","status-publish","hentry"],"yoast_head":"<!-- This site is optimized with the Yoast SEO plugin v27.3 - https:\/\/yoast.com\/product\/yoast-seo-wordpress\/ -->\n<title>Pricing Table - Fromagerie Meriah<\/title>\n<meta name=\"robots\" content=\"index, follow, max-snippet:-1, max-image-preview:large, max-video-preview:-1\" \/>\n<link rel=\"canonical\" href=\"https:\/\/meriah.digitika.com\/?page_id=614\" \/>\n<meta property=\"og:locale\" content=\"en_US\" \/>\n<meta property=\"og:type\" content=\"article\" \/>\n<meta property=\"og:title\" content=\"Pricing Table - Fromagerie Meriah\" \/>\n<meta property=\"og:description\" content=\"STARTER Lorem ipsum dolor sit amet, consectetur adipisicing at elit, sed do eiusmod tempor incididunt $ 19,90 Per Month Get Started PREMIUM Lorem ipsum dolor sit amet, consectetur adipisicing at&hellip;\" \/>\n<meta property=\"og:url\" content=\"https:\/\/meriah.digitika.com\/?page_id=614\" \/>\n<meta property=\"og:site_name\" content=\"Fromagerie Meriah\" \/>\n<meta property=\"og:image\" content=\"https:\/\/ik.imagekit.io\/vn49p9jmnnv7g\/konte\/flask_JZ5_8CDCu.svg\" \/>\n<meta name=\"twitter:card\" content=\"summary_large_image\" \/>\n<script type=\"application\/ld+json\" class=\"yoast-schema-graph\">{\"@context\":\"https:\\\/\\\/schema.org\",\"@graph\":[{\"@type\":\"WebPage\",\"@id\":\"https:\\\/\\\/meriah.digitika.com\\\/?page_id=614\",\"url\":\"https:\\\/\\\/meriah.digitika.com\\\/?page_id=614\",\"name\":\"Pricing Table - Fromagerie Meriah\",\"isPartOf\":{\"@id\":\"https:\\\/\\\/meriah.digitika.com\\\/#website\"},\"primaryImageOfPage\":{\"@id\":\"https:\\\/\\\/meriah.digitika.com\\\/?page_id=614#primaryimage\"},\"image\":{\"@id\":\"https:\\\/\\\/meriah.digitika.com\\\/?page_id=614#primaryimage\"},\"thumbnailUrl\":\"https:\\\/\\\/ik.imagekit.io\\\/vn49p9jmnnv7g\\\/konte\\\/flask_JZ5_8CDCu.svg\",\"datePublished\":\"2018-09-10T10:04:40+00:00\",\"breadcrumb\":{\"@id\":\"https:\\\/\\\/meriah.digitika.com\\\/?page_id=614#breadcrumb\"},\"inLanguage\":\"en-US\",\"potentialAction\":[{\"@type\":\"ReadAction\",\"target\":[\"https:\\\/\\\/meriah.digitika.com\\\/?page_id=614\"]}]},{\"@type\":\"ImageObject\",\"inLanguage\":\"en-US\",\"@id\":\"https:\\\/\\\/meriah.digitika.com\\\/?page_id=614#primaryimage\",\"url\":\"https:\\\/\\\/ik.imagekit.io\\\/vn49p9jmnnv7g\\\/konte\\\/flask_JZ5_8CDCu.svg\",\"contentUrl\":\"https:\\\/\\\/ik.imagekit.io\\\/vn49p9jmnnv7g\\\/konte\\\/flask_JZ5_8CDCu.svg\"},{\"@type\":\"BreadcrumbList\",\"@id\":\"https:\\\/\\\/meriah.digitika.com\\\/?page_id=614#breadcrumb\",\"itemListElement\":[{\"@type\":\"ListItem\",\"position\":1,\"name\":\"Home\",\"item\":\"https:\\\/\\\/meriah.digitika.com\\\/\"},{\"@type\":\"ListItem\",\"position\":2,\"name\":\"Elements\",\"item\":\"https:\\\/\\\/meriah.digitika.com\\\/?page_id=576\"},{\"@type\":\"ListItem\",\"position\":3,\"name\":\"Pricing Table\"}]},{\"@type\":\"WebSite\",\"@id\":\"https:\\\/\\\/meriah.digitika.com\\\/#website\",\"url\":\"https:\\\/\\\/meriah.digitika.com\\\/\",\"name\":\"Fromagerie Meriah\",\"description\":\"Cr\u00e9e en 1997, par Mr Lotfi Meriah, la fromagerie Meriah est connue par ses produits faits \u00e0 100% de lait de ferme, fabriqu\u00e9s par Tunifrom. \",\"publisher\":{\"@id\":\"https:\\\/\\\/meriah.digitika.com\\\/#organization\"},\"potentialAction\":[{\"@type\":\"SearchAction\",\"target\":{\"@type\":\"EntryPoint\",\"urlTemplate\":\"https:\\\/\\\/meriah.digitika.com\\\/?s={search_term_string}\"},\"query-input\":{\"@type\":\"PropertyValueSpecification\",\"valueRequired\":true,\"valueName\":\"search_term_string\"}}],\"inLanguage\":\"en-US\"},{\"@type\":\"Organization\",\"@id\":\"https:\\\/\\\/meriah.digitika.com\\\/#organization\",\"name\":\"Fromagerie Meriah\",\"url\":\"https:\\\/\\\/meriah.digitika.com\\\/\",\"logo\":{\"@type\":\"ImageObject\",\"inLanguage\":\"en-US\",\"@id\":\"https:\\\/\\\/meriah.digitika.com\\\/#\\\/schema\\\/logo\\\/image\\\/\",\"url\":\"https:\\\/\\\/meriah.digitika.com\\\/wp-content\\\/uploads\\\/2026\\\/04\\\/newyork-logo-1586819150.png\",\"contentUrl\":\"https:\\\/\\\/meriah.digitika.com\\\/wp-content\\\/uploads\\\/2026\\\/04\\\/newyork-logo-1586819150.png\",\"width\":842,\"height\":595,\"caption\":\"Fromagerie Meriah\"},\"image\":{\"@id\":\"https:\\\/\\\/meriah.digitika.com\\\/#\\\/schema\\\/logo\\\/image\\\/\"}}]}<\/script>\n<!-- \/ Yoast SEO plugin. -->","yoast_head_json":{"title":"Pricing Table - Fromagerie Meriah","robots":{"index":"index","follow":"follow","max-snippet":"max-snippet:-1","max-image-preview":"max-image-preview:large","max-video-preview":"max-video-preview:-1"},"canonical":"https:\/\/meriah.digitika.com\/?page_id=614","og_locale":"en_US","og_type":"article","og_title":"Pricing Table - Fromagerie Meriah","og_description":"STARTER Lorem ipsum dolor sit amet, consectetur adipisicing at elit, sed do eiusmod tempor incididunt $ 19,90 Per Month Get Started PREMIUM Lorem ipsum dolor sit amet, consectetur adipisicing at&hellip;","og_url":"https:\/\/meriah.digitika.com\/?page_id=614","og_site_name":"Fromagerie Meriah","og_image":[{"url":"https:\/\/ik.imagekit.io\/vn49p9jmnnv7g\/konte\/flask_JZ5_8CDCu.svg","type":"","width":"","height":""}],"twitter_card":"summary_large_image","schema":{"@context":"https:\/\/schema.org","@graph":[{"@type":"WebPage","@id":"https:\/\/meriah.digitika.com\/?page_id=614","url":"https:\/\/meriah.digitika.com\/?page_id=614","name":"Pricing Table - Fromagerie Meriah","isPartOf":{"@id":"https:\/\/meriah.digitika.com\/#website"},"primaryImageOfPage":{"@id":"https:\/\/meriah.digitika.com\/?page_id=614#primaryimage"},"image":{"@id":"https:\/\/meriah.digitika.com\/?page_id=614#primaryimage"},"thumbnailUrl":"https:\/\/ik.imagekit.io\/vn49p9jmnnv7g\/konte\/flask_JZ5_8CDCu.svg","datePublished":"2018-09-10T10:04:40+00:00","breadcrumb":{"@id":"https:\/\/meriah.digitika.com\/?page_id=614#breadcrumb"},"inLanguage":"en-US","potentialAction":[{"@type":"ReadAction","target":["https:\/\/meriah.digitika.com\/?page_id=614"]}]},{"@type":"ImageObject","inLanguage":"en-US","@id":"https:\/\/meriah.digitika.com\/?page_id=614#primaryimage","url":"https:\/\/ik.imagekit.io\/vn49p9jmnnv7g\/konte\/flask_JZ5_8CDCu.svg","contentUrl":"https:\/\/ik.imagekit.io\/vn49p9jmnnv7g\/konte\/flask_JZ5_8CDCu.svg"},{"@type":"BreadcrumbList","@id":"https:\/\/meriah.digitika.com\/?page_id=614#breadcrumb","itemListElement":[{"@type":"ListItem","position":1,"name":"Home","item":"https:\/\/meriah.digitika.com\/"},{"@type":"ListItem","position":2,"name":"Elements","item":"https:\/\/meriah.digitika.com\/?page_id=576"},{"@type":"ListItem","position":3,"name":"Pricing Table"}]},{"@type":"WebSite","@id":"https:\/\/meriah.digitika.com\/#website","url":"https:\/\/meriah.digitika.com\/","name":"Fromagerie Meriah","description":"Cr\u00e9e en 1997, par Mr Lotfi Meriah, la fromagerie Meriah est connue par ses produits faits \u00e0 100% de lait de ferme, fabriqu\u00e9s par Tunifrom. ","publisher":{"@id":"https:\/\/meriah.digitika.com\/#organization"},"potentialAction":[{"@type":"SearchAction","target":{"@type":"EntryPoint","urlTemplate":"https:\/\/meriah.digitika.com\/?s={search_term_string}"},"query-input":{"@type":"PropertyValueSpecification","valueRequired":true,"valueName":"search_term_string"}}],"inLanguage":"en-US"},{"@type":"Organization","@id":"https:\/\/meriah.digitika.com\/#organization","name":"Fromagerie Meriah","url":"https:\/\/meriah.digitika.com\/","logo":{"@type":"ImageObject","inLanguage":"en-US","@id":"https:\/\/meriah.digitika.com\/#\/schema\/logo\/image\/","url":"https:\/\/meriah.digitika.com\/wp-content\/uploads\/2026\/04\/newyork-logo-1586819150.png","contentUrl":"https:\/\/meriah.digitika.com\/wp-content\/uploads\/2026\/04\/newyork-logo-1586819150.png","width":842,"height":595,"caption":"Fromagerie Meriah"},"image":{"@id":"https:\/\/meriah.digitika.com\/#\/schema\/logo\/image\/"}}]}},"_links":{"self":[{"href":"https:\/\/meriah.digitika.com\/index.php?rest_route=\/wp\/v2\/pages\/614","targetHints":{"allow":["GET"]}}],"collection":[{"href":"https:\/\/meriah.digitika.com\/index.php?rest_route=\/wp\/v2\/pages"}],"about":[{"href":"https:\/\/meriah.digitika.com\/index.php?rest_route=\/wp\/v2\/types\/page"}],"author":[{"embeddable":true,"href":"https:\/\/meriah.digitika.com\/index.php?rest_route=\/wp\/v2\/users\/1"}],"replies":[{"embeddable":true,"href":"https:\/\/meriah.digitika.com\/index.php?rest_route=%2Fwp%2Fv2%2Fcomments&post=614"}],"version-history":[{"count":0,"href":"https:\/\/meriah.digitika.com\/index.php?rest_route=\/wp\/v2\/pages\/614\/revisions"}],"up":[{"embeddable":true,"href":"https:\/\/meriah.digitika.com\/index.php?rest_route=\/wp\/v2\/pages\/576"}],"wp:attachment":[{"href":"https:\/\/meriah.digitika.com\/index.php?rest_route=%2Fwp%2Fv2%2Fmedia&parent=614"}],"curies":[{"name":"wp","href":"https:\/\/api.w.org\/{rel}","templated":true}]}}