{"id":641,"date":"2018-09-11T08:32:45","date_gmt":"2018-09-11T08:32:45","guid":{"rendered":"http:\/\/konte.uix.store\/elementor\/?page_id=641"},"modified":"2018-09-11T08:32:45","modified_gmt":"2018-09-11T08:32:45","slug":"buttons","status":"publish","type":"page","link":"https:\/\/meriah.digitika.com\/?page_id=641","title":{"rendered":"Buttons"},"content":{"rendered":"\t\t<div data-elementor-type=\"wp-page\" data-elementor-id=\"641\" class=\"elementor elementor-641\">\n\t\t\t\t\t\t<section class=\"elementor-section elementor-top-section elementor-element elementor-element-758f8f9 elementor-section-boxed elementor-section-height-default elementor-section-height-default\" data-id=\"758f8f9\" data-element_type=\"section\" data-e-type=\"section\">\n\t\t\t\t\t\t<div class=\"elementor-container elementor-column-gap-default\">\n\t\t\t\t\t<div class=\"elementor-column elementor-col-50 elementor-top-column elementor-element elementor-element-53def88\" data-id=\"53def88\" data-element_type=\"column\" data-e-type=\"column\">\n\t\t\t<div class=\"elementor-widget-wrap elementor-element-populated\">\n\t\t\t\t\t\t<div class=\"elementor-element elementor-element-2c84a58 konte-button-wrapper--align-center elementor-widget elementor-widget-konte-button\" data-id=\"2c84a58\" data-element_type=\"widget\" data-e-type=\"widget\" data-widget_type=\"konte-button.default\">\n\t\t\t\t<div class=\"elementor-widget-container\">\n\t\t\t\t\t\t\t<a class=\"konte-button konte-button--elementor konte-button--type-outline button-outline konte-button--size-large large konte-button--link button square\" role=\"button\" href=\"#\">\n\t\t\t<span class=\"konte-button__text\">button text<\/span>\n\t\t<\/a>\n\t\t\t\t\t\t<\/div>\n\t\t\t\t<\/div>\n\t\t\t\t<div class=\"elementor-element elementor-element-baef225 konte-button-wrapper--align-center elementor-widget elementor-widget-konte-button\" data-id=\"baef225\" data-element_type=\"widget\" data-e-type=\"widget\" data-widget_type=\"konte-button.default\">\n\t\t\t\t<div class=\"elementor-widget-container\">\n\t\t\t\t\t\t\t<a class=\"konte-button konte-button--elementor konte-button--type-outline button-outline konte-button--size-medium medium konte-button--link button square\" role=\"button\" href=\"#\">\n\t\t\t<span class=\"konte-button__text\">button text<\/span>\n\t\t<\/a>\n\t\t\t\t\t\t<\/div>\n\t\t\t\t<\/div>\n\t\t\t\t<div class=\"elementor-element elementor-element-de876e0 konte-button-wrapper--align-center elementor-widget elementor-widget-konte-button\" data-id=\"de876e0\" data-element_type=\"widget\" data-e-type=\"widget\" data-widget_type=\"konte-button.default\">\n\t\t\t\t<div class=\"elementor-widget-container\">\n\t\t\t\t\t\t\t<a class=\"konte-button konte-button--elementor konte-button--type-outline button-outline konte-button--size-normal normal konte-button--link button square\" role=\"button\" href=\"#\">\n\t\t\t<span class=\"konte-button__text\">button text<\/span>\n\t\t<\/a>\n\t\t\t\t\t\t<\/div>\n\t\t\t\t<\/div>\n\t\t\t\t<div class=\"elementor-element elementor-element-9893bb4 konte-button-wrapper--align-center elementor-widget elementor-widget-konte-button\" data-id=\"9893bb4\" data-element_type=\"widget\" data-e-type=\"widget\" data-widget_type=\"konte-button.default\">\n\t\t\t\t<div class=\"elementor-widget-container\">\n\t\t\t\t\t\t\t<a class=\"konte-button konte-button--elementor konte-button--type-outline button-outline konte-button--size-small small konte-button--link button square\" role=\"button\" href=\"#\">\n\t\t\t<span class=\"konte-button__text\">button text<\/span>\n\t\t<\/a>\n\t\t\t\t\t\t<\/div>\n\t\t\t\t<\/div>\n\t\t\t\t<div class=\"elementor-element elementor-element-1717765 konte-button-wrapper--align-center elementor-widget elementor-widget-konte-button\" data-id=\"1717765\" data-element_type=\"widget\" data-e-type=\"widget\" data-widget_type=\"konte-button.default\">\n\t\t\t\t<div class=\"elementor-widget-container\">\n\t\t\t\t\t\t\t<a class=\"konte-button konte-button--elementor konte-button--type-underline button-underline konte-button--size-small small konte-button--link underline-full\" role=\"button\" href=\"#\">\n\t\t\t<span class=\"konte-button__text\">button text<\/span>\n\t\t<\/a>\n\t\t\t\t\t\t<\/div>\n\t\t\t\t<\/div>\n\t\t\t\t\t<\/div>\n\t\t<\/div>\n\t\t\t\t<div class=\"elementor-column elementor-col-50 elementor-top-column elementor-element elementor-element-b9dc653\" data-id=\"b9dc653\" data-element_type=\"column\" data-e-type=\"column\">\n\t\t\t<div class=\"elementor-widget-wrap elementor-element-populated\">\n\t\t\t\t\t\t<div class=\"elementor-element elementor-element-00ae648 konte-button-wrapper--align-center elementor-widget elementor-widget-konte-button\" data-id=\"00ae648\" data-element_type=\"widget\" data-e-type=\"widget\" data-widget_type=\"konte-button.default\">\n\t\t\t\t<div class=\"elementor-widget-container\">\n\t\t\t\t\t\t\t<a class=\"konte-button konte-button--elementor konte-button--type-outline button-outline konte-button--size-large large konte-button--link button rounded\" role=\"button\" href=\"#\">\n\t\t\t<span class=\"konte-button__text\">button text<\/span>\n\t\t<\/a>\n\t\t\t\t\t\t<\/div>\n\t\t\t\t<\/div>\n\t\t\t\t<div class=\"elementor-element elementor-element-c21cb97 konte-button-wrapper--align-center elementor-widget elementor-widget-konte-button\" data-id=\"c21cb97\" data-element_type=\"widget\" data-e-type=\"widget\" data-widget_type=\"konte-button.default\">\n\t\t\t\t<div class=\"elementor-widget-container\">\n\t\t\t\t\t\t\t<a class=\"konte-button konte-button--elementor konte-button--type-outline button-outline konte-button--size-medium medium konte-button--link button rounded\" role=\"button\" href=\"#\">\n\t\t\t<span class=\"konte-button__text\">button text<\/span>\n\t\t<\/a>\n\t\t\t\t\t\t<\/div>\n\t\t\t\t<\/div>\n\t\t\t\t<div class=\"elementor-element elementor-element-c0c51bd konte-button-wrapper--align-center elementor-widget elementor-widget-konte-button\" data-id=\"c0c51bd\" data-element_type=\"widget\" data-e-type=\"widget\" data-widget_type=\"konte-button.default\">\n\t\t\t\t<div class=\"elementor-widget-container\">\n\t\t\t\t\t\t\t<a class=\"konte-button konte-button--elementor konte-button--type-outline button-outline konte-button--size-normal normal konte-button--link button rounded\" role=\"button\" href=\"#\">\n\t\t\t<span class=\"konte-button__text\">button text<\/span>\n\t\t<\/a>\n\t\t\t\t\t\t<\/div>\n\t\t\t\t<\/div>\n\t\t\t\t<div class=\"elementor-element elementor-element-447d4d7 konte-button-wrapper--align-center elementor-widget elementor-widget-konte-button\" data-id=\"447d4d7\" data-element_type=\"widget\" data-e-type=\"widget\" data-widget_type=\"konte-button.default\">\n\t\t\t\t<div class=\"elementor-widget-container\">\n\t\t\t\t\t\t\t<a class=\"konte-button konte-button--elementor konte-button--type-outline button-outline konte-button--size-small small konte-button--link button rounded\" role=\"button\" href=\"#\">\n\t\t\t<span class=\"konte-button__text\">button text<\/span>\n\t\t<\/a>\n\t\t\t\t\t\t<\/div>\n\t\t\t\t<\/div>\n\t\t\t\t<div class=\"elementor-element elementor-element-a044e70 konte-button-wrapper--align-center elementor-widget elementor-widget-konte-button\" data-id=\"a044e70\" data-element_type=\"widget\" data-e-type=\"widget\" data-widget_type=\"konte-button.default\">\n\t\t\t\t<div class=\"elementor-widget-container\">\n\t\t\t\t\t\t\t<a class=\"konte-button konte-button--elementor konte-button--type-underline button-underline konte-button--size-small small konte-button--link underline-full\" role=\"button\" href=\"#\">\n\t\t\t<span class=\"konte-button__text\">button text<\/span>\n\t\t<\/a>\n\t\t\t\t\t\t<\/div>\n\t\t\t\t<\/div>\n\t\t\t\t\t<\/div>\n\t\t<\/div>\n\t\t\t\t\t<\/div>\n\t\t<\/section>\n\t\t\t\t<section class=\"elementor-section elementor-top-section elementor-element elementor-element-109b6b6 elementor-section-boxed elementor-section-height-default elementor-section-height-default\" data-id=\"109b6b6\" data-element_type=\"section\" data-e-type=\"section\">\n\t\t\t\t\t\t<div class=\"elementor-container elementor-column-gap-default\">\n\t\t\t\t\t<div class=\"elementor-column elementor-col-50 elementor-top-column elementor-element elementor-element-d9338bb\" data-id=\"d9338bb\" data-element_type=\"column\" data-e-type=\"column\">\n\t\t\t<div class=\"elementor-widget-wrap elementor-element-populated\">\n\t\t\t\t\t\t<div class=\"elementor-element elementor-element-b1d676f konte-button-wrapper--align-center elementor-widget elementor-widget-konte-button\" data-id=\"b1d676f\" data-element_type=\"widget\" data-e-type=\"widget\" data-widget_type=\"konte-button.default\">\n\t\t\t\t<div class=\"elementor-widget-container\">\n\t\t\t\t\t\t\t<a class=\"konte-button konte-button--elementor konte-button--type-normal button-normal konte-button--size-large large konte-button--link button square\" role=\"button\" href=\"#\">\n\t\t\t<span class=\"konte-button__text\">Button text<\/span>\n\t\t<\/a>\n\t\t\t\t\t\t<\/div>\n\t\t\t\t<\/div>\n\t\t\t\t<div class=\"elementor-element elementor-element-618da21 konte-button-wrapper--align-center elementor-widget elementor-widget-konte-button\" data-id=\"618da21\" data-element_type=\"widget\" data-e-type=\"widget\" data-widget_type=\"konte-button.default\">\n\t\t\t\t<div class=\"elementor-widget-container\">\n\t\t\t\t\t\t\t<a class=\"konte-button konte-button--elementor konte-button--type-normal button-normal konte-button--size-medium medium konte-button--link button square\" role=\"button\" href=\"#\">\n\t\t\t<span class=\"konte-button__text\">Button text<\/span>\n\t\t<\/a>\n\t\t\t\t\t\t<\/div>\n\t\t\t\t<\/div>\n\t\t\t\t<div class=\"elementor-element elementor-element-8efe24b konte-button-wrapper--align-center elementor-widget elementor-widget-konte-button\" data-id=\"8efe24b\" data-element_type=\"widget\" data-e-type=\"widget\" data-widget_type=\"konte-button.default\">\n\t\t\t\t<div class=\"elementor-widget-container\">\n\t\t\t\t\t\t\t<a class=\"konte-button konte-button--elementor konte-button--type-normal button-normal konte-button--size-normal normal konte-button--link button square\" role=\"button\" href=\"#\">\n\t\t\t<span class=\"konte-button__text\">Button text<\/span>\n\t\t<\/a>\n\t\t\t\t\t\t<\/div>\n\t\t\t\t<\/div>\n\t\t\t\t<div class=\"elementor-element elementor-element-37018bb konte-button-wrapper--align-center elementor-widget elementor-widget-konte-button\" data-id=\"37018bb\" data-element_type=\"widget\" data-e-type=\"widget\" data-widget_type=\"konte-button.default\">\n\t\t\t\t<div class=\"elementor-widget-container\">\n\t\t\t\t\t\t\t<a class=\"konte-button konte-button--elementor konte-button--type-normal button-normal konte-button--size-small small konte-button--link button square\" role=\"button\" href=\"#\">\n\t\t\t<span class=\"konte-button__text\">Button text<\/span>\n\t\t<\/a>\n\t\t\t\t\t\t<\/div>\n\t\t\t\t<\/div>\n\t\t\t\t\t<\/div>\n\t\t<\/div>\n\t\t\t\t<div class=\"elementor-column elementor-col-50 elementor-top-column elementor-element elementor-element-a5284dd\" data-id=\"a5284dd\" data-element_type=\"column\" data-e-type=\"column\">\n\t\t\t<div class=\"elementor-widget-wrap elementor-element-populated\">\n\t\t\t\t\t\t<div class=\"elementor-element elementor-element-1cb55fe konte-button-wrapper--align-center elementor-widget elementor-widget-konte-button\" data-id=\"1cb55fe\" data-element_type=\"widget\" data-e-type=\"widget\" data-widget_type=\"konte-button.default\">\n\t\t\t\t<div class=\"elementor-widget-container\">\n\t\t\t\t\t\t\t<a class=\"konte-button konte-button--elementor konte-button--type-normal button-normal konte-button--size-large large konte-button--link button rounded\" role=\"button\" href=\"#\">\n\t\t\t<span class=\"konte-button__text\">Button text<\/span>\n\t\t<\/a>\n\t\t\t\t\t\t<\/div>\n\t\t\t\t<\/div>\n\t\t\t\t<div class=\"elementor-element elementor-element-6cbd3d8 konte-button-wrapper--align-center elementor-widget elementor-widget-konte-button\" data-id=\"6cbd3d8\" data-element_type=\"widget\" data-e-type=\"widget\" data-widget_type=\"konte-button.default\">\n\t\t\t\t<div class=\"elementor-widget-container\">\n\t\t\t\t\t\t\t<a class=\"konte-button konte-button--elementor konte-button--type-normal button-normal konte-button--size-medium medium konte-button--link button rounded\" role=\"button\" href=\"#\">\n\t\t\t<span class=\"konte-button__text\">Button Text<\/span>\n\t\t<\/a>\n\t\t\t\t\t\t<\/div>\n\t\t\t\t<\/div>\n\t\t\t\t<div class=\"elementor-element elementor-element-4929927 konte-button-wrapper--align-center elementor-widget elementor-widget-konte-button\" data-id=\"4929927\" data-element_type=\"widget\" data-e-type=\"widget\" data-widget_type=\"konte-button.default\">\n\t\t\t\t<div class=\"elementor-widget-container\">\n\t\t\t\t\t\t\t<a class=\"konte-button konte-button--elementor konte-button--type-normal button-normal konte-button--size-normal normal konte-button--link button rounded\" role=\"button\" href=\"#\">\n\t\t\t<span class=\"konte-button__text\">Button text<\/span>\n\t\t<\/a>\n\t\t\t\t\t\t<\/div>\n\t\t\t\t<\/div>\n\t\t\t\t<div class=\"elementor-element elementor-element-68cde89 konte-button-wrapper--align-center elementor-widget elementor-widget-konte-button\" data-id=\"68cde89\" data-element_type=\"widget\" data-e-type=\"widget\" data-widget_type=\"konte-button.default\">\n\t\t\t\t<div class=\"elementor-widget-container\">\n\t\t\t\t\t\t\t<a class=\"konte-button konte-button--elementor konte-button--type-normal button-normal konte-button--size-small small konte-button--link button rounded\" role=\"button\" href=\"#\">\n\t\t\t<span class=\"konte-button__text\">Button text<\/span>\n\t\t<\/a>\n\t\t\t\t\t\t<\/div>\n\t\t\t\t<\/div>\n\t\t\t\t\t<\/div>\n\t\t<\/div>\n\t\t\t\t\t<\/div>\n\t\t<\/section>\n\t\t\t\t<section class=\"elementor-section elementor-top-section elementor-element elementor-element-7e6b30f elementor-section-boxed elementor-section-height-default elementor-section-height-default\" data-id=\"7e6b30f\" data-element_type=\"section\" data-e-type=\"section\">\n\t\t\t\t\t\t<div class=\"elementor-container elementor-column-gap-default\">\n\t\t\t\t\t<div class=\"elementor-column elementor-col-33 elementor-top-column elementor-element elementor-element-e2ed47e\" data-id=\"e2ed47e\" data-element_type=\"column\" data-e-type=\"column\">\n\t\t\t<div class=\"elementor-widget-wrap elementor-element-populated\">\n\t\t\t\t\t\t<div class=\"elementor-element elementor-element-2a17bf1 konte-button-wrapper--align-center elementor-widget elementor-widget-konte-button\" data-id=\"2a17bf1\" data-element_type=\"widget\" data-e-type=\"widget\" data-widget_type=\"konte-button.default\">\n\t\t\t\t<div class=\"elementor-widget-container\">\n\t\t\t\t\t\t\t<a class=\"konte-button konte-button--elementor konte-button--type-underline button-underline konte-button--size-large large konte-button--link underline-small underline-left\" role=\"button\" href=\"#\">\n\t\t\t<span class=\"konte-button__text\">Button Text<\/span>\n\t\t<\/a>\n\t\t\t\t\t\t<\/div>\n\t\t\t\t<\/div>\n\t\t\t\t\t<\/div>\n\t\t<\/div>\n\t\t\t\t<div class=\"elementor-column elementor-col-33 elementor-top-column elementor-element elementor-element-ba0aae4\" data-id=\"ba0aae4\" data-element_type=\"column\" data-e-type=\"column\">\n\t\t\t<div class=\"elementor-widget-wrap elementor-element-populated\">\n\t\t\t\t\t\t<div class=\"elementor-element elementor-element-5c0ab99 konte-button-wrapper--align-center elementor-widget elementor-widget-konte-button\" data-id=\"5c0ab99\" data-element_type=\"widget\" data-e-type=\"widget\" data-widget_type=\"konte-button.default\">\n\t\t\t\t<div class=\"elementor-widget-container\">\n\t\t\t\t\t\t\t<a class=\"konte-button konte-button--elementor konte-button--type-underline button-underline konte-button--size-large large konte-button--link underline-small underline-center\" role=\"button\" href=\"#\">\n\t\t\t<span class=\"konte-button__text\">Button Text<\/span>\n\t\t<\/a>\n\t\t\t\t\t\t<\/div>\n\t\t\t\t<\/div>\n\t\t\t\t\t<\/div>\n\t\t<\/div>\n\t\t\t\t<div class=\"elementor-column elementor-col-33 elementor-top-column elementor-element elementor-element-a9840fe\" data-id=\"a9840fe\" data-element_type=\"column\" data-e-type=\"column\">\n\t\t\t<div class=\"elementor-widget-wrap elementor-element-populated\">\n\t\t\t\t\t\t<div class=\"elementor-element elementor-element-8516f68 konte-button-wrapper--align-center elementor-widget elementor-widget-konte-button\" data-id=\"8516f68\" data-element_type=\"widget\" data-e-type=\"widget\" data-widget_type=\"konte-button.default\">\n\t\t\t\t<div class=\"elementor-widget-container\">\n\t\t\t\t\t\t\t<a class=\"konte-button konte-button--elementor konte-button--type-underline button-underline konte-button--size-large large konte-button--link underline-small underline-right\" role=\"button\" href=\"#\">\n\t\t\t<span class=\"konte-button__text\">Button Text<\/span>\n\t\t<\/a>\n\t\t\t\t\t\t<\/div>\n\t\t\t\t<\/div>\n\t\t\t\t\t<\/div>\n\t\t<\/div>\n\t\t\t\t\t<\/div>\n\t\t<\/section>\n\t\t\t\t<\/div>\n\t\t","protected":false},"excerpt":{"rendered":"<p>button text button text button text button text button text button text button text button text button text button text Button text Button text Button text Button text Button text&hellip;<\/p>\n","protected":false},"author":1,"featured_media":0,"parent":576,"menu_order":0,"comment_status":"closed","ping_status":"closed","template":"","meta":{"footnotes":""},"class_list":["post-641","page","type-page","status-publish","hentry"],"yoast_head":"<!-- This site is optimized with the Yoast SEO plugin v27.3 - https:\/\/yoast.com\/product\/yoast-seo-wordpress\/ -->\n<title>Buttons - Fromagerie Meriah<\/title>\n<meta name=\"robots\" content=\"index, follow, max-snippet:-1, max-image-preview:large, max-video-preview:-1\" \/>\n<link rel=\"canonical\" href=\"https:\/\/meriah.digitika.com\/?page_id=641\" \/>\n<meta property=\"og:locale\" content=\"en_US\" \/>\n<meta property=\"og:type\" content=\"article\" \/>\n<meta property=\"og:title\" content=\"Buttons - Fromagerie Meriah\" \/>\n<meta property=\"og:description\" content=\"button text button text button text button text button text button text button text button text button text button text Button text Button text Button text Button text Button text&hellip;\" \/>\n<meta property=\"og:url\" content=\"https:\/\/meriah.digitika.com\/?page_id=641\" \/>\n<meta property=\"og:site_name\" content=\"Fromagerie Meriah\" \/>\n<meta name=\"twitter:card\" content=\"summary_large_image\" \/>\n<script type=\"application\/ld+json\" class=\"yoast-schema-graph\">{\"@context\":\"https:\\\/\\\/schema.org\",\"@graph\":[{\"@type\":\"WebPage\",\"@id\":\"https:\\\/\\\/meriah.digitika.com\\\/?page_id=641\",\"url\":\"https:\\\/\\\/meriah.digitika.com\\\/?page_id=641\",\"name\":\"Buttons - Fromagerie Meriah\",\"isPartOf\":{\"@id\":\"https:\\\/\\\/meriah.digitika.com\\\/#website\"},\"datePublished\":\"2018-09-11T08:32:45+00:00\",\"breadcrumb\":{\"@id\":\"https:\\\/\\\/meriah.digitika.com\\\/?page_id=641#breadcrumb\"},\"inLanguage\":\"en-US\",\"potentialAction\":[{\"@type\":\"ReadAction\",\"target\":[\"https:\\\/\\\/meriah.digitika.com\\\/?page_id=641\"]}]},{\"@type\":\"BreadcrumbList\",\"@id\":\"https:\\\/\\\/meriah.digitika.com\\\/?page_id=641#breadcrumb\",\"itemListElement\":[{\"@type\":\"ListItem\",\"position\":1,\"name\":\"Home\",\"item\":\"https:\\\/\\\/meriah.digitika.com\\\/\"},{\"@type\":\"ListItem\",\"position\":2,\"name\":\"Elements\",\"item\":\"https:\\\/\\\/meriah.digitika.com\\\/?page_id=576\"},{\"@type\":\"ListItem\",\"position\":3,\"name\":\"Buttons\"}]},{\"@type\":\"WebSite\",\"@id\":\"https:\\\/\\\/meriah.digitika.com\\\/#website\",\"url\":\"https:\\\/\\\/meriah.digitika.com\\\/\",\"name\":\"Fromagerie Meriah\",\"description\":\"Cr\u00e9e en 1997, par Mr Lotfi Meriah, la fromagerie Meriah est connue par ses produits faits \u00e0 100% de lait de ferme, fabriqu\u00e9s par Tunifrom. \",\"publisher\":{\"@id\":\"https:\\\/\\\/meriah.digitika.com\\\/#organization\"},\"potentialAction\":[{\"@type\":\"SearchAction\",\"target\":{\"@type\":\"EntryPoint\",\"urlTemplate\":\"https:\\\/\\\/meriah.digitika.com\\\/?s={search_term_string}\"},\"query-input\":{\"@type\":\"PropertyValueSpecification\",\"valueRequired\":true,\"valueName\":\"search_term_string\"}}],\"inLanguage\":\"en-US\"},{\"@type\":\"Organization\",\"@id\":\"https:\\\/\\\/meriah.digitika.com\\\/#organization\",\"name\":\"Fromagerie Meriah\",\"url\":\"https:\\\/\\\/meriah.digitika.com\\\/\",\"logo\":{\"@type\":\"ImageObject\",\"inLanguage\":\"en-US\",\"@id\":\"https:\\\/\\\/meriah.digitika.com\\\/#\\\/schema\\\/logo\\\/image\\\/\",\"url\":\"https:\\\/\\\/meriah.digitika.com\\\/wp-content\\\/uploads\\\/2026\\\/04\\\/newyork-logo-1586819150.png\",\"contentUrl\":\"https:\\\/\\\/meriah.digitika.com\\\/wp-content\\\/uploads\\\/2026\\\/04\\\/newyork-logo-1586819150.png\",\"width\":842,\"height\":595,\"caption\":\"Fromagerie Meriah\"},\"image\":{\"@id\":\"https:\\\/\\\/meriah.digitika.com\\\/#\\\/schema\\\/logo\\\/image\\\/\"}}]}<\/script>\n<!-- \/ Yoast SEO plugin. -->","yoast_head_json":{"title":"Buttons - Fromagerie Meriah","robots":{"index":"index","follow":"follow","max-snippet":"max-snippet:-1","max-image-preview":"max-image-preview:large","max-video-preview":"max-video-preview:-1"},"canonical":"https:\/\/meriah.digitika.com\/?page_id=641","og_locale":"en_US","og_type":"article","og_title":"Buttons - Fromagerie Meriah","og_description":"button text button text button text button text button text button text button text button text button text button text Button text Button text Button text Button text Button text&hellip;","og_url":"https:\/\/meriah.digitika.com\/?page_id=641","og_site_name":"Fromagerie Meriah","twitter_card":"summary_large_image","schema":{"@context":"https:\/\/schema.org","@graph":[{"@type":"WebPage","@id":"https:\/\/meriah.digitika.com\/?page_id=641","url":"https:\/\/meriah.digitika.com\/?page_id=641","name":"Buttons - Fromagerie Meriah","isPartOf":{"@id":"https:\/\/meriah.digitika.com\/#website"},"datePublished":"2018-09-11T08:32:45+00:00","breadcrumb":{"@id":"https:\/\/meriah.digitika.com\/?page_id=641#breadcrumb"},"inLanguage":"en-US","potentialAction":[{"@type":"ReadAction","target":["https:\/\/meriah.digitika.com\/?page_id=641"]}]},{"@type":"BreadcrumbList","@id":"https:\/\/meriah.digitika.com\/?page_id=641#breadcrumb","itemListElement":[{"@type":"ListItem","position":1,"name":"Home","item":"https:\/\/meriah.digitika.com\/"},{"@type":"ListItem","position":2,"name":"Elements","item":"https:\/\/meriah.digitika.com\/?page_id=576"},{"@type":"ListItem","position":3,"name":"Buttons"}]},{"@type":"WebSite","@id":"https:\/\/meriah.digitika.com\/#website","url":"https:\/\/meriah.digitika.com\/","name":"Fromagerie Meriah","description":"Cr\u00e9e en 1997, par Mr Lotfi Meriah, la fromagerie Meriah est connue par ses produits faits \u00e0 100% de lait de ferme, fabriqu\u00e9s par Tunifrom. ","publisher":{"@id":"https:\/\/meriah.digitika.com\/#organization"},"potentialAction":[{"@type":"SearchAction","target":{"@type":"EntryPoint","urlTemplate":"https:\/\/meriah.digitika.com\/?s={search_term_string}"},"query-input":{"@type":"PropertyValueSpecification","valueRequired":true,"valueName":"search_term_string"}}],"inLanguage":"en-US"},{"@type":"Organization","@id":"https:\/\/meriah.digitika.com\/#organization","name":"Fromagerie Meriah","url":"https:\/\/meriah.digitika.com\/","logo":{"@type":"ImageObject","inLanguage":"en-US","@id":"https:\/\/meriah.digitika.com\/#\/schema\/logo\/image\/","url":"https:\/\/meriah.digitika.com\/wp-content\/uploads\/2026\/04\/newyork-logo-1586819150.png","contentUrl":"https:\/\/meriah.digitika.com\/wp-content\/uploads\/2026\/04\/newyork-logo-1586819150.png","width":842,"height":595,"caption":"Fromagerie Meriah"},"image":{"@id":"https:\/\/meriah.digitika.com\/#\/schema\/logo\/image\/"}}]}},"_links":{"self":[{"href":"https:\/\/meriah.digitika.com\/index.php?rest_route=\/wp\/v2\/pages\/641","targetHints":{"allow":["GET"]}}],"collection":[{"href":"https:\/\/meriah.digitika.com\/index.php?rest_route=\/wp\/v2\/pages"}],"about":[{"href":"https:\/\/meriah.digitika.com\/index.php?rest_route=\/wp\/v2\/types\/page"}],"author":[{"embeddable":true,"href":"https:\/\/meriah.digitika.com\/index.php?rest_route=\/wp\/v2\/users\/1"}],"replies":[{"embeddable":true,"href":"https:\/\/meriah.digitika.com\/index.php?rest_route=%2Fwp%2Fv2%2Fcomments&post=641"}],"version-history":[{"count":0,"href":"https:\/\/meriah.digitika.com\/index.php?rest_route=\/wp\/v2\/pages\/641\/revisions"}],"up":[{"embeddable":true,"href":"https:\/\/meriah.digitika.com\/index.php?rest_route=\/wp\/v2\/pages\/576"}],"wp:attachment":[{"href":"https:\/\/meriah.digitika.com\/index.php?rest_route=%2Fwp%2Fv2%2Fmedia&parent=641"}],"curies":[{"name":"wp","href":"https:\/\/api.w.org\/{rel}","templated":true}]}}