{"id":697,"date":"2018-09-11T09:44:43","date_gmt":"2018-09-11T09:44:43","guid":{"rendered":"http:\/\/konte.uix.store\/elementor\/?page_id=697"},"modified":"2018-09-11T09:44:43","modified_gmt":"2018-09-11T09:44:43","slug":"blog-post","status":"publish","type":"page","link":"https:\/\/meriah.digitika.com\/?page_id=697","title":{"rendered":"Blog Post"},"content":{"rendered":"\t\t<div data-elementor-type=\"wp-page\" data-elementor-id=\"697\" class=\"elementor elementor-697\">\n\t\t\t\t\t\t<section class=\"elementor-section elementor-top-section elementor-element elementor-element-e32cc14 elementor-section-boxed elementor-section-height-default elementor-section-height-default\" data-id=\"e32cc14\" data-element_type=\"section\" data-e-type=\"section\">\n\t\t\t\t\t\t<div class=\"elementor-container elementor-column-gap-no\">\n\t\t\t\t\t<div class=\"elementor-column elementor-col-100 elementor-top-column elementor-element elementor-element-1287e8d\" data-id=\"1287e8d\" data-element_type=\"column\" data-e-type=\"column\">\n\t\t\t<div class=\"elementor-widget-wrap elementor-element-populated\">\n\t\t\t\t\t\t<div class=\"elementor-element elementor-element-c26d4c6 elementor-widget elementor-widget-konte-posts-carousel\" data-id=\"c26d4c6\" data-element_type=\"widget\" data-e-type=\"widget\" data-settings=\"{&quot;slides_to_scroll&quot;:3,&quot;slides_to_show&quot;:3,&quot;navigation&quot;:&quot;dots&quot;,&quot;infinite&quot;:&quot;yes&quot;,&quot;autoplay&quot;:&quot;yes&quot;,&quot;autoplay_speed&quot;:3000,&quot;pause_on_hover&quot;:&quot;yes&quot;,&quot;speed&quot;:800}\" data-widget_type=\"konte-posts-carousel.default\">\n\t\t\t\t<div class=\"elementor-widget-container\">\n\t\t\t\t\t\t\t<div class=\"konte-post-carousel konte-post-grid konte-post-carousel--elementor konte-carousel--elementor konte-carousel--swiper konte-carousel--nav-dots swiper-container\">\n\t\t\t<div class=\"konte-post-carousel__list swiper-wrapper\">\n\t\t\t\t\t\t\t\t\t<div class=\"post swiper-slide post-1 type-post status-publish format-standard hentry category-uncategorized\">\n\t\t\t\t\t\t\t\t\t\t\t\t<div class=\"konte-post-carousel__summary konte-post-grid__summary\">\n\t\t\t\t\t\t\t<h5 class=\"post-title\"><a href=\"https:\/\/meriah.digitika.com\/?p=1\" rel=\"bookmark\">Hello world!<\/a><\/h5>\n\t\t\t\t\t\t\t<div class=\"post-summary\">Welcome to WordPress. This is your first post. Edit or delete it, then start writing!<\/div>\n\t\t\t\t\t\t\t<a class=\"button alt\" href=\"https:\/\/meriah.digitika.com\/?p=1\">Continue reading<\/a>\n\t\t\t\t\t\t<\/div>\n\t\t\t\t\t<\/div>\n\t\t\t\t\t\t\t\t\t<div class=\"post swiper-slide post-74 type-post status-publish format-standard has-post-thumbnail hentry category-fashion tag-fashion tag-featured tag-shopping tag-summer\">\n\t\t\t\t\t\t\t\t\t\t\t\t\t<a href=\"https:\/\/meriah.digitika.com\/?p=74\" class=\"konte-post-carousel__post-thumbnail post-thumbnail\">\n\t\t\t\t\t\t\t\t<img fetchpriority=\"high\" decoding=\"async\" width=\"450\" height=\"300\" src=\"https:\/\/meriah.digitika.com\/wp-content\/uploads\/2018\/08\/placeholder-450x300.jpg\" class=\"attachment-konte-post-thumbnail-shortcode size-konte-post-thumbnail-shortcode wp-post-image\" alt=\"\" srcset=\"https:\/\/meriah.digitika.com\/wp-content\/uploads\/2018\/08\/placeholder-450x300.jpg 450w, https:\/\/meriah.digitika.com\/wp-content\/uploads\/2018\/08\/placeholder-100x68.jpg 100w\" sizes=\"(max-width: 450px) 100vw, 450px\" \/>\t\t\t\t\t\t\t<\/a>\n\t\t\t\t\t\t\t\t\t\t\t\t<div class=\"konte-post-carousel__summary konte-post-grid__summary\">\n\t\t\t\t\t\t\t<h5 class=\"post-title\"><a href=\"https:\/\/meriah.digitika.com\/?p=74\" rel=\"bookmark\">Go Behind the Scenes at London Fashion  Week Spring<\/a><\/h5>\n\t\t\t\t\t\t\t<div class=\"post-summary\">Suspendisse potenti. Quisque risus sem, volutpat a sapien et, mattis condimentum est. Suspendisse feugiat cursus turpis, et porta lectus euismod accumsan. Nam felis ipsum, eleifend sit amet sodales pellentesque, commodo&hellip;<\/div>\n\t\t\t\t\t\t\t<a class=\"button alt\" href=\"https:\/\/meriah.digitika.com\/?p=74\">Continue reading<\/a>\n\t\t\t\t\t\t<\/div>\n\t\t\t\t\t<\/div>\n\t\t\t\t\t\t\t\t\t<div class=\"post swiper-slide post-71 type-post status-publish format-standard has-post-thumbnail hentry category-lifestyle tag-outfit tag-shopping tag-streetstyle\">\n\t\t\t\t\t\t\t\t\t\t\t\t\t<a href=\"https:\/\/meriah.digitika.com\/?p=71\" class=\"konte-post-carousel__post-thumbnail post-thumbnail\">\n\t\t\t\t\t\t\t\t<img fetchpriority=\"high\" decoding=\"async\" width=\"450\" height=\"300\" src=\"https:\/\/meriah.digitika.com\/wp-content\/uploads\/2018\/08\/placeholder-450x300.jpg\" class=\"attachment-konte-post-thumbnail-shortcode size-konte-post-thumbnail-shortcode wp-post-image\" alt=\"\" srcset=\"https:\/\/meriah.digitika.com\/wp-content\/uploads\/2018\/08\/placeholder-450x300.jpg 450w, https:\/\/meriah.digitika.com\/wp-content\/uploads\/2018\/08\/placeholder-100x68.jpg 100w\" sizes=\"(max-width: 450px) 100vw, 450px\" \/>\t\t\t\t\t\t\t<\/a>\n\t\t\t\t\t\t\t\t\t\t\t\t<div class=\"konte-post-carousel__summary konte-post-grid__summary\">\n\t\t\t\t\t\t\t<h5 class=\"post-title\"><a href=\"https:\/\/meriah.digitika.com\/?p=71\" rel=\"bookmark\">Iconic Eyewear Moments  From The\u201990s<\/a><\/h5>\n\t\t\t\t\t\t\t<div class=\"post-summary\">Suspendisse potenti. Quisque risus sem, volutpat a sapien et, mattis condimentum est. Suspendisse feugiat cursus turpis, et porta lectus euismod accumsan. Nam felis ipsum, eleifend sit amet sodales pellentesque, commodo&hellip;<\/div>\n\t\t\t\t\t\t\t<a class=\"button alt\" href=\"https:\/\/meriah.digitika.com\/?p=71\">Continue reading<\/a>\n\t\t\t\t\t\t<\/div>\n\t\t\t\t\t<\/div>\n\t\t\t\t\t\t\t\t\t<div class=\"post swiper-slide post-68 type-post status-publish format-standard has-post-thumbnail hentry category-culture tag-outfit tag-streetstyle tag-summer\">\n\t\t\t\t\t\t\t\t\t\t\t\t\t<a href=\"https:\/\/meriah.digitika.com\/?p=68\" class=\"konte-post-carousel__post-thumbnail post-thumbnail\">\n\t\t\t\t\t\t\t\t<img fetchpriority=\"high\" decoding=\"async\" width=\"450\" height=\"300\" src=\"https:\/\/meriah.digitika.com\/wp-content\/uploads\/2018\/08\/placeholder-450x300.jpg\" class=\"attachment-konte-post-thumbnail-shortcode size-konte-post-thumbnail-shortcode wp-post-image\" alt=\"\" srcset=\"https:\/\/meriah.digitika.com\/wp-content\/uploads\/2018\/08\/placeholder-450x300.jpg 450w, https:\/\/meriah.digitika.com\/wp-content\/uploads\/2018\/08\/placeholder-100x68.jpg 100w\" sizes=\"(max-width: 450px) 100vw, 450px\" \/>\t\t\t\t\t\t\t<\/a>\n\t\t\t\t\t\t\t\t\t\t\t\t<div class=\"konte-post-carousel__summary konte-post-grid__summary\">\n\t\t\t\t\t\t\t<h5 class=\"post-title\"><a href=\"https:\/\/meriah.digitika.com\/?p=68\" rel=\"bookmark\">This Season\u2019s \u2018It\u2019 Shoe Trend You  Need to Try<\/a><\/h5>\n\t\t\t\t\t\t\t<div class=\"post-summary\">Suspendisse potenti. Quisque risus sem, volutpat a sapien et, mattis condimentum est. Suspendisse feugiat cursus turpis, et porta lectus euismod accumsan. Nam felis ipsum, eleifend sit amet sodales pellentesque, commodo&hellip;<\/div>\n\t\t\t\t\t\t\t<a class=\"button alt\" href=\"https:\/\/meriah.digitika.com\/?p=68\">Continue reading<\/a>\n\t\t\t\t\t\t<\/div>\n\t\t\t\t\t<\/div>\n\t\t\t\t\t\t\t\t\t<div class=\"post swiper-slide post-65 type-post status-publish format-standard has-post-thumbnail hentry category-fashion tag-fashion tag-featured tag-shopping\">\n\t\t\t\t\t\t\t\t\t\t\t\t\t<a href=\"https:\/\/meriah.digitika.com\/?p=65\" class=\"konte-post-carousel__post-thumbnail post-thumbnail\">\n\t\t\t\t\t\t\t\t<img fetchpriority=\"high\" decoding=\"async\" width=\"450\" height=\"300\" src=\"https:\/\/meriah.digitika.com\/wp-content\/uploads\/2018\/08\/placeholder-450x300.jpg\" class=\"attachment-konte-post-thumbnail-shortcode size-konte-post-thumbnail-shortcode wp-post-image\" alt=\"\" srcset=\"https:\/\/meriah.digitika.com\/wp-content\/uploads\/2018\/08\/placeholder-450x300.jpg 450w, https:\/\/meriah.digitika.com\/wp-content\/uploads\/2018\/08\/placeholder-100x68.jpg 100w\" sizes=\"(max-width: 450px) 100vw, 450px\" \/>\t\t\t\t\t\t\t<\/a>\n\t\t\t\t\t\t\t\t\t\t\t\t<div class=\"konte-post-carousel__summary konte-post-grid__summary\">\n\t\t\t\t\t\t\t<h5 class=\"post-title\"><a href=\"https:\/\/meriah.digitika.com\/?p=65\" rel=\"bookmark\">8 Genius Lightweight Foundations for Flawless Skin<\/a><\/h5>\n\t\t\t\t\t\t\t<div class=\"post-summary\">Suspendisse potenti. Quisque risus sem, volutpat a sapien et, mattis condimentum est. Suspendisse feugiat cursus turpis, et porta lectus euismod accumsan. Nam felis ipsum, eleifend sit amet sodales pellentesque, commodo&hellip;<\/div>\n\t\t\t\t\t\t\t<a class=\"button alt\" href=\"https:\/\/meriah.digitika.com\/?p=65\">Continue reading<\/a>\n\t\t\t\t\t\t<\/div>\n\t\t\t\t\t<\/div>\n\t\t\t\t\t\t\t\t\t<div class=\"post swiper-slide post-62 type-post status-publish format-standard has-post-thumbnail hentry category-photography tag-shopping tag-streetstyle\">\n\t\t\t\t\t\t\t\t\t\t\t\t\t<a href=\"https:\/\/meriah.digitika.com\/?p=62\" class=\"konte-post-carousel__post-thumbnail post-thumbnail\">\n\t\t\t\t\t\t\t\t<img fetchpriority=\"high\" decoding=\"async\" width=\"450\" height=\"300\" src=\"https:\/\/meriah.digitika.com\/wp-content\/uploads\/2018\/08\/placeholder-450x300.jpg\" class=\"attachment-konte-post-thumbnail-shortcode size-konte-post-thumbnail-shortcode wp-post-image\" alt=\"\" srcset=\"https:\/\/meriah.digitika.com\/wp-content\/uploads\/2018\/08\/placeholder-450x300.jpg 450w, https:\/\/meriah.digitika.com\/wp-content\/uploads\/2018\/08\/placeholder-100x68.jpg 100w\" sizes=\"(max-width: 450px) 100vw, 450px\" \/>\t\t\t\t\t\t\t<\/a>\n\t\t\t\t\t\t\t\t\t\t\t\t<div class=\"konte-post-carousel__summary konte-post-grid__summary\">\n\t\t\t\t\t\t\t<h5 class=\"post-title\"><a href=\"https:\/\/meriah.digitika.com\/?p=62\" rel=\"bookmark\">The Mixed  Messages of Paris Menswear<\/a><\/h5>\n\t\t\t\t\t\t\t<div class=\"post-summary\">Suspendisse potenti. Quisque risus sem, volutpat a sapien et, mattis condimentum est. Suspendisse feugiat cursus turpis, et porta lectus euismod accumsan. Nam felis ipsum, eleifend sit amet sodales pellentesque, commodo&hellip;<\/div>\n\t\t\t\t\t\t\t<a class=\"button alt\" href=\"https:\/\/meriah.digitika.com\/?p=62\">Continue reading<\/a>\n\t\t\t\t\t\t<\/div>\n\t\t\t\t\t<\/div>\n\t\t\t\t\t\t\t\t\t<div class=\"post swiper-slide post-60 type-post status-publish format-standard has-post-thumbnail hentry category-shopping tag-life tag-outfit tag-shopping\">\n\t\t\t\t\t\t\t\t\t\t\t\t\t<a href=\"https:\/\/meriah.digitika.com\/?p=60\" class=\"konte-post-carousel__post-thumbnail post-thumbnail\">\n\t\t\t\t\t\t\t\t<img fetchpriority=\"high\" decoding=\"async\" width=\"450\" height=\"300\" src=\"https:\/\/meriah.digitika.com\/wp-content\/uploads\/2018\/08\/placeholder-450x300.jpg\" class=\"attachment-konte-post-thumbnail-shortcode size-konte-post-thumbnail-shortcode wp-post-image\" alt=\"\" srcset=\"https:\/\/meriah.digitika.com\/wp-content\/uploads\/2018\/08\/placeholder-450x300.jpg 450w, https:\/\/meriah.digitika.com\/wp-content\/uploads\/2018\/08\/placeholder-100x68.jpg 100w\" sizes=\"(max-width: 450px) 100vw, 450px\" \/>\t\t\t\t\t\t\t<\/a>\n\t\t\t\t\t\t\t\t\t\t\t\t<div class=\"konte-post-carousel__summary konte-post-grid__summary\">\n\t\t\t\t\t\t\t<h5 class=\"post-title\"><a href=\"https:\/\/meriah.digitika.com\/?p=60\" rel=\"bookmark\">The Shoes That Will Instantly  Update Any Outfit<\/a><\/h5>\n\t\t\t\t\t\t\t<div class=\"post-summary\">Suspendisse potenti. Quisque risus sem, volutpat a sapien et, mattis condimentum est. Suspendisse feugiat cursus turpis, et porta lectus euismod accumsan. Nam felis ipsum, eleifend sit amet sodales pellentesque, commodo&hellip;<\/div>\n\t\t\t\t\t\t\t<a class=\"button alt\" href=\"https:\/\/meriah.digitika.com\/?p=60\">Continue reading<\/a>\n\t\t\t\t\t\t<\/div>\n\t\t\t\t\t<\/div>\n\t\t\t\t\t\t\t\t\t<div class=\"post swiper-slide post-57 type-post status-publish format-standard has-post-thumbnail hentry category-photography tag-outfit tag-shopping tag-streetstyle\">\n\t\t\t\t\t\t\t\t\t\t\t\t\t<a href=\"https:\/\/meriah.digitika.com\/?p=57\" class=\"konte-post-carousel__post-thumbnail post-thumbnail\">\n\t\t\t\t\t\t\t\t<img fetchpriority=\"high\" decoding=\"async\" width=\"450\" height=\"300\" src=\"https:\/\/meriah.digitika.com\/wp-content\/uploads\/2018\/08\/placeholder-450x300.jpg\" class=\"attachment-konte-post-thumbnail-shortcode size-konte-post-thumbnail-shortcode wp-post-image\" alt=\"\" srcset=\"https:\/\/meriah.digitika.com\/wp-content\/uploads\/2018\/08\/placeholder-450x300.jpg 450w, https:\/\/meriah.digitika.com\/wp-content\/uploads\/2018\/08\/placeholder-100x68.jpg 100w\" sizes=\"(max-width: 450px) 100vw, 450px\" \/>\t\t\t\t\t\t\t<\/a>\n\t\t\t\t\t\t\t\t\t\t\t\t<div class=\"konte-post-carousel__summary konte-post-grid__summary\">\n\t\t\t\t\t\t\t<h5 class=\"post-title\"><a href=\"https:\/\/meriah.digitika.com\/?p=57\" rel=\"bookmark\">Accessories Maestro Pierre Hardy Receives the Honneur<\/a><\/h5>\n\t\t\t\t\t\t\t<div class=\"post-summary\">Suspendisse potenti. Quisque risus sem, volutpat a sapien et, mattis condimentum est. Suspendisse feugiat cursus turpis, et porta lectus euismod accumsan. Nam felis ipsum, eleifend sit amet sodales pellentesque, commodo&hellip;<\/div>\n\t\t\t\t\t\t\t<a class=\"button alt\" href=\"https:\/\/meriah.digitika.com\/?p=57\">Continue reading<\/a>\n\t\t\t\t\t\t<\/div>\n\t\t\t\t\t<\/div>\n\t\t\t\t\t\t\t\t\t<div class=\"post swiper-slide post-54 type-post status-publish format-standard has-post-thumbnail hentry category-lifestyle tag-fashion tag-life tag-staffs-pick tag-summer\">\n\t\t\t\t\t\t\t\t\t\t\t\t\t<a href=\"https:\/\/meriah.digitika.com\/?p=54\" class=\"konte-post-carousel__post-thumbnail post-thumbnail\">\n\t\t\t\t\t\t\t\t<img fetchpriority=\"high\" decoding=\"async\" width=\"450\" height=\"300\" src=\"https:\/\/meriah.digitika.com\/wp-content\/uploads\/2018\/08\/placeholder-450x300.jpg\" class=\"attachment-konte-post-thumbnail-shortcode size-konte-post-thumbnail-shortcode wp-post-image\" alt=\"\" srcset=\"https:\/\/meriah.digitika.com\/wp-content\/uploads\/2018\/08\/placeholder-450x300.jpg 450w, https:\/\/meriah.digitika.com\/wp-content\/uploads\/2018\/08\/placeholder-100x68.jpg 100w\" sizes=\"(max-width: 450px) 100vw, 450px\" \/>\t\t\t\t\t\t\t<\/a>\n\t\t\t\t\t\t\t\t\t\t\t\t<div class=\"konte-post-carousel__summary konte-post-grid__summary\">\n\t\t\t\t\t\t\t<h5 class=\"post-title\"><a href=\"https:\/\/meriah.digitika.com\/?p=54\" rel=\"bookmark\">The French Skincare Secret You Don\u2019t Want To Miss<\/a><\/h5>\n\t\t\t\t\t\t\t<div class=\"post-summary\">Suspendisse potenti. Quisque risus sem, volutpat a sapien et, mattis condimentum est. Suspendisse feugiat cursus turpis, et porta lectus euismod accumsan. Nam felis ipsum, eleifend sit amet sodales pellentesque, commodo&hellip;<\/div>\n\t\t\t\t\t\t\t<a class=\"button alt\" href=\"https:\/\/meriah.digitika.com\/?p=54\">Continue reading<\/a>\n\t\t\t\t\t\t<\/div>\n\t\t\t\t\t<\/div>\n\t\t\t\t\t\t\t<\/div>\n\t\t\t<div class=\"konte-carousel__pagination swiper-pagination\"><\/div>\t\t<\/div>\n\t\t\t\t\t\t<\/div>\n\t\t\t\t<\/div>\n\t\t\t\t\t<\/div>\n\t\t<\/div>\n\t\t\t\t\t<\/div>\n\t\t<\/section>\n\t\t\t\t<\/div>\n\t\t","protected":false},"excerpt":{"rendered":"<p>Go Behind the Scenes at London Fashion Week Spring Suspendisse potenti. Quisque risus sem, volutpat a sapien et, mattis condimentum est. Suspendisse feugiat cursus turpis, et porta lectus euismod accumsan.&hellip;<\/p>\n","protected":false},"author":1,"featured_media":0,"parent":576,"menu_order":0,"comment_status":"closed","ping_status":"closed","template":"","meta":{"footnotes":""},"class_list":["post-697","page","type-page","status-publish","hentry"],"yoast_head":"<!-- This site is optimized with the Yoast SEO plugin v27.3 - https:\/\/yoast.com\/product\/yoast-seo-wordpress\/ -->\n<title>Blog Post - Fromagerie Meriah<\/title>\n<meta name=\"robots\" content=\"index, follow, max-snippet:-1, max-image-preview:large, max-video-preview:-1\" \/>\n<link rel=\"canonical\" href=\"https:\/\/meriah.digitika.com\/?page_id=697\" \/>\n<meta property=\"og:locale\" content=\"en_US\" \/>\n<meta property=\"og:type\" content=\"article\" \/>\n<meta property=\"og:title\" content=\"Blog Post - Fromagerie Meriah\" \/>\n<meta property=\"og:description\" content=\"Go Behind the Scenes at London Fashion Week Spring Suspendisse potenti. Quisque risus sem, volutpat a sapien et, mattis condimentum est. Suspendisse feugiat cursus turpis, et porta lectus euismod accumsan.&hellip;\" \/>\n<meta property=\"og:url\" content=\"https:\/\/meriah.digitika.com\/?page_id=697\" \/>\n<meta property=\"og:site_name\" content=\"Fromagerie Meriah\" \/>\n<meta property=\"og:image\" content=\"https:\/\/konte.uix.store\/elementor\/wp-content\/uploads\/sites\/9\/2018\/08\/blog-1-450x300.jpg\" \/>\n<meta name=\"twitter:card\" content=\"summary_large_image\" \/>\n<meta name=\"twitter:label1\" content=\"Est. reading time\" \/>\n\t<meta name=\"twitter:data1\" content=\"2 minutes\" \/>\n<script type=\"application\/ld+json\" class=\"yoast-schema-graph\">{\"@context\":\"https:\\\/\\\/schema.org\",\"@graph\":[{\"@type\":\"WebPage\",\"@id\":\"https:\\\/\\\/meriah.digitika.com\\\/?page_id=697\",\"url\":\"https:\\\/\\\/meriah.digitika.com\\\/?page_id=697\",\"name\":\"Blog Post - Fromagerie Meriah\",\"isPartOf\":{\"@id\":\"https:\\\/\\\/meriah.digitika.com\\\/#website\"},\"primaryImageOfPage\":{\"@id\":\"https:\\\/\\\/meriah.digitika.com\\\/?page_id=697#primaryimage\"},\"image\":{\"@id\":\"https:\\\/\\\/meriah.digitika.com\\\/?page_id=697#primaryimage\"},\"thumbnailUrl\":\"https:\\\/\\\/konte.uix.store\\\/elementor\\\/wp-content\\\/uploads\\\/sites\\\/9\\\/2018\\\/08\\\/blog-1-450x300.jpg\",\"datePublished\":\"2018-09-11T09:44:43+00:00\",\"breadcrumb\":{\"@id\":\"https:\\\/\\\/meriah.digitika.com\\\/?page_id=697#breadcrumb\"},\"inLanguage\":\"en-US\",\"potentialAction\":[{\"@type\":\"ReadAction\",\"target\":[\"https:\\\/\\\/meriah.digitika.com\\\/?page_id=697\"]}]},{\"@type\":\"ImageObject\",\"inLanguage\":\"en-US\",\"@id\":\"https:\\\/\\\/meriah.digitika.com\\\/?page_id=697#primaryimage\",\"url\":\"https:\\\/\\\/konte.uix.store\\\/elementor\\\/wp-content\\\/uploads\\\/sites\\\/9\\\/2018\\\/08\\\/blog-1-450x300.jpg\",\"contentUrl\":\"https:\\\/\\\/konte.uix.store\\\/elementor\\\/wp-content\\\/uploads\\\/sites\\\/9\\\/2018\\\/08\\\/blog-1-450x300.jpg\"},{\"@type\":\"BreadcrumbList\",\"@id\":\"https:\\\/\\\/meriah.digitika.com\\\/?page_id=697#breadcrumb\",\"itemListElement\":[{\"@type\":\"ListItem\",\"position\":1,\"name\":\"Home\",\"item\":\"https:\\\/\\\/meriah.digitika.com\\\/\"},{\"@type\":\"ListItem\",\"position\":2,\"name\":\"Elements\",\"item\":\"https:\\\/\\\/meriah.digitika.com\\\/?page_id=576\"},{\"@type\":\"ListItem\",\"position\":3,\"name\":\"Blog Post\"}]},{\"@type\":\"WebSite\",\"@id\":\"https:\\\/\\\/meriah.digitika.com\\\/#website\",\"url\":\"https:\\\/\\\/meriah.digitika.com\\\/\",\"name\":\"Fromagerie Meriah\",\"description\":\"Cr\u00e9e en 1997, par Mr Lotfi Meriah, la fromagerie Meriah est connue par ses produits faits \u00e0 100% de lait de ferme, fabriqu\u00e9s par Tunifrom. \",\"publisher\":{\"@id\":\"https:\\\/\\\/meriah.digitika.com\\\/#organization\"},\"potentialAction\":[{\"@type\":\"SearchAction\",\"target\":{\"@type\":\"EntryPoint\",\"urlTemplate\":\"https:\\\/\\\/meriah.digitika.com\\\/?s={search_term_string}\"},\"query-input\":{\"@type\":\"PropertyValueSpecification\",\"valueRequired\":true,\"valueName\":\"search_term_string\"}}],\"inLanguage\":\"en-US\"},{\"@type\":\"Organization\",\"@id\":\"https:\\\/\\\/meriah.digitika.com\\\/#organization\",\"name\":\"Fromagerie Meriah\",\"url\":\"https:\\\/\\\/meriah.digitika.com\\\/\",\"logo\":{\"@type\":\"ImageObject\",\"inLanguage\":\"en-US\",\"@id\":\"https:\\\/\\\/meriah.digitika.com\\\/#\\\/schema\\\/logo\\\/image\\\/\",\"url\":\"https:\\\/\\\/meriah.digitika.com\\\/wp-content\\\/uploads\\\/2026\\\/04\\\/newyork-logo-1586819150.png\",\"contentUrl\":\"https:\\\/\\\/meriah.digitika.com\\\/wp-content\\\/uploads\\\/2026\\\/04\\\/newyork-logo-1586819150.png\",\"width\":842,\"height\":595,\"caption\":\"Fromagerie Meriah\"},\"image\":{\"@id\":\"https:\\\/\\\/meriah.digitika.com\\\/#\\\/schema\\\/logo\\\/image\\\/\"}}]}<\/script>\n<!-- \/ Yoast SEO plugin. -->","yoast_head_json":{"title":"Blog Post - Fromagerie Meriah","robots":{"index":"index","follow":"follow","max-snippet":"max-snippet:-1","max-image-preview":"max-image-preview:large","max-video-preview":"max-video-preview:-1"},"canonical":"https:\/\/meriah.digitika.com\/?page_id=697","og_locale":"en_US","og_type":"article","og_title":"Blog Post - Fromagerie Meriah","og_description":"Go Behind the Scenes at London Fashion Week Spring Suspendisse potenti. Quisque risus sem, volutpat a sapien et, mattis condimentum est. Suspendisse feugiat cursus turpis, et porta lectus euismod accumsan.&hellip;","og_url":"https:\/\/meriah.digitika.com\/?page_id=697","og_site_name":"Fromagerie Meriah","og_image":[{"url":"https:\/\/konte.uix.store\/elementor\/wp-content\/uploads\/sites\/9\/2018\/08\/blog-1-450x300.jpg","type":"","width":"","height":""}],"twitter_card":"summary_large_image","twitter_misc":{"Est. reading time":"2 minutes"},"schema":{"@context":"https:\/\/schema.org","@graph":[{"@type":"WebPage","@id":"https:\/\/meriah.digitika.com\/?page_id=697","url":"https:\/\/meriah.digitika.com\/?page_id=697","name":"Blog Post - Fromagerie Meriah","isPartOf":{"@id":"https:\/\/meriah.digitika.com\/#website"},"primaryImageOfPage":{"@id":"https:\/\/meriah.digitika.com\/?page_id=697#primaryimage"},"image":{"@id":"https:\/\/meriah.digitika.com\/?page_id=697#primaryimage"},"thumbnailUrl":"https:\/\/konte.uix.store\/elementor\/wp-content\/uploads\/sites\/9\/2018\/08\/blog-1-450x300.jpg","datePublished":"2018-09-11T09:44:43+00:00","breadcrumb":{"@id":"https:\/\/meriah.digitika.com\/?page_id=697#breadcrumb"},"inLanguage":"en-US","potentialAction":[{"@type":"ReadAction","target":["https:\/\/meriah.digitika.com\/?page_id=697"]}]},{"@type":"ImageObject","inLanguage":"en-US","@id":"https:\/\/meriah.digitika.com\/?page_id=697#primaryimage","url":"https:\/\/konte.uix.store\/elementor\/wp-content\/uploads\/sites\/9\/2018\/08\/blog-1-450x300.jpg","contentUrl":"https:\/\/konte.uix.store\/elementor\/wp-content\/uploads\/sites\/9\/2018\/08\/blog-1-450x300.jpg"},{"@type":"BreadcrumbList","@id":"https:\/\/meriah.digitika.com\/?page_id=697#breadcrumb","itemListElement":[{"@type":"ListItem","position":1,"name":"Home","item":"https:\/\/meriah.digitika.com\/"},{"@type":"ListItem","position":2,"name":"Elements","item":"https:\/\/meriah.digitika.com\/?page_id=576"},{"@type":"ListItem","position":3,"name":"Blog Post"}]},{"@type":"WebSite","@id":"https:\/\/meriah.digitika.com\/#website","url":"https:\/\/meriah.digitika.com\/","name":"Fromagerie Meriah","description":"Cr\u00e9e en 1997, par Mr Lotfi Meriah, la fromagerie Meriah est connue par ses produits faits \u00e0 100% de lait de ferme, fabriqu\u00e9s par Tunifrom. ","publisher":{"@id":"https:\/\/meriah.digitika.com\/#organization"},"potentialAction":[{"@type":"SearchAction","target":{"@type":"EntryPoint","urlTemplate":"https:\/\/meriah.digitika.com\/?s={search_term_string}"},"query-input":{"@type":"PropertyValueSpecification","valueRequired":true,"valueName":"search_term_string"}}],"inLanguage":"en-US"},{"@type":"Organization","@id":"https:\/\/meriah.digitika.com\/#organization","name":"Fromagerie Meriah","url":"https:\/\/meriah.digitika.com\/","logo":{"@type":"ImageObject","inLanguage":"en-US","@id":"https:\/\/meriah.digitika.com\/#\/schema\/logo\/image\/","url":"https:\/\/meriah.digitika.com\/wp-content\/uploads\/2026\/04\/newyork-logo-1586819150.png","contentUrl":"https:\/\/meriah.digitika.com\/wp-content\/uploads\/2026\/04\/newyork-logo-1586819150.png","width":842,"height":595,"caption":"Fromagerie Meriah"},"image":{"@id":"https:\/\/meriah.digitika.com\/#\/schema\/logo\/image\/"}}]}},"_links":{"self":[{"href":"https:\/\/meriah.digitika.com\/index.php?rest_route=\/wp\/v2\/pages\/697","targetHints":{"allow":["GET"]}}],"collection":[{"href":"https:\/\/meriah.digitika.com\/index.php?rest_route=\/wp\/v2\/pages"}],"about":[{"href":"https:\/\/meriah.digitika.com\/index.php?rest_route=\/wp\/v2\/types\/page"}],"author":[{"embeddable":true,"href":"https:\/\/meriah.digitika.com\/index.php?rest_route=\/wp\/v2\/users\/1"}],"replies":[{"embeddable":true,"href":"https:\/\/meriah.digitika.com\/index.php?rest_route=%2Fwp%2Fv2%2Fcomments&post=697"}],"version-history":[{"count":0,"href":"https:\/\/meriah.digitika.com\/index.php?rest_route=\/wp\/v2\/pages\/697\/revisions"}],"up":[{"embeddable":true,"href":"https:\/\/meriah.digitika.com\/index.php?rest_route=\/wp\/v2\/pages\/576"}],"wp:attachment":[{"href":"https:\/\/meriah.digitika.com\/index.php?rest_route=%2Fwp%2Fv2%2Fmedia&parent=697"}],"curies":[{"name":"wp","href":"https:\/\/api.w.org\/{rel}","templated":true}]}}