{"id":3351,"date":"2026-04-10T18:43:47","date_gmt":"2026-04-10T18:43:47","guid":{"rendered":"https:\/\/meriah.digitika.com\/?product=mozzarella-traditionnelle-meriah"},"modified":"2026-04-10T20:19:49","modified_gmt":"2026-04-10T20:19:49","slug":"mozzarella-traditionnelle-meriah","status":"publish","type":"product","link":"https:\/\/meriah.digitika.com\/?product=mozzarella-traditionnelle-meriah","title":{"rendered":"Mozzarella Traditionnelle Meriah"},"content":{"rendered":"<p>La Mozzarella Traditionnelle Meriah est fabriqu\u00e9e selon la m\u00e9thode authentique de filage \u00e0 chaud. Sa texture ferme et son go\u00fbt lact\u00e9 doux la rendent parfaite pour les pizzas, paninis et plats gratin\u00e9s. Longue conservation : 60 jours. Poids : 1 kg.<\/p>\n","protected":false},"excerpt":{"rendered":"<p>Mozzarella traditionnelle en bloc 1 kg \u2014 DLC : 60 jours.<\/p>\n","protected":false},"featured_media":3350,"comment_status":"open","ping_status":"closed","template":"","meta":[],"product_brand":[],"product_cat":[145,15],"product_tag":[118],"class_list":{"0":"post-3351","1":"product","2":"type-product","3":"status-publish","4":"has-post-thumbnail","6":"product_cat-pates-filees","7":"product_cat-uncategorized","8":"product_tag-mozzarellapate-fileepizzagratin","10":"first","11":"instock","12":"featured","13":"shipping-taxable","14":"purchasable","15":"product-type-simple"},"yoast_head":"<!-- This site is optimized with the Yoast SEO plugin v27.3 - https:\/\/yoast.com\/product\/yoast-seo-wordpress\/ -->\n<title>Mozzarella Traditionnelle Meriah - Fromagerie Meriah<\/title>\n<meta name=\"robots\" content=\"index, follow, max-snippet:-1, max-image-preview:large, max-video-preview:-1\" \/>\n<link rel=\"canonical\" href=\"https:\/\/meriah.digitika.com\/?product=mozzarella-traditionnelle-meriah\" \/>\n<meta property=\"og:locale\" content=\"en_US\" \/>\n<meta property=\"og:type\" content=\"article\" \/>\n<meta property=\"og:title\" content=\"Mozzarella Traditionnelle Meriah - Fromagerie Meriah\" \/>\n<meta property=\"og:description\" content=\"Mozzarella traditionnelle en bloc 1 kg \u2014 DLC : 60 jours.\" \/>\n<meta property=\"og:url\" content=\"https:\/\/meriah.digitika.com\/?product=mozzarella-traditionnelle-meriah\" \/>\n<meta property=\"og:site_name\" content=\"Fromagerie Meriah\" \/>\n<meta property=\"article:modified_time\" content=\"2026-04-10T20:19:49+00:00\" \/>\n<meta property=\"og:image\" content=\"https:\/\/meriah.digitika.com\/wp-content\/uploads\/2026\/04\/mozarella-traditionelle.jpg\" \/>\n\t<meta property=\"og:image:width\" content=\"370\" \/>\n\t<meta property=\"og:image:height\" content=\"466\" \/>\n\t<meta property=\"og:image:type\" content=\"image\/jpeg\" \/>\n<meta name=\"twitter:card\" content=\"summary_large_image\" \/>\n<script type=\"application\/ld+json\" class=\"yoast-schema-graph\">{\"@context\":\"https:\\\/\\\/schema.org\",\"@graph\":[{\"@type\":\"WebPage\",\"@id\":\"https:\\\/\\\/meriah.digitika.com\\\/?product=mozzarella-traditionnelle-meriah\",\"url\":\"https:\\\/\\\/meriah.digitika.com\\\/?product=mozzarella-traditionnelle-meriah\",\"name\":\"Mozzarella Traditionnelle Meriah - Fromagerie Meriah\",\"isPartOf\":{\"@id\":\"https:\\\/\\\/meriah.digitika.com\\\/#website\"},\"primaryImageOfPage\":{\"@id\":\"https:\\\/\\\/meriah.digitika.com\\\/?product=mozzarella-traditionnelle-meriah#primaryimage\"},\"image\":{\"@id\":\"https:\\\/\\\/meriah.digitika.com\\\/?product=mozzarella-traditionnelle-meriah#primaryimage\"},\"thumbnailUrl\":\"https:\\\/\\\/meriah.digitika.com\\\/wp-content\\\/uploads\\\/2026\\\/04\\\/mozarella-traditionelle.jpg\",\"datePublished\":\"2026-04-10T18:43:47+00:00\",\"dateModified\":\"2026-04-10T20:19:49+00:00\",\"breadcrumb\":{\"@id\":\"https:\\\/\\\/meriah.digitika.com\\\/?product=mozzarella-traditionnelle-meriah#breadcrumb\"},\"inLanguage\":\"en-US\",\"potentialAction\":[{\"@type\":\"ReadAction\",\"target\":[\"https:\\\/\\\/meriah.digitika.com\\\/?product=mozzarella-traditionnelle-meriah\"]}]},{\"@type\":\"ImageObject\",\"inLanguage\":\"en-US\",\"@id\":\"https:\\\/\\\/meriah.digitika.com\\\/?product=mozzarella-traditionnelle-meriah#primaryimage\",\"url\":\"https:\\\/\\\/meriah.digitika.com\\\/wp-content\\\/uploads\\\/2026\\\/04\\\/mozarella-traditionelle.jpg\",\"contentUrl\":\"https:\\\/\\\/meriah.digitika.com\\\/wp-content\\\/uploads\\\/2026\\\/04\\\/mozarella-traditionelle.jpg\",\"width\":370,\"height\":466},{\"@type\":\"BreadcrumbList\",\"@id\":\"https:\\\/\\\/meriah.digitika.com\\\/?product=mozzarella-traditionnelle-meriah#breadcrumb\",\"itemListElement\":[{\"@type\":\"ListItem\",\"position\":1,\"name\":\"Home\",\"item\":\"https:\\\/\\\/meriah.digitika.com\\\/\"},{\"@type\":\"ListItem\",\"position\":2,\"name\":\"Shop\",\"item\":\"https:\\\/\\\/meriah.digitika.com\\\/?page_id=84\"},{\"@type\":\"ListItem\",\"position\":3,\"name\":\"Mozzarella Traditionnelle Meriah\"}]},{\"@type\":\"WebSite\",\"@id\":\"https:\\\/\\\/meriah.digitika.com\\\/#website\",\"url\":\"https:\\\/\\\/meriah.digitika.com\\\/\",\"name\":\"Fromagerie Meriah\",\"description\":\"Cr\u00e9e en 1997, par Mr Lotfi Meriah, la fromagerie Meriah est connue par ses produits faits \u00e0 100% de lait de ferme, fabriqu\u00e9s par Tunifrom. \",\"publisher\":{\"@id\":\"https:\\\/\\\/meriah.digitika.com\\\/#organization\"},\"potentialAction\":[{\"@type\":\"SearchAction\",\"target\":{\"@type\":\"EntryPoint\",\"urlTemplate\":\"https:\\\/\\\/meriah.digitika.com\\\/?s={search_term_string}\"},\"query-input\":{\"@type\":\"PropertyValueSpecification\",\"valueRequired\":true,\"valueName\":\"search_term_string\"}}],\"inLanguage\":\"en-US\"},{\"@type\":\"Organization\",\"@id\":\"https:\\\/\\\/meriah.digitika.com\\\/#organization\",\"name\":\"Fromagerie Meriah\",\"url\":\"https:\\\/\\\/meriah.digitika.com\\\/\",\"logo\":{\"@type\":\"ImageObject\",\"inLanguage\":\"en-US\",\"@id\":\"https:\\\/\\\/meriah.digitika.com\\\/#\\\/schema\\\/logo\\\/image\\\/\",\"url\":\"https:\\\/\\\/meriah.digitika.com\\\/wp-content\\\/uploads\\\/2026\\\/04\\\/newyork-logo-1586819150.png\",\"contentUrl\":\"https:\\\/\\\/meriah.digitika.com\\\/wp-content\\\/uploads\\\/2026\\\/04\\\/newyork-logo-1586819150.png\",\"width\":842,\"height\":595,\"caption\":\"Fromagerie Meriah\"},\"image\":{\"@id\":\"https:\\\/\\\/meriah.digitika.com\\\/#\\\/schema\\\/logo\\\/image\\\/\"}}]}<\/script>\n<!-- \/ Yoast SEO plugin. -->","yoast_head_json":{"title":"Mozzarella Traditionnelle Meriah - Fromagerie Meriah","robots":{"index":"index","follow":"follow","max-snippet":"max-snippet:-1","max-image-preview":"max-image-preview:large","max-video-preview":"max-video-preview:-1"},"canonical":"https:\/\/meriah.digitika.com\/?product=mozzarella-traditionnelle-meriah","og_locale":"en_US","og_type":"article","og_title":"Mozzarella Traditionnelle Meriah - Fromagerie Meriah","og_description":"Mozzarella traditionnelle en bloc 1 kg \u2014 DLC : 60 jours.","og_url":"https:\/\/meriah.digitika.com\/?product=mozzarella-traditionnelle-meriah","og_site_name":"Fromagerie Meriah","article_modified_time":"2026-04-10T20:19:49+00:00","og_image":[{"width":370,"height":466,"url":"https:\/\/meriah.digitika.com\/wp-content\/uploads\/2026\/04\/mozarella-traditionelle.jpg","type":"image\/jpeg"}],"twitter_card":"summary_large_image","schema":{"@context":"https:\/\/schema.org","@graph":[{"@type":"WebPage","@id":"https:\/\/meriah.digitika.com\/?product=mozzarella-traditionnelle-meriah","url":"https:\/\/meriah.digitika.com\/?product=mozzarella-traditionnelle-meriah","name":"Mozzarella Traditionnelle Meriah - Fromagerie Meriah","isPartOf":{"@id":"https:\/\/meriah.digitika.com\/#website"},"primaryImageOfPage":{"@id":"https:\/\/meriah.digitika.com\/?product=mozzarella-traditionnelle-meriah#primaryimage"},"image":{"@id":"https:\/\/meriah.digitika.com\/?product=mozzarella-traditionnelle-meriah#primaryimage"},"thumbnailUrl":"https:\/\/meriah.digitika.com\/wp-content\/uploads\/2026\/04\/mozarella-traditionelle.jpg","datePublished":"2026-04-10T18:43:47+00:00","dateModified":"2026-04-10T20:19:49+00:00","breadcrumb":{"@id":"https:\/\/meriah.digitika.com\/?product=mozzarella-traditionnelle-meriah#breadcrumb"},"inLanguage":"en-US","potentialAction":[{"@type":"ReadAction","target":["https:\/\/meriah.digitika.com\/?product=mozzarella-traditionnelle-meriah"]}]},{"@type":"ImageObject","inLanguage":"en-US","@id":"https:\/\/meriah.digitika.com\/?product=mozzarella-traditionnelle-meriah#primaryimage","url":"https:\/\/meriah.digitika.com\/wp-content\/uploads\/2026\/04\/mozarella-traditionelle.jpg","contentUrl":"https:\/\/meriah.digitika.com\/wp-content\/uploads\/2026\/04\/mozarella-traditionelle.jpg","width":370,"height":466},{"@type":"BreadcrumbList","@id":"https:\/\/meriah.digitika.com\/?product=mozzarella-traditionnelle-meriah#breadcrumb","itemListElement":[{"@type":"ListItem","position":1,"name":"Home","item":"https:\/\/meriah.digitika.com\/"},{"@type":"ListItem","position":2,"name":"Shop","item":"https:\/\/meriah.digitika.com\/?page_id=84"},{"@type":"ListItem","position":3,"name":"Mozzarella Traditionnelle Meriah"}]},{"@type":"WebSite","@id":"https:\/\/meriah.digitika.com\/#website","url":"https:\/\/meriah.digitika.com\/","name":"Fromagerie Meriah","description":"Cr\u00e9e en 1997, par Mr Lotfi Meriah, la fromagerie Meriah est connue par ses produits faits \u00e0 100% de lait de ferme, fabriqu\u00e9s par Tunifrom. ","publisher":{"@id":"https:\/\/meriah.digitika.com\/#organization"},"potentialAction":[{"@type":"SearchAction","target":{"@type":"EntryPoint","urlTemplate":"https:\/\/meriah.digitika.com\/?s={search_term_string}"},"query-input":{"@type":"PropertyValueSpecification","valueRequired":true,"valueName":"search_term_string"}}],"inLanguage":"en-US"},{"@type":"Organization","@id":"https:\/\/meriah.digitika.com\/#organization","name":"Fromagerie Meriah","url":"https:\/\/meriah.digitika.com\/","logo":{"@type":"ImageObject","inLanguage":"en-US","@id":"https:\/\/meriah.digitika.com\/#\/schema\/logo\/image\/","url":"https:\/\/meriah.digitika.com\/wp-content\/uploads\/2026\/04\/newyork-logo-1586819150.png","contentUrl":"https:\/\/meriah.digitika.com\/wp-content\/uploads\/2026\/04\/newyork-logo-1586819150.png","width":842,"height":595,"caption":"Fromagerie Meriah"},"image":{"@id":"https:\/\/meriah.digitika.com\/#\/schema\/logo\/image\/"}}]}},"_links":{"self":[{"href":"https:\/\/meriah.digitika.com\/index.php?rest_route=\/wp\/v2\/product\/3351","targetHints":{"allow":["GET"]}}],"collection":[{"href":"https:\/\/meriah.digitika.com\/index.php?rest_route=\/wp\/v2\/product"}],"about":[{"href":"https:\/\/meriah.digitika.com\/index.php?rest_route=\/wp\/v2\/types\/product"}],"replies":[{"embeddable":true,"href":"https:\/\/meriah.digitika.com\/index.php?rest_route=%2Fwp%2Fv2%2Fcomments&post=3351"}],"wp:featuredmedia":[{"embeddable":true,"href":"https:\/\/meriah.digitika.com\/index.php?rest_route=\/wp\/v2\/media\/3350"}],"wp:attachment":[{"href":"https:\/\/meriah.digitika.com\/index.php?rest_route=%2Fwp%2Fv2%2Fmedia&parent=3351"}],"wp:term":[{"taxonomy":"product_brand","embeddable":true,"href":"https:\/\/meriah.digitika.com\/index.php?rest_route=%2Fwp%2Fv2%2Fproduct_brand&post=3351"},{"taxonomy":"product_cat","embeddable":true,"href":"https:\/\/meriah.digitika.com\/index.php?rest_route=%2Fwp%2Fv2%2Fproduct_cat&post=3351"},{"taxonomy":"product_tag","embeddable":true,"href":"https:\/\/meriah.digitika.com\/index.php?rest_route=%2Fwp%2Fv2%2Fproduct_tag&post=3351"}],"curies":[{"name":"wp","href":"https:\/\/api.w.org\/{rel}","templated":true}]}}