{"id":3387,"date":"2026-04-10T18:44:14","date_gmt":"2026-04-10T18:44:14","guid":{"rendered":"https:\/\/meriah.digitika.com\/?product=raieb-meriah"},"modified":"2026-04-10T19:49:07","modified_gmt":"2026-04-10T19:49:07","slug":"raieb-meriah","status":"publish","type":"product","link":"https:\/\/meriah.digitika.com\/?product=raieb-meriah","title":{"rendered":"Ra\u00efeb Meriah"},"content":{"rendered":"<p>Le Ra\u00efeb Meriah est un lait ferment\u00e9 pasteuris\u00e9, onctueux et l\u00e9g\u00e8rement acidul\u00e9, fid\u00e8le \u00e0 la tradition tunisienne. Fabriqu\u00e9 \u00e0 100% avec le lait de nos fermes. Format : 330 g. DLC : 28 jours.<\/p>\n","protected":false},"excerpt":{"rendered":"<p>Ra\u00efeb pasteuris\u00e9 330 g \u2014 DLC : 28 jours.<\/p>\n","protected":false},"featured_media":3403,"comment_status":"open","ping_status":"closed","template":"","meta":[],"product_brand":[],"product_cat":[138],"product_tag":[139],"class_list":{"0":"post-3387","1":"product","2":"type-product","3":"status-publish","4":"has-post-thumbnail","6":"product_cat-lait-fermente","7":"product_tag-raieblait-fermentetunisientraditionnelpasteurise","9":"first","10":"instock","11":"shipping-taxable","12":"purchasable","13":"product-type-simple"},"yoast_head":"<!-- This site is optimized with the Yoast SEO plugin v27.3 - https:\/\/yoast.com\/product\/yoast-seo-wordpress\/ -->\n<title>Ra\u00efeb Meriah - Fromagerie Meriah<\/title>\n<meta name=\"robots\" content=\"index, follow, max-snippet:-1, max-image-preview:large, max-video-preview:-1\" \/>\n<link rel=\"canonical\" href=\"https:\/\/meriah.digitika.com\/?product=raieb-meriah\" \/>\n<meta property=\"og:locale\" content=\"en_US\" \/>\n<meta property=\"og:type\" content=\"article\" \/>\n<meta property=\"og:title\" content=\"Ra\u00efeb Meriah - Fromagerie Meriah\" \/>\n<meta property=\"og:description\" content=\"Ra\u00efeb pasteuris\u00e9 330 g \u2014 DLC : 28 jours.\" \/>\n<meta property=\"og:url\" content=\"https:\/\/meriah.digitika.com\/?product=raieb-meriah\" \/>\n<meta property=\"og:site_name\" content=\"Fromagerie Meriah\" \/>\n<meta property=\"article:modified_time\" content=\"2026-04-10T19:49:07+00:00\" \/>\n<meta property=\"og:image\" content=\"https:\/\/meriah.digitika.com\/wp-content\/uploads\/2026\/04\/048A0008-scaled.jpg\" \/>\n\t<meta property=\"og:image:width\" content=\"1707\" \/>\n\t<meta property=\"og:image:height\" content=\"2560\" \/>\n\t<meta property=\"og:image:type\" content=\"image\/jpeg\" \/>\n<meta name=\"twitter:card\" content=\"summary_large_image\" \/>\n<meta name=\"twitter:label1\" content=\"Est. reading time\" \/>\n\t<meta name=\"twitter:data1\" content=\"1 minute\" \/>\n<script type=\"application\/ld+json\" class=\"yoast-schema-graph\">{\"@context\":\"https:\\\/\\\/schema.org\",\"@graph\":[{\"@type\":\"WebPage\",\"@id\":\"https:\\\/\\\/meriah.digitika.com\\\/?product=raieb-meriah\",\"url\":\"https:\\\/\\\/meriah.digitika.com\\\/?product=raieb-meriah\",\"name\":\"Ra\u00efeb Meriah - Fromagerie Meriah\",\"isPartOf\":{\"@id\":\"https:\\\/\\\/meriah.digitika.com\\\/#website\"},\"primaryImageOfPage\":{\"@id\":\"https:\\\/\\\/meriah.digitika.com\\\/?product=raieb-meriah#primaryimage\"},\"image\":{\"@id\":\"https:\\\/\\\/meriah.digitika.com\\\/?product=raieb-meriah#primaryimage\"},\"thumbnailUrl\":\"https:\\\/\\\/meriah.digitika.com\\\/wp-content\\\/uploads\\\/2026\\\/04\\\/048A0008-scaled.jpg\",\"datePublished\":\"2026-04-10T18:44:14+00:00\",\"dateModified\":\"2026-04-10T19:49:07+00:00\",\"breadcrumb\":{\"@id\":\"https:\\\/\\\/meriah.digitika.com\\\/?product=raieb-meriah#breadcrumb\"},\"inLanguage\":\"en-US\",\"potentialAction\":[{\"@type\":\"ReadAction\",\"target\":[\"https:\\\/\\\/meriah.digitika.com\\\/?product=raieb-meriah\"]}]},{\"@type\":\"ImageObject\",\"inLanguage\":\"en-US\",\"@id\":\"https:\\\/\\\/meriah.digitika.com\\\/?product=raieb-meriah#primaryimage\",\"url\":\"https:\\\/\\\/meriah.digitika.com\\\/wp-content\\\/uploads\\\/2026\\\/04\\\/048A0008-scaled.jpg\",\"contentUrl\":\"https:\\\/\\\/meriah.digitika.com\\\/wp-content\\\/uploads\\\/2026\\\/04\\\/048A0008-scaled.jpg\",\"width\":1707,\"height\":2560},{\"@type\":\"BreadcrumbList\",\"@id\":\"https:\\\/\\\/meriah.digitika.com\\\/?product=raieb-meriah#breadcrumb\",\"itemListElement\":[{\"@type\":\"ListItem\",\"position\":1,\"name\":\"Home\",\"item\":\"https:\\\/\\\/meriah.digitika.com\\\/\"},{\"@type\":\"ListItem\",\"position\":2,\"name\":\"Shop\",\"item\":\"https:\\\/\\\/meriah.digitika.com\\\/?page_id=84\"},{\"@type\":\"ListItem\",\"position\":3,\"name\":\"Ra\u00efeb Meriah\"}]},{\"@type\":\"WebSite\",\"@id\":\"https:\\\/\\\/meriah.digitika.com\\\/#website\",\"url\":\"https:\\\/\\\/meriah.digitika.com\\\/\",\"name\":\"Fromagerie Meriah\",\"description\":\"Cr\u00e9e en 1997, par Mr Lotfi Meriah, la fromagerie Meriah est connue par ses produits faits \u00e0 100% de lait de ferme, fabriqu\u00e9s par Tunifrom. \",\"publisher\":{\"@id\":\"https:\\\/\\\/meriah.digitika.com\\\/#organization\"},\"potentialAction\":[{\"@type\":\"SearchAction\",\"target\":{\"@type\":\"EntryPoint\",\"urlTemplate\":\"https:\\\/\\\/meriah.digitika.com\\\/?s={search_term_string}\"},\"query-input\":{\"@type\":\"PropertyValueSpecification\",\"valueRequired\":true,\"valueName\":\"search_term_string\"}}],\"inLanguage\":\"en-US\"},{\"@type\":\"Organization\",\"@id\":\"https:\\\/\\\/meriah.digitika.com\\\/#organization\",\"name\":\"Fromagerie Meriah\",\"url\":\"https:\\\/\\\/meriah.digitika.com\\\/\",\"logo\":{\"@type\":\"ImageObject\",\"inLanguage\":\"en-US\",\"@id\":\"https:\\\/\\\/meriah.digitika.com\\\/#\\\/schema\\\/logo\\\/image\\\/\",\"url\":\"https:\\\/\\\/meriah.digitika.com\\\/wp-content\\\/uploads\\\/2026\\\/04\\\/newyork-logo-1586819150.png\",\"contentUrl\":\"https:\\\/\\\/meriah.digitika.com\\\/wp-content\\\/uploads\\\/2026\\\/04\\\/newyork-logo-1586819150.png\",\"width\":842,\"height\":595,\"caption\":\"Fromagerie Meriah\"},\"image\":{\"@id\":\"https:\\\/\\\/meriah.digitika.com\\\/#\\\/schema\\\/logo\\\/image\\\/\"}}]}<\/script>\n<!-- \/ Yoast SEO plugin. -->","yoast_head_json":{"title":"Ra\u00efeb Meriah - Fromagerie Meriah","robots":{"index":"index","follow":"follow","max-snippet":"max-snippet:-1","max-image-preview":"max-image-preview:large","max-video-preview":"max-video-preview:-1"},"canonical":"https:\/\/meriah.digitika.com\/?product=raieb-meriah","og_locale":"en_US","og_type":"article","og_title":"Ra\u00efeb Meriah - Fromagerie Meriah","og_description":"Ra\u00efeb pasteuris\u00e9 330 g \u2014 DLC : 28 jours.","og_url":"https:\/\/meriah.digitika.com\/?product=raieb-meriah","og_site_name":"Fromagerie Meriah","article_modified_time":"2026-04-10T19:49:07+00:00","og_image":[{"width":1707,"height":2560,"url":"https:\/\/meriah.digitika.com\/wp-content\/uploads\/2026\/04\/048A0008-scaled.jpg","type":"image\/jpeg"}],"twitter_card":"summary_large_image","twitter_misc":{"Est. reading time":"1 minute"},"schema":{"@context":"https:\/\/schema.org","@graph":[{"@type":"WebPage","@id":"https:\/\/meriah.digitika.com\/?product=raieb-meriah","url":"https:\/\/meriah.digitika.com\/?product=raieb-meriah","name":"Ra\u00efeb Meriah - Fromagerie Meriah","isPartOf":{"@id":"https:\/\/meriah.digitika.com\/#website"},"primaryImageOfPage":{"@id":"https:\/\/meriah.digitika.com\/?product=raieb-meriah#primaryimage"},"image":{"@id":"https:\/\/meriah.digitika.com\/?product=raieb-meriah#primaryimage"},"thumbnailUrl":"https:\/\/meriah.digitika.com\/wp-content\/uploads\/2026\/04\/048A0008-scaled.jpg","datePublished":"2026-04-10T18:44:14+00:00","dateModified":"2026-04-10T19:49:07+00:00","breadcrumb":{"@id":"https:\/\/meriah.digitika.com\/?product=raieb-meriah#breadcrumb"},"inLanguage":"en-US","potentialAction":[{"@type":"ReadAction","target":["https:\/\/meriah.digitika.com\/?product=raieb-meriah"]}]},{"@type":"ImageObject","inLanguage":"en-US","@id":"https:\/\/meriah.digitika.com\/?product=raieb-meriah#primaryimage","url":"https:\/\/meriah.digitika.com\/wp-content\/uploads\/2026\/04\/048A0008-scaled.jpg","contentUrl":"https:\/\/meriah.digitika.com\/wp-content\/uploads\/2026\/04\/048A0008-scaled.jpg","width":1707,"height":2560},{"@type":"BreadcrumbList","@id":"https:\/\/meriah.digitika.com\/?product=raieb-meriah#breadcrumb","itemListElement":[{"@type":"ListItem","position":1,"name":"Home","item":"https:\/\/meriah.digitika.com\/"},{"@type":"ListItem","position":2,"name":"Shop","item":"https:\/\/meriah.digitika.com\/?page_id=84"},{"@type":"ListItem","position":3,"name":"Ra\u00efeb Meriah"}]},{"@type":"WebSite","@id":"https:\/\/meriah.digitika.com\/#website","url":"https:\/\/meriah.digitika.com\/","name":"Fromagerie Meriah","description":"Cr\u00e9e en 1997, par Mr Lotfi Meriah, la fromagerie Meriah est connue par ses produits faits \u00e0 100% de lait de ferme, fabriqu\u00e9s par Tunifrom. ","publisher":{"@id":"https:\/\/meriah.digitika.com\/#organization"},"potentialAction":[{"@type":"SearchAction","target":{"@type":"EntryPoint","urlTemplate":"https:\/\/meriah.digitika.com\/?s={search_term_string}"},"query-input":{"@type":"PropertyValueSpecification","valueRequired":true,"valueName":"search_term_string"}}],"inLanguage":"en-US"},{"@type":"Organization","@id":"https:\/\/meriah.digitika.com\/#organization","name":"Fromagerie Meriah","url":"https:\/\/meriah.digitika.com\/","logo":{"@type":"ImageObject","inLanguage":"en-US","@id":"https:\/\/meriah.digitika.com\/#\/schema\/logo\/image\/","url":"https:\/\/meriah.digitika.com\/wp-content\/uploads\/2026\/04\/newyork-logo-1586819150.png","contentUrl":"https:\/\/meriah.digitika.com\/wp-content\/uploads\/2026\/04\/newyork-logo-1586819150.png","width":842,"height":595,"caption":"Fromagerie Meriah"},"image":{"@id":"https:\/\/meriah.digitika.com\/#\/schema\/logo\/image\/"}}]}},"_links":{"self":[{"href":"https:\/\/meriah.digitika.com\/index.php?rest_route=\/wp\/v2\/product\/3387","targetHints":{"allow":["GET"]}}],"collection":[{"href":"https:\/\/meriah.digitika.com\/index.php?rest_route=\/wp\/v2\/product"}],"about":[{"href":"https:\/\/meriah.digitika.com\/index.php?rest_route=\/wp\/v2\/types\/product"}],"replies":[{"embeddable":true,"href":"https:\/\/meriah.digitika.com\/index.php?rest_route=%2Fwp%2Fv2%2Fcomments&post=3387"}],"wp:featuredmedia":[{"embeddable":true,"href":"https:\/\/meriah.digitika.com\/index.php?rest_route=\/wp\/v2\/media\/3403"}],"wp:attachment":[{"href":"https:\/\/meriah.digitika.com\/index.php?rest_route=%2Fwp%2Fv2%2Fmedia&parent=3387"}],"wp:term":[{"taxonomy":"product_brand","embeddable":true,"href":"https:\/\/meriah.digitika.com\/index.php?rest_route=%2Fwp%2Fv2%2Fproduct_brand&post=3387"},{"taxonomy":"product_cat","embeddable":true,"href":"https:\/\/meriah.digitika.com\/index.php?rest_route=%2Fwp%2Fv2%2Fproduct_cat&post=3387"},{"taxonomy":"product_tag","embeddable":true,"href":"https:\/\/meriah.digitika.com\/index.php?rest_route=%2Fwp%2Fv2%2Fproduct_tag&post=3387"}],"curies":[{"name":"wp","href":"https:\/\/api.w.org\/{rel}","templated":true}]}}