{"id":3390,"date":"2026-04-10T18:44:17","date_gmt":"2026-04-10T18:44:17","guid":{"rendered":"https:\/\/meriah.digitika.com\/?product=yaourt-brasse-aromatise-meriah"},"modified":"2026-04-10T18:44:17","modified_gmt":"2026-04-10T18:44:17","slug":"yaourt-brasse-aromatise-meriah","status":"publish","type":"product","link":"https:\/\/meriah.digitika.com\/?product=yaourt-brasse-aromatise-meriah","title":{"rendered":"Yaourt Brass\u00e9 Aromatis\u00e9 Meriah"},"content":{"rendered":"<p>Yaourt brass\u00e9 Meriah disponible en 5 saveurs : P\u00eache, Fraise, Vanille, Tropical et Light. Onctueux et savoureux, fabriqu\u00e9 \u00e0 partir du lait 100% de nos fermes. Format : 100 g. DLC : 28 jours.<\/p>\n","protected":false},"excerpt":{"rendered":"<p>Yaourt brass\u00e9 aromatis\u00e9 100 g \u2014 5 parfums \u2014 DLC : 28 jours.<\/p>\n","protected":false},"featured_media":0,"comment_status":"open","ping_status":"closed","template":"","meta":[],"product_brand":[],"product_cat":[138],"product_tag":[141],"class_list":{"0":"post-3390","1":"product","2":"type-product","3":"status-publish","5":"product_cat-lait-fermente","6":"product_tag-yaourtbrassepechefraisevanilletropicallight","8":"first","9":"instock","10":"shipping-taxable","11":"purchasable","12":"product-type-simple"},"yoast_head":"<!-- This site is optimized with the Yoast SEO plugin v27.3 - https:\/\/yoast.com\/product\/yoast-seo-wordpress\/ -->\n<title>Yaourt Brass\u00e9 Aromatis\u00e9 Meriah - Fromagerie Meriah<\/title>\n<meta name=\"robots\" content=\"index, follow, max-snippet:-1, max-image-preview:large, max-video-preview:-1\" \/>\n<link rel=\"canonical\" href=\"https:\/\/meriah.digitika.com\/?product=yaourt-brasse-aromatise-meriah\" \/>\n<meta property=\"og:locale\" content=\"en_US\" \/>\n<meta property=\"og:type\" content=\"article\" \/>\n<meta property=\"og:title\" content=\"Yaourt Brass\u00e9 Aromatis\u00e9 Meriah - Fromagerie Meriah\" \/>\n<meta property=\"og:description\" content=\"Yaourt brass\u00e9 aromatis\u00e9 100 g \u2014 5 parfums \u2014 DLC : 28 jours.\" \/>\n<meta property=\"og:url\" content=\"https:\/\/meriah.digitika.com\/?product=yaourt-brasse-aromatise-meriah\" \/>\n<meta property=\"og:site_name\" content=\"Fromagerie Meriah\" \/>\n<meta name=\"twitter:card\" content=\"summary_large_image\" \/>\n<script type=\"application\/ld+json\" class=\"yoast-schema-graph\">{\"@context\":\"https:\\\/\\\/schema.org\",\"@graph\":[{\"@type\":\"WebPage\",\"@id\":\"https:\\\/\\\/meriah.digitika.com\\\/?product=yaourt-brasse-aromatise-meriah\",\"url\":\"https:\\\/\\\/meriah.digitika.com\\\/?product=yaourt-brasse-aromatise-meriah\",\"name\":\"Yaourt Brass\u00e9 Aromatis\u00e9 Meriah - Fromagerie Meriah\",\"isPartOf\":{\"@id\":\"https:\\\/\\\/meriah.digitika.com\\\/#website\"},\"datePublished\":\"2026-04-10T18:44:17+00:00\",\"breadcrumb\":{\"@id\":\"https:\\\/\\\/meriah.digitika.com\\\/?product=yaourt-brasse-aromatise-meriah#breadcrumb\"},\"inLanguage\":\"en-US\",\"potentialAction\":[{\"@type\":\"ReadAction\",\"target\":[\"https:\\\/\\\/meriah.digitika.com\\\/?product=yaourt-brasse-aromatise-meriah\"]}]},{\"@type\":\"BreadcrumbList\",\"@id\":\"https:\\\/\\\/meriah.digitika.com\\\/?product=yaourt-brasse-aromatise-meriah#breadcrumb\",\"itemListElement\":[{\"@type\":\"ListItem\",\"position\":1,\"name\":\"Home\",\"item\":\"https:\\\/\\\/meriah.digitika.com\\\/\"},{\"@type\":\"ListItem\",\"position\":2,\"name\":\"Shop\",\"item\":\"https:\\\/\\\/meriah.digitika.com\\\/?page_id=84\"},{\"@type\":\"ListItem\",\"position\":3,\"name\":\"Yaourt Brass\u00e9 Aromatis\u00e9 Meriah\"}]},{\"@type\":\"WebSite\",\"@id\":\"https:\\\/\\\/meriah.digitika.com\\\/#website\",\"url\":\"https:\\\/\\\/meriah.digitika.com\\\/\",\"name\":\"Fromagerie Meriah\",\"description\":\"Cr\u00e9e en 1997, par Mr Lotfi Meriah, la fromagerie Meriah est connue par ses produits faits \u00e0 100% de lait de ferme, fabriqu\u00e9s par Tunifrom. \",\"publisher\":{\"@id\":\"https:\\\/\\\/meriah.digitika.com\\\/#organization\"},\"potentialAction\":[{\"@type\":\"SearchAction\",\"target\":{\"@type\":\"EntryPoint\",\"urlTemplate\":\"https:\\\/\\\/meriah.digitika.com\\\/?s={search_term_string}\"},\"query-input\":{\"@type\":\"PropertyValueSpecification\",\"valueRequired\":true,\"valueName\":\"search_term_string\"}}],\"inLanguage\":\"en-US\"},{\"@type\":\"Organization\",\"@id\":\"https:\\\/\\\/meriah.digitika.com\\\/#organization\",\"name\":\"Fromagerie Meriah\",\"url\":\"https:\\\/\\\/meriah.digitika.com\\\/\",\"logo\":{\"@type\":\"ImageObject\",\"inLanguage\":\"en-US\",\"@id\":\"https:\\\/\\\/meriah.digitika.com\\\/#\\\/schema\\\/logo\\\/image\\\/\",\"url\":\"https:\\\/\\\/meriah.digitika.com\\\/wp-content\\\/uploads\\\/2026\\\/04\\\/newyork-logo-1586819150.png\",\"contentUrl\":\"https:\\\/\\\/meriah.digitika.com\\\/wp-content\\\/uploads\\\/2026\\\/04\\\/newyork-logo-1586819150.png\",\"width\":842,\"height\":595,\"caption\":\"Fromagerie Meriah\"},\"image\":{\"@id\":\"https:\\\/\\\/meriah.digitika.com\\\/#\\\/schema\\\/logo\\\/image\\\/\"}}]}<\/script>\n<!-- \/ Yoast SEO plugin. -->","yoast_head_json":{"title":"Yaourt Brass\u00e9 Aromatis\u00e9 Meriah - Fromagerie Meriah","robots":{"index":"index","follow":"follow","max-snippet":"max-snippet:-1","max-image-preview":"max-image-preview:large","max-video-preview":"max-video-preview:-1"},"canonical":"https:\/\/meriah.digitika.com\/?product=yaourt-brasse-aromatise-meriah","og_locale":"en_US","og_type":"article","og_title":"Yaourt Brass\u00e9 Aromatis\u00e9 Meriah - Fromagerie Meriah","og_description":"Yaourt brass\u00e9 aromatis\u00e9 100 g \u2014 5 parfums \u2014 DLC : 28 jours.","og_url":"https:\/\/meriah.digitika.com\/?product=yaourt-brasse-aromatise-meriah","og_site_name":"Fromagerie Meriah","twitter_card":"summary_large_image","schema":{"@context":"https:\/\/schema.org","@graph":[{"@type":"WebPage","@id":"https:\/\/meriah.digitika.com\/?product=yaourt-brasse-aromatise-meriah","url":"https:\/\/meriah.digitika.com\/?product=yaourt-brasse-aromatise-meriah","name":"Yaourt Brass\u00e9 Aromatis\u00e9 Meriah - Fromagerie Meriah","isPartOf":{"@id":"https:\/\/meriah.digitika.com\/#website"},"datePublished":"2026-04-10T18:44:17+00:00","breadcrumb":{"@id":"https:\/\/meriah.digitika.com\/?product=yaourt-brasse-aromatise-meriah#breadcrumb"},"inLanguage":"en-US","potentialAction":[{"@type":"ReadAction","target":["https:\/\/meriah.digitika.com\/?product=yaourt-brasse-aromatise-meriah"]}]},{"@type":"BreadcrumbList","@id":"https:\/\/meriah.digitika.com\/?product=yaourt-brasse-aromatise-meriah#breadcrumb","itemListElement":[{"@type":"ListItem","position":1,"name":"Home","item":"https:\/\/meriah.digitika.com\/"},{"@type":"ListItem","position":2,"name":"Shop","item":"https:\/\/meriah.digitika.com\/?page_id=84"},{"@type":"ListItem","position":3,"name":"Yaourt Brass\u00e9 Aromatis\u00e9 Meriah"}]},{"@type":"WebSite","@id":"https:\/\/meriah.digitika.com\/#website","url":"https:\/\/meriah.digitika.com\/","name":"Fromagerie Meriah","description":"Cr\u00e9e en 1997, par Mr Lotfi Meriah, la fromagerie Meriah est connue par ses produits faits \u00e0 100% de lait de ferme, fabriqu\u00e9s par Tunifrom. ","publisher":{"@id":"https:\/\/meriah.digitika.com\/#organization"},"potentialAction":[{"@type":"SearchAction","target":{"@type":"EntryPoint","urlTemplate":"https:\/\/meriah.digitika.com\/?s={search_term_string}"},"query-input":{"@type":"PropertyValueSpecification","valueRequired":true,"valueName":"search_term_string"}}],"inLanguage":"en-US"},{"@type":"Organization","@id":"https:\/\/meriah.digitika.com\/#organization","name":"Fromagerie Meriah","url":"https:\/\/meriah.digitika.com\/","logo":{"@type":"ImageObject","inLanguage":"en-US","@id":"https:\/\/meriah.digitika.com\/#\/schema\/logo\/image\/","url":"https:\/\/meriah.digitika.com\/wp-content\/uploads\/2026\/04\/newyork-logo-1586819150.png","contentUrl":"https:\/\/meriah.digitika.com\/wp-content\/uploads\/2026\/04\/newyork-logo-1586819150.png","width":842,"height":595,"caption":"Fromagerie Meriah"},"image":{"@id":"https:\/\/meriah.digitika.com\/#\/schema\/logo\/image\/"}}]}},"_links":{"self":[{"href":"https:\/\/meriah.digitika.com\/index.php?rest_route=\/wp\/v2\/product\/3390","targetHints":{"allow":["GET"]}}],"collection":[{"href":"https:\/\/meriah.digitika.com\/index.php?rest_route=\/wp\/v2\/product"}],"about":[{"href":"https:\/\/meriah.digitika.com\/index.php?rest_route=\/wp\/v2\/types\/product"}],"replies":[{"embeddable":true,"href":"https:\/\/meriah.digitika.com\/index.php?rest_route=%2Fwp%2Fv2%2Fcomments&post=3390"}],"wp:attachment":[{"href":"https:\/\/meriah.digitika.com\/index.php?rest_route=%2Fwp%2Fv2%2Fmedia&parent=3390"}],"wp:term":[{"taxonomy":"product_brand","embeddable":true,"href":"https:\/\/meriah.digitika.com\/index.php?rest_route=%2Fwp%2Fv2%2Fproduct_brand&post=3390"},{"taxonomy":"product_cat","embeddable":true,"href":"https:\/\/meriah.digitika.com\/index.php?rest_route=%2Fwp%2Fv2%2Fproduct_cat&post=3390"},{"taxonomy":"product_tag","embeddable":true,"href":"https:\/\/meriah.digitika.com\/index.php?rest_route=%2Fwp%2Fv2%2Fproduct_tag&post=3390"}],"curies":[{"name":"wp","href":"https:\/\/api.w.org\/{rel}","templated":true}]}}