{"id":3392,"date":"2026-04-10T18:44:21","date_gmt":"2026-04-10T18:44:21","guid":{"rendered":"https:\/\/meriah.digitika.com\/?product=plateau-apero-meriah"},"modified":"2026-04-10T19:52:42","modified_gmt":"2026-04-10T19:52:42","slug":"plateau-apero-meriah","status":"publish","type":"product","link":"https:\/\/meriah.digitika.com\/?product=plateau-apero-meriah","title":{"rendered":"Plateau Ap\u00e9ro Meriah"},"content":{"rendered":"<p>Le Plateau Ap\u00e9ro Meriah rassemble une s\u00e9lection de fromages pour vos moments de convivialit\u00e9 : Fromage Compagne, Amir, Sicilien Cuit, Fromage aux Piments Rouges et Mozzarella Stretch Fum\u00e9e. Composition d\u00e9taill\u00e9e : 220-250 g de chaque fromage + 150 g Mozzarella Stretch Fum\u00e9e. Poids total : environ 1,1 kg.<\/p>\n","protected":false},"excerpt":{"rendered":"<p>Plateau ap\u00e9ro pr\u00eat \u00e0 servir \u2014 1,2 kg \u2014 64 TND.<\/p>\n","protected":false},"featured_media":3391,"comment_status":"open","ping_status":"closed","template":"","meta":[],"product_brand":[],"product_cat":[142],"product_tag":[143],"class_list":{"0":"post-3392","1":"product","2":"type-product","3":"status-publish","4":"has-post-thumbnail","6":"product_cat-les-plateaux","7":"product_tag-plateau-aperoaperitifselectionpret-a-servir","9":"first","10":"instock","11":"featured","12":"shipping-taxable","13":"purchasable","14":"product-type-simple"},"yoast_head":"<!-- This site is optimized with the Yoast SEO plugin v27.3 - https:\/\/yoast.com\/product\/yoast-seo-wordpress\/ -->\n<title>Plateau Ap\u00e9ro Meriah - Fromagerie Meriah<\/title>\n<meta name=\"robots\" content=\"index, follow, max-snippet:-1, max-image-preview:large, max-video-preview:-1\" \/>\n<link rel=\"canonical\" href=\"https:\/\/meriah.digitika.com\/?product=plateau-apero-meriah\" \/>\n<meta property=\"og:locale\" content=\"en_US\" \/>\n<meta property=\"og:type\" content=\"article\" \/>\n<meta property=\"og:title\" content=\"Plateau Ap\u00e9ro Meriah - Fromagerie Meriah\" \/>\n<meta property=\"og:description\" content=\"Plateau ap\u00e9ro pr\u00eat \u00e0 servir \u2014 1,2 kg \u2014 64 TND.\" \/>\n<meta property=\"og:url\" content=\"https:\/\/meriah.digitika.com\/?product=plateau-apero-meriah\" \/>\n<meta property=\"og:site_name\" content=\"Fromagerie Meriah\" \/>\n<meta property=\"article:modified_time\" content=\"2026-04-10T19:52:42+00:00\" \/>\n<meta property=\"og:image\" content=\"https:\/\/meriah.digitika.com\/wp-content\/uploads\/2026\/04\/plateau-62.png\" \/>\n\t<meta property=\"og:image:width\" content=\"370\" \/>\n\t<meta property=\"og:image:height\" content=\"466\" \/>\n\t<meta property=\"og:image:type\" content=\"image\/png\" \/>\n<meta name=\"twitter:card\" content=\"summary_large_image\" \/>\n<meta name=\"twitter:label1\" content=\"Est. reading time\" \/>\n\t<meta name=\"twitter:data1\" content=\"1 minute\" \/>\n<script type=\"application\/ld+json\" class=\"yoast-schema-graph\">{\"@context\":\"https:\\\/\\\/schema.org\",\"@graph\":[{\"@type\":\"WebPage\",\"@id\":\"https:\\\/\\\/meriah.digitika.com\\\/?product=plateau-apero-meriah\",\"url\":\"https:\\\/\\\/meriah.digitika.com\\\/?product=plateau-apero-meriah\",\"name\":\"Plateau Ap\u00e9ro Meriah - Fromagerie Meriah\",\"isPartOf\":{\"@id\":\"https:\\\/\\\/meriah.digitika.com\\\/#website\"},\"primaryImageOfPage\":{\"@id\":\"https:\\\/\\\/meriah.digitika.com\\\/?product=plateau-apero-meriah#primaryimage\"},\"image\":{\"@id\":\"https:\\\/\\\/meriah.digitika.com\\\/?product=plateau-apero-meriah#primaryimage\"},\"thumbnailUrl\":\"https:\\\/\\\/meriah.digitika.com\\\/wp-content\\\/uploads\\\/2026\\\/04\\\/plateau-62.png\",\"datePublished\":\"2026-04-10T18:44:21+00:00\",\"dateModified\":\"2026-04-10T19:52:42+00:00\",\"breadcrumb\":{\"@id\":\"https:\\\/\\\/meriah.digitika.com\\\/?product=plateau-apero-meriah#breadcrumb\"},\"inLanguage\":\"en-US\",\"potentialAction\":[{\"@type\":\"ReadAction\",\"target\":[\"https:\\\/\\\/meriah.digitika.com\\\/?product=plateau-apero-meriah\"]}]},{\"@type\":\"ImageObject\",\"inLanguage\":\"en-US\",\"@id\":\"https:\\\/\\\/meriah.digitika.com\\\/?product=plateau-apero-meriah#primaryimage\",\"url\":\"https:\\\/\\\/meriah.digitika.com\\\/wp-content\\\/uploads\\\/2026\\\/04\\\/plateau-62.png\",\"contentUrl\":\"https:\\\/\\\/meriah.digitika.com\\\/wp-content\\\/uploads\\\/2026\\\/04\\\/plateau-62.png\",\"width\":370,\"height\":466},{\"@type\":\"BreadcrumbList\",\"@id\":\"https:\\\/\\\/meriah.digitika.com\\\/?product=plateau-apero-meriah#breadcrumb\",\"itemListElement\":[{\"@type\":\"ListItem\",\"position\":1,\"name\":\"Home\",\"item\":\"https:\\\/\\\/meriah.digitika.com\\\/\"},{\"@type\":\"ListItem\",\"position\":2,\"name\":\"Shop\",\"item\":\"https:\\\/\\\/meriah.digitika.com\\\/?page_id=84\"},{\"@type\":\"ListItem\",\"position\":3,\"name\":\"Plateau Ap\u00e9ro Meriah\"}]},{\"@type\":\"WebSite\",\"@id\":\"https:\\\/\\\/meriah.digitika.com\\\/#website\",\"url\":\"https:\\\/\\\/meriah.digitika.com\\\/\",\"name\":\"Fromagerie Meriah\",\"description\":\"Cr\u00e9e en 1997, par Mr Lotfi Meriah, la fromagerie Meriah est connue par ses produits faits \u00e0 100% de lait de ferme, fabriqu\u00e9s par Tunifrom. \",\"publisher\":{\"@id\":\"https:\\\/\\\/meriah.digitika.com\\\/#organization\"},\"potentialAction\":[{\"@type\":\"SearchAction\",\"target\":{\"@type\":\"EntryPoint\",\"urlTemplate\":\"https:\\\/\\\/meriah.digitika.com\\\/?s={search_term_string}\"},\"query-input\":{\"@type\":\"PropertyValueSpecification\",\"valueRequired\":true,\"valueName\":\"search_term_string\"}}],\"inLanguage\":\"en-US\"},{\"@type\":\"Organization\",\"@id\":\"https:\\\/\\\/meriah.digitika.com\\\/#organization\",\"name\":\"Fromagerie Meriah\",\"url\":\"https:\\\/\\\/meriah.digitika.com\\\/\",\"logo\":{\"@type\":\"ImageObject\",\"inLanguage\":\"en-US\",\"@id\":\"https:\\\/\\\/meriah.digitika.com\\\/#\\\/schema\\\/logo\\\/image\\\/\",\"url\":\"https:\\\/\\\/meriah.digitika.com\\\/wp-content\\\/uploads\\\/2026\\\/04\\\/newyork-logo-1586819150.png\",\"contentUrl\":\"https:\\\/\\\/meriah.digitika.com\\\/wp-content\\\/uploads\\\/2026\\\/04\\\/newyork-logo-1586819150.png\",\"width\":842,\"height\":595,\"caption\":\"Fromagerie Meriah\"},\"image\":{\"@id\":\"https:\\\/\\\/meriah.digitika.com\\\/#\\\/schema\\\/logo\\\/image\\\/\"}}]}<\/script>\n<!-- \/ Yoast SEO plugin. -->","yoast_head_json":{"title":"Plateau Ap\u00e9ro Meriah - Fromagerie Meriah","robots":{"index":"index","follow":"follow","max-snippet":"max-snippet:-1","max-image-preview":"max-image-preview:large","max-video-preview":"max-video-preview:-1"},"canonical":"https:\/\/meriah.digitika.com\/?product=plateau-apero-meriah","og_locale":"en_US","og_type":"article","og_title":"Plateau Ap\u00e9ro Meriah - Fromagerie Meriah","og_description":"Plateau ap\u00e9ro pr\u00eat \u00e0 servir \u2014 1,2 kg \u2014 64 TND.","og_url":"https:\/\/meriah.digitika.com\/?product=plateau-apero-meriah","og_site_name":"Fromagerie Meriah","article_modified_time":"2026-04-10T19:52:42+00:00","og_image":[{"width":370,"height":466,"url":"https:\/\/meriah.digitika.com\/wp-content\/uploads\/2026\/04\/plateau-62.png","type":"image\/png"}],"twitter_card":"summary_large_image","twitter_misc":{"Est. reading time":"1 minute"},"schema":{"@context":"https:\/\/schema.org","@graph":[{"@type":"WebPage","@id":"https:\/\/meriah.digitika.com\/?product=plateau-apero-meriah","url":"https:\/\/meriah.digitika.com\/?product=plateau-apero-meriah","name":"Plateau Ap\u00e9ro Meriah - Fromagerie Meriah","isPartOf":{"@id":"https:\/\/meriah.digitika.com\/#website"},"primaryImageOfPage":{"@id":"https:\/\/meriah.digitika.com\/?product=plateau-apero-meriah#primaryimage"},"image":{"@id":"https:\/\/meriah.digitika.com\/?product=plateau-apero-meriah#primaryimage"},"thumbnailUrl":"https:\/\/meriah.digitika.com\/wp-content\/uploads\/2026\/04\/plateau-62.png","datePublished":"2026-04-10T18:44:21+00:00","dateModified":"2026-04-10T19:52:42+00:00","breadcrumb":{"@id":"https:\/\/meriah.digitika.com\/?product=plateau-apero-meriah#breadcrumb"},"inLanguage":"en-US","potentialAction":[{"@type":"ReadAction","target":["https:\/\/meriah.digitika.com\/?product=plateau-apero-meriah"]}]},{"@type":"ImageObject","inLanguage":"en-US","@id":"https:\/\/meriah.digitika.com\/?product=plateau-apero-meriah#primaryimage","url":"https:\/\/meriah.digitika.com\/wp-content\/uploads\/2026\/04\/plateau-62.png","contentUrl":"https:\/\/meriah.digitika.com\/wp-content\/uploads\/2026\/04\/plateau-62.png","width":370,"height":466},{"@type":"BreadcrumbList","@id":"https:\/\/meriah.digitika.com\/?product=plateau-apero-meriah#breadcrumb","itemListElement":[{"@type":"ListItem","position":1,"name":"Home","item":"https:\/\/meriah.digitika.com\/"},{"@type":"ListItem","position":2,"name":"Shop","item":"https:\/\/meriah.digitika.com\/?page_id=84"},{"@type":"ListItem","position":3,"name":"Plateau Ap\u00e9ro Meriah"}]},{"@type":"WebSite","@id":"https:\/\/meriah.digitika.com\/#website","url":"https:\/\/meriah.digitika.com\/","name":"Fromagerie Meriah","description":"Cr\u00e9e en 1997, par Mr Lotfi Meriah, la fromagerie Meriah est connue par ses produits faits \u00e0 100% de lait de ferme, fabriqu\u00e9s par Tunifrom. ","publisher":{"@id":"https:\/\/meriah.digitika.com\/#organization"},"potentialAction":[{"@type":"SearchAction","target":{"@type":"EntryPoint","urlTemplate":"https:\/\/meriah.digitika.com\/?s={search_term_string}"},"query-input":{"@type":"PropertyValueSpecification","valueRequired":true,"valueName":"search_term_string"}}],"inLanguage":"en-US"},{"@type":"Organization","@id":"https:\/\/meriah.digitika.com\/#organization","name":"Fromagerie Meriah","url":"https:\/\/meriah.digitika.com\/","logo":{"@type":"ImageObject","inLanguage":"en-US","@id":"https:\/\/meriah.digitika.com\/#\/schema\/logo\/image\/","url":"https:\/\/meriah.digitika.com\/wp-content\/uploads\/2026\/04\/newyork-logo-1586819150.png","contentUrl":"https:\/\/meriah.digitika.com\/wp-content\/uploads\/2026\/04\/newyork-logo-1586819150.png","width":842,"height":595,"caption":"Fromagerie Meriah"},"image":{"@id":"https:\/\/meriah.digitika.com\/#\/schema\/logo\/image\/"}}]}},"_links":{"self":[{"href":"https:\/\/meriah.digitika.com\/index.php?rest_route=\/wp\/v2\/product\/3392","targetHints":{"allow":["GET"]}}],"collection":[{"href":"https:\/\/meriah.digitika.com\/index.php?rest_route=\/wp\/v2\/product"}],"about":[{"href":"https:\/\/meriah.digitika.com\/index.php?rest_route=\/wp\/v2\/types\/product"}],"replies":[{"embeddable":true,"href":"https:\/\/meriah.digitika.com\/index.php?rest_route=%2Fwp%2Fv2%2Fcomments&post=3392"}],"wp:featuredmedia":[{"embeddable":true,"href":"https:\/\/meriah.digitika.com\/index.php?rest_route=\/wp\/v2\/media\/3391"}],"wp:attachment":[{"href":"https:\/\/meriah.digitika.com\/index.php?rest_route=%2Fwp%2Fv2%2Fmedia&parent=3392"}],"wp:term":[{"taxonomy":"product_brand","embeddable":true,"href":"https:\/\/meriah.digitika.com\/index.php?rest_route=%2Fwp%2Fv2%2Fproduct_brand&post=3392"},{"taxonomy":"product_cat","embeddable":true,"href":"https:\/\/meriah.digitika.com\/index.php?rest_route=%2Fwp%2Fv2%2Fproduct_cat&post=3392"},{"taxonomy":"product_tag","embeddable":true,"href":"https:\/\/meriah.digitika.com\/index.php?rest_route=%2Fwp%2Fv2%2Fproduct_tag&post=3392"}],"curies":[{"name":"wp","href":"https:\/\/api.w.org\/{rel}","templated":true}]}}